{"id":1213,"date":"2025-05-27T08:44:33","date_gmt":"2025-05-27T06:44:33","guid":{"rendered":"https:\/\/www.o2c2.eu\/augmenter-lefficacite-et-lefficience\/"},"modified":"2025-08-05T11:23:08","modified_gmt":"2025-08-05T09:23:08","slug":"augmenter-lefficacite-et-lefficience","status":"publish","type":"page","link":"https:\/\/www.o2c2.eu\/fr\/organisations\/solutions\/methodes-de-travail-plus-efficaces\/augmenter-lefficacite-et-lefficience\/","title":{"rendered":"Augmenter l&rsquo;efficacit\u00e9 et l&rsquo;efficience"},"content":{"rendered":"<section class=\"l-section wpb_row us_custom_4f6dc046 height_medium\"><div class=\"l-section-h i-cf\"><div class=\"g-cols vc_row via_flex valign_middle type_default stacking_default\" style=\"--additional-gap:15px;\"><div class=\"vc_col-sm-3\/5 wpb_column vc_column_container bgleft has_bg_color\"><div class=\"vc_column-inner us_custom_39855eab\"><div class=\"wpb_wrapper\"><nav class=\"g-breadcrumbs us_custom_c0e1b93e has_text_color separator_icon align_none\" itemscope itemtype=\"http:\/\/schema.org\/BreadcrumbList\"><div class=\"g-breadcrumbs-item\" itemscope itemprop=\"itemListElement\" itemtype=\"http:\/\/schema.org\/ListItem\"><a itemprop=\"item\" href=\"https:\/\/www.o2c2.eu\/fr\/\"><span itemprop=\"name\">Accueil<\/span><\/a><meta itemprop=\"position\" content=\"1\"\/><\/div><div class=\"g-breadcrumbs-separator\"><i class=\"far fa-chevron-right\"><\/i><\/div><div class=\"g-breadcrumbs-item\">Pages<\/div><\/nav><div class=\"w-separator size_small\"><\/div><div class=\"wpb_text_column us_custom_2a495adc has_text_color\"><div class=\"wpb_wrapper\"><h1>Augmenter l&rsquo;efficacit\u00e9 et l&rsquo;efficience<\/h1>\n<\/div><\/div><div class=\"wpb_text_column us_custom_b860ca69 has_text_color\"><div class=\"wpb_wrapper\"><p>L&rsquo;augmentation de l&rsquo;efficacit\u00e9 et de l&rsquo;efficience est une base essentielle pour les organisations modernes qui s&rsquo;efforcent d&rsquo;am\u00e9liorer leurs performances. Les \u00e9quipes obtiennent des r\u00e9sultats manifestement meilleurs lorsqu&rsquo;elles utilisent de mani\u00e8re consciente et productive leurs diff\u00e9rences mutuelles en mati\u00e8re de styles de travail, de comp\u00e9tences et de perspectives. Cette diversit\u00e9 permet aux organisations de travailler non seulement plus rapidement mais aussi de mani\u00e8re plus qualitative, notamment face \u00e0 des d\u00e9fis complexes. En comprenant et en valorisant les diff\u00e9rents styles de travail, les \u00e9quipes peuvent utiliser au mieux les ressources et les talents dont elles disposent, ce qui permet d&rsquo;am\u00e9liorer les performances au niveau individuel et collectif.<\/p>\n<\/div><\/div><div class=\"w-hwrapper us_custom_970d6b3e valign_middle wrap default_align_right laptops_align_right tablets_align_right mobiles_align_none\" style=\"--hwrapper-gap:0.4rem\"><div class=\"w-btn-wrapper align_none hide_on_mobiles\"><a class=\"w-btn us-btn-style_3\" href=\"https:\/\/www.o2c2.eu\/contact\/\"><span class=\"w-btn-label\">Contact<\/span><\/a><\/div><div class=\"w-btn-wrapper align_none\"><a class=\"w-btn us-btn-style_2\" href=\"https:\/\/www.o2c2.eu\/maak-een-afspraak\/\"><span class=\"w-btn-label\">Prends rendez-vous<\/span><\/a><\/div><\/div><\/div><\/div><\/div><div class=\"vc_col-sm-2\/5 wpb_column vc_column_container imgtopleftradius has_bg_color stretched\"><div class=\"vc_column-inner us_custom_a71ec01f\"><div class=\"wpb_wrapper\"><\/div><\/div><\/div><\/div><\/div><\/section><section class=\"l-section wpb_row us_custom_13070f23 height_large\"><div class=\"l-section-h i-cf\"><div class=\"g-cols vc_row via_flex valign_bottom type_default stacking_default\"><div class=\"vc_col-sm-6 wpb_column vc_column_container\"><div class=\"vc_column-inner\"><div class=\"wpb_wrapper\"><div class=\"wpb_text_column\"><div class=\"wpb_wrapper\"><h6>Enracin\u00e9<\/h6>\n<\/div><\/div><div class=\"wpb_text_column\"><div class=\"wpb_wrapper\"><h2>Fondements scientifiques<\/h2>\n<\/div><\/div><\/div><\/div><\/div><div class=\"vc_col-sm-6 wpb_column vc_column_container\"><div class=\"vc_column-inner\"><div class=\"wpb_wrapper\"><div class=\"wpb_text_column\"><div class=\"wpb_wrapper\"><p>Dans le paysage commercial actuel, o\u00f9 le travail hybride et les changements rapides sont devenus la norme, les organisations sont \u00e0 la recherche d&rsquo;outils efficaces pour renforcer les performances des \u00e9quipes. Ici, VIEW se distingue comme un outil d&rsquo;\u00e9valuation puissant qui r\u00e9pond sp\u00e9cifiquement aux d\u00e9fis de notre \u00e9poque. Avec son fondement scientifique, son applicabilit\u00e9 flexible et son impact imm\u00e9diat, VIEW offre des solutions concr\u00e8tes pour am\u00e9liorer la dynamique d&rsquo;\u00e9quipe et la performance organisationnelle. En se concentrant sur la fa\u00e7on dont les gens sont productifs plut\u00f4t que sur leurs performances, VIEW cr\u00e9e un environnement inclusif o\u00f9 les diff\u00e9rences se transforment en r\u00e9sultats mesurables.<\/p>\n<ul>\n<li>Une base th\u00e9orique profond\u00e9ment ancr\u00e9e<\/li>\n<li>Une application flexible<\/li>\n<li>Application pratique imm\u00e9diate de VIEW en \u00e9quipe<\/li>\n<\/ul>\n<\/div><\/div><\/div><\/div><\/div><\/div><\/div><\/section><section class=\"l-section wpb_row us_custom_e11ab399 moreinfoblock height_large\"><div class=\"l-section-h i-cf\"><div class=\"g-cols vc_row via_flex valign_top type_default stacking_default\" style=\"--additional-gap:15px;\"><div class=\"vc_col-sm-3\/5 wpb_column vc_column_container\"><div class=\"vc_column-inner us_custom_769b110d\"><div class=\"wpb_wrapper\"><div class=\"wpb_text_column\"><div class=\"wpb_wrapper\"><h6>VIEW<\/h6>\n<\/div><\/div><div class=\"wpb_text_column\"><div class=\"wpb_wrapper\"><h2>VIEW : Trois forces uniques pour l&rsquo;excellence organisationnelle<\/h2>\n<\/div><\/div><div class=\"w-separator size_small\"><\/div><div class=\"wpb_text_column\"><div class=\"wpb_wrapper\"><p>La force de VIEW r\u00e9side dans trois caract\u00e9ristiques uniques qui distinguent l&rsquo;outil des autres m\u00e9thodologies de d\u00e9veloppement d&rsquo;\u00e9quipe et d&rsquo;am\u00e9lioration organisationnelle. Ces caract\u00e9ristiques - un fondement th\u00e9orique profond\u00e9ment ancr\u00e9, une applicabilit\u00e9 flexible et une mise en \u0153uvre pratique imm\u00e9diate - se combinent pour former une base puissante pour les organisations qui s&rsquo;efforcent d&rsquo;obtenir de meilleures performances d&rsquo;\u00e9quipe et une collaboration plus efficace.<\/p>\n<ul>\n<li><strong>Un fondement scientifique avec une approche neutre<\/strong><br \/>\nVIEW se distingue par une combinaison unique de profondeur scientifique et d&rsquo;approche neutre. Bas\u00e9 sur plus de 40 ans de recherche sur les styles de r\u00e9solution de probl\u00e8mes, il se concentre non pas sur le niveau de performance d&rsquo;une personne, mais sur la fa\u00e7on dont les gens sont productifs. Cet accent mis sur le style plut\u00f4t que sur le niveau cr\u00e9e un environnement inclusif o\u00f9 toutes les fa\u00e7ons de travailler sont valoris\u00e9es et peuvent \u00eatre utilis\u00e9es de mani\u00e8re productive.<\/li>\n<li><strong>Int\u00e9gration transparente aux m\u00e9thodes de travail existantes<\/strong><br \/>\nVIEW offre une flexibilit\u00e9 unique en n&rsquo;\u00e9tant pas li\u00e9 \u00e0 un mod\u00e8le sp\u00e9cifique de r\u00e9solution de probl\u00e8mes. Cette caract\u00e9ristique permet aux organisations d&rsquo;int\u00e9grer sans effort le cadre \u00e0 leurs processus et m\u00e9thodologies existants, ce qui permet aux \u00e9quipes de b\u00e9n\u00e9ficier directement des id\u00e9es sans avoir \u00e0 modifier radicalement leurs m\u00e9thodes de travail.<\/li>\n<li><strong>Impact imm\u00e9diat et mesurable sur les performances de l&rsquo;\u00e9quipe<\/strong><br \/>\nL&rsquo;applicabilit\u00e9 pratique de VIEW garantit des r\u00e9sultats imm\u00e9diats en mati\u00e8re de d\u00e9veloppement de l&rsquo;\u00e9quipe. En fournissant aux \u00e9quipes un langage commun et positif pour d\u00e9crire et valoriser les diff\u00e9rences mutuelles, VIEW cr\u00e9e instantan\u00e9ment une base pour une collaboration plus efficace. Cette approche conduit \u00e0 des am\u00e9liorations mesurables des performances de l&rsquo;\u00e9quipe, en transformant les diff\u00e9rences en forces qui contribuent \u00e0 de meilleurs r\u00e9sultats.<\/li>\n<\/ul>\n<\/div><\/div><\/div><\/div><\/div><div class=\"vc_col-sm-2\/5 wpb_column vc_column_container iconrotation has_bg_color\"><div class=\"vc_column-inner us_custom_b90039b2 type_sticky\"><div class=\"wpb_wrapper\"><div class=\"w-iconbox us_custom_2a495adc has_text_color iconpos_left style_outlined color_custom align_none no_text\"><div class=\"w-iconbox-icon\" style=\"font-size:1.5rem;--icon-color:#F2E8C9;--icon-bg-color:var(--color-beige);\"><i class=\"fas fa-arrow-right\"><\/i><\/div><div class=\"w-iconbox-meta\"><h5 class=\"w-iconbox-title\">Approche neutre en termes de valeur<\/h5><\/div><\/div><div class=\"w-separator size_small\"><\/div><div class=\"w-iconbox us_custom_2a495adc has_text_color iconpos_left style_outlined color_custom align_none no_text\"><div class=\"w-iconbox-icon\" style=\"font-size:1.5rem;--icon-color:#F2E8C9;--icon-bg-color:var(--color-beige);\"><i class=\"fas fa-arrow-right\"><\/i><\/div><div class=\"w-iconbox-meta\"><h5 class=\"w-iconbox-title\">Int\u00e9gration transparente<\/h5><\/div><\/div><div class=\"w-separator size_small\"><\/div><div class=\"w-iconbox us_custom_2a495adc has_text_color iconpos_left style_outlined color_custom align_none no_text\"><div class=\"w-iconbox-icon\" style=\"font-size:1.5rem;--icon-color:#F2E8C9;--icon-bg-color:var(--color-beige);\"><i class=\"fas fa-arrow-right\"><\/i><\/div><div class=\"w-iconbox-meta\"><h5 class=\"w-iconbox-title\">Impact mesurable sur les performances de l&rsquo;\u00e9quipe<\/h5><\/div><\/div><\/div><\/div><\/div><\/div><\/div><\/section><section class=\"l-section wpb_row height_auto width_full\"><div class=\"l-section-h i-cf\"><div class=\"g-cols vc_row via_flex valign_top type_default stacking_default\"><div class=\"vc_col-sm-12 wpb_column vc_column_container\"><div class=\"vc_column-inner\"><div class=\"wpb_wrapper\"><div class=\"w-image us_custom_8c997be1 imgopacity has_height align_none\"><div class=\"w-image-h\"><img decoding=\"async\" src=\"https:\/\/www.o2c2.eu\/wp-content\/uploads\/2025\/05\/Logo_oc2c.svg\" class=\"attachment-full size-full\" alt=\"logo o2c2\" loading=\"lazy\" \/><\/div><\/div><\/div><\/div><\/div><\/div><\/div><\/section><section class=\"l-section wpb_row us_custom_13070f23 audiencesctn height_large\"><div class=\"l-section-h i-cf\"><div class=\"g-cols vc_row via_flex valign_bottom type_default stacking_default\"><div class=\"vc_col-sm-6 wpb_column vc_column_container\"><div class=\"vc_column-inner\"><div class=\"wpb_wrapper\"><div class=\"wpb_text_column\"><div class=\"wpb_wrapper\"><h6>Solutions<\/h6>\n<\/div><\/div><div class=\"wpb_text_column\"><div class=\"wpb_wrapper\"><h2>Le pouvoir cach\u00e9 des diff\u00e9rences de style<\/h2>\n<\/div><\/div><\/div><\/div><\/div><div class=\"vc_col-sm-6 wpb_column vc_column_container\"><div class=\"vc_column-inner\"><div class=\"wpb_wrapper\"><div class=\"wpb_text_column\"><div class=\"wpb_wrapper\"><p>De nombreuses organisations sont confront\u00e9es \u00e0 des d\u00e9fis fondamentaux : les diff\u00e9rences de style entre les employ\u00e9s sont consid\u00e9r\u00e9es comme des d\u00e9fauts, les \u00e9quipes ont du mal \u00e0 utiliser de mani\u00e8re constructive les diff\u00e9rents styles de travail et il n&rsquo;existe pas d&rsquo;approche syst\u00e9matique pour rendre ces diff\u00e9rences productives.<\/p>\n<\/div><\/div><\/div><\/div><\/div><\/div><\/div><\/section><section class=\"l-section wpb_row height_medium\"><div class=\"l-section-h i-cf\"><div class=\"g-cols vc_row via_flex valign_top type_default stacking_default\"><div class=\"vc_col-sm-12 wpb_column vc_column_container\"><div class=\"vc_column-inner\"><div class=\"wpb_wrapper\"><div class=\"w-tabs accordioninfo style_default switch_click accordion\" style=\"--sections-title-size:inherit\"><div class=\"w-tabs-sections titles-align_none icon_none\"><div class=\"w-tabs-section\" id=\"e888\"><button class=\"w-tabs-section-header with_icon\" aria-controls=\"content-e888\" aria-expanded=\"false\"><i class=\"fas fa-arrow-right\"><\/i><h4 class=\"w-tabs-section-title\">Reconnaissance d&rsquo;une diversit\u00e9 pr\u00e9cieuse<\/h4><div class=\"w-tabs-section-control\"><\/div><\/button><div  class=\"w-tabs-section-content\" id=\"content-e888\"><div class=\"w-tabs-section-content-h i-cf\"><div class=\"wpb_text_column\"><div class=\"wpb_wrapper\"><p>De nombreuses organisations consid\u00e8rent les diff\u00e9rences de style entre les employ\u00e9s comme des d\u00e9fauts plut\u00f4t que comme une diversit\u00e9 pr\u00e9cieuse, ce qui entra\u00eene des tensions destructrices et un potentiel inexploit\u00e9 dans les \u00e9quipes.<\/p>\n<p>Avec VIEW, nous proposons une approche neutre en termes de valeurs qui aide les \u00e9quipes \u00e0 valoriser les diff\u00e9rences et \u00e0 les utiliser de mani\u00e8re productive, en se concentrant sur la mani\u00e8re dont les gens sont productifs plut\u00f4t que sur leurs performances, ce qui se traduit par une augmentation de la capacit\u00e9 d&rsquo;innovation et une meilleure performance de l&rsquo;\u00e9quipe.<\/p>\n<\/div><\/div><\/div><\/div><\/div><div class=\"w-tabs-section\" id=\"c92a\"><button class=\"w-tabs-section-header with_icon\" aria-controls=\"content-c92a\" aria-expanded=\"false\"><i class=\"fas fa-arrow-right\"><\/i><h4 class=\"w-tabs-section-title\">Int\u00e9gration efficace des styles de travail<\/h4><div class=\"w-tabs-section-control\"><\/div><\/button><div  class=\"w-tabs-section-content\" id=\"content-c92a\"><div class=\"w-tabs-section-content-h i-cf\"><div class=\"wpb_text_column\"><div class=\"wpb_wrapper\"><p>Les \u00e9quipes ont souvent du mal \u00e0 utiliser de mani\u00e8re constructive les diff\u00e9rents styles de travail parce qu&rsquo;elles ne comprennent pas bien les forces et les contributions de chacun, ce qui entra\u00eene une r\u00e9duction de l&rsquo;efficacit\u00e9 de l&rsquo;\u00e9quipe et des r\u00e9sultats sous-optimaux.<\/p>\n<p>Gr\u00e2ce au cadre VIEW, nous fournissons aux \u00e9quipes un vocabulaire commun et positif pour d\u00e9crire et valoriser les diff\u00e9rences mutuelles, ce qui permet aux \u00e9quipes de mieux tirer parti des qualit\u00e9s compl\u00e9mentaires de chacun et d&rsquo;am\u00e9liorer de mani\u00e8re significative la qualit\u00e9 de leurs produits et de leurs services.<\/p>\n<\/div><\/div><\/div><\/div><\/div><div class=\"w-tabs-section\" id=\"g9bd\"><button class=\"w-tabs-section-header with_icon\" aria-controls=\"content-g9bd\" aria-expanded=\"false\"><i class=\"fas fa-arrow-right\"><\/i><h4 class=\"w-tabs-section-title\">Utiliser une approche syst\u00e9matique<\/h4><div class=\"w-tabs-section-control\"><\/div><\/button><div  class=\"w-tabs-section-content\" id=\"content-g9bd\"><div class=\"w-tabs-section-content-h i-cf\"><div class=\"wpb_text_column\"><div class=\"wpb_wrapper\"><p>Organisations manquent souvent d&rsquo;une approche syst\u00e9matique pour rendre les diff\u00e9rences de styles de travail productives, ce qui entra\u00eene des solutions ad hoc et des performances d&rsquo;\u00e9quipe incoh\u00e9rentes.<\/p>\n<p>Avec VIEW, nous proposons une m\u00e9thodologie fond\u00e9e sur des donn\u00e9es probantes qui aide les organisations \u00e0 int\u00e9grer syst\u00e9matiquement les diff\u00e9rences et \u00e0 en tirer parti. Trois dimensions fondamentales du style de r\u00e9solution des probl\u00e8mes (orientation vers le changement, mode de traitement des donn\u00e9es et mode de d\u00e9cision) sont utilis\u00e9es pour am\u00e9liorer durablement l&rsquo;efficacit\u00e9 de l&rsquo;\u00e9quipe.<\/p>\n<\/div><\/div><\/div><\/div><\/div><\/div><\/div><\/div><\/div><\/div><\/div><\/div><\/section><section class=\"l-section wpb_row us_custom_72668127 height_auto\"><div class=\"l-section-h i-cf\"><div class=\"g-cols vc_row via_flex valign_top type_default stacking_default\"><div class=\"vc_col-sm-1 wpb_column vc_column_container hide_on_default hide_on_laptops hide_on_tablets hide_on_mobiles\"><div class=\"vc_column-inner\"><div class=\"wpb_wrapper\"><\/div><\/div><\/div><div class=\"vc_col-sm-11 wpb_column vc_column_container imgtopleftradius has_bg_color stretched\"><div class=\"vc_column-inner us_custom_f44413bc\"><div class=\"wpb_wrapper\"><\/div><\/div><\/div><\/div><\/div><\/section><section class=\"l-section wpb_row us_custom_13070f23 audiencesctn height_large\"><div class=\"l-section-h i-cf\"><div class=\"g-cols vc_row via_flex valign_bottom type_default stacking_default\"><div class=\"vc_col-sm-6 wpb_column vc_column_container\"><div class=\"vc_column-inner\"><div class=\"wpb_wrapper\"><div class=\"wpb_text_column\"><div class=\"wpb_wrapper\"><h6>Solutions<\/h6>\n<\/div><\/div><div class=\"wpb_text_column\"><div class=\"wpb_wrapper\"><h2>De meilleures m\u00e9thodes de travail<\/h2>\n<\/div><\/div><\/div><\/div><\/div><div class=\"vc_col-sm-6 wpb_column vc_column_container\"><div class=\"vc_column-inner\"><div class=\"wpb_wrapper\"><div class=\"wpb_text_column\"><div class=\"wpb_wrapper\"><p>Renforce tes \u00e9quipes gr\u00e2ce \u00e0 notre m\u00e9thodologie \u00e9prouv\u00e9e des trois piliers : <strong>facilitation<\/strong> active <strong>des processus<\/strong>, <strong>diversit\u00e9<\/strong> syst\u00e9matique <strong>des styles<\/strong> et <strong>r\u00e9flexion collaborative structur\u00e9e<\/strong>.<\/p>\n<\/div><\/div><\/div><\/div><\/div><\/div><\/div><\/section><section class=\"l-section wpb_row us_custom_b03640aa height_large\"><div class=\"l-section-h i-cf\"><div class=\"g-cols vc_row via_flex valign_top type_default stacking_default\"><div class=\"vc_col-sm-12 wpb_column vc_column_container\"><div class=\"vc_column-inner\"><div class=\"wpb_wrapper\"><div class=\"g-cols wpb_row via_flex valign_top type_default stacking_default\"><div class=\"vc_col-sm-12 vc_col-lg-6 vc_col-md-12 wpb_column vc_column_container\"><div class=\"vc_column-inner\"><div class=\"wpb_wrapper\"><div class=\"w-grid type_grid layout_243 cols_2\" id=\"us_grid_1\" style=\"--columns:2;--gap:1rem;\"><style>@media (max-width:767px){#us_grid_1{--columns:1!important}}.layout_243 .w-grid-item-h{}.layout_243 .usg_vwrapper_1{transition-duration:0.3s;transform-origin:50% 50%;transform:scale(1) translate(0%,0%)}.layout_243 .w-grid-item-h:focus-within .usg_vwrapper_1,.layout_243 .w-grid-item-h:hover .usg_vwrapper_1{transform:scale(1) translate(0%,0%);opacity:1;background:var(--color-beige)!important;border-color:var(--color-beige)!important}.layout_243 .usg_image_1{height:75px!important;position:absolute!important;left:25px!important;top:40px!important}.layout_243 .usg_post_title_1{margin-bottom:10px!important}.layout_243 .usg_btn_1{font-size:14px!important;position:absolute!important;left:25px!important;bottom:40px!important;padding:1em!important}.layout_243 .usg_vwrapper_1{border-radius:0px 0px 0px 2em!important;padding:135px 25px 100px 25px!important;border:1px solid var(--color-pastelblue)!important}<\/style><div class=\"w-grid-list\">\t<article class=\"w-grid-item size_1x1 post-1494 page type-page status-publish has-post-thumbnail hentry\" data-id=\"1494\">\r\n\t\t<div class=\"w-grid-item-h\">\r\n\t\t\t\t\t\t<div class=\"w-vwrapper usg_vwrapper_1 pagegridhvr align_none valign_top has-link\" style=\"--vwrapper-gap:0rem\"><div class=\"w-image usg_image_1 has_height\"><div class=\"w-image-h\"><img decoding=\"async\" src=\"https:\/\/www.o2c2.eu\/wp-content\/uploads\/2025\/05\/Polygon-1-1.svg\" class=\"attachment-full size-full\" alt=\"\" loading=\"lazy\" \/><\/div><\/div><h5 class=\"w-post-elm post_title usg_post_title_1 entry-title\">R\u00e9flexion collaborative et disciplin\u00e9e<\/h5><p class=\"w-post-elm post_custom_field usg_post_custom_field_1 type_text small_page_description\"><p>Les \u00e9quipes sont plus performantes lorsqu&rsquo;elles r\u00e9unissent une vari\u00e9t\u00e9 de comp\u00e9tences, de connaissances et de points de vue.<\/p>\n<\/p><button class=\"w-btn us-btn-style_3 usg_btn_1 icon_atleft text_none\" aria-label=\"Button\"><i class=\"fas fa-arrow-right\"><\/i><\/button><a href=\"https:\/\/www.o2c2.eu\/fr\/organisations\/solutions\/methodes-de-travail-plus-efficaces\/reflexion-collaborative-et-disciplinee\/\" class=\"w-vwrapper-link smooth-scroll\" aria-label=\"Lien\"><\/a><\/div>\t\t<\/div>\r\n\t\t\t<\/article>\r\n\t<article class=\"w-grid-item size_1x1 post-1399 page type-page status-publish has-post-thumbnail hentry\" data-id=\"1399\">\r\n\t\t<div class=\"w-grid-item-h\">\r\n\t\t\t\t\t\t<div class=\"w-vwrapper usg_vwrapper_1 pagegridhvr align_none valign_top has-link\" style=\"--vwrapper-gap:0rem\"><div class=\"w-image usg_image_1 has_height\"><div class=\"w-image-h\"><img decoding=\"async\" src=\"https:\/\/www.o2c2.eu\/wp-content\/uploads\/2025\/05\/Polygon-1-1.svg\" class=\"attachment-full size-full\" alt=\"\" loading=\"lazy\" \/><\/div><\/div><h5 class=\"w-post-elm post_title usg_post_title_1 entry-title\">Facilitation de la r\u00e9solution de probl\u00e8mes en \u00e9quipes<\/h5><p class=\"w-post-elm post_custom_field usg_post_custom_field_1 type_text small_page_description\"><p>Un coaching de processus efficace est essentiel pour <strong>r\u00e9soudre des d\u00e9fis complexes<\/strong> en \u00e9quipe.<\/p>\n<\/p><button class=\"w-btn us-btn-style_3 usg_btn_1 icon_atleft text_none\" aria-label=\"Button\"><i class=\"fas fa-arrow-right\"><\/i><\/button><a href=\"https:\/\/www.o2c2.eu\/fr\/organisations\/solutions\/methodes-de-travail-plus-efficaces\/facilitation-de-la-resolution-de-problemes-en-equipes\/\" class=\"w-vwrapper-link smooth-scroll\" aria-label=\"Lien\"><\/a><\/div>\t\t<\/div>\r\n\t\t\t<\/article>\r\n<\/div><div class=\"w-grid-preloader\">\t<div class=\"g-preloader type_1\">\r\n\t\t<div><\/div>\r\n\t<\/div>\r\n\t<\/div>\t<div class=\"w-grid-json hidden\" onclick='return {&quot;action&quot;:&quot;us_ajax_grid&quot;,&quot;infinite_scroll&quot;:0,&quot;max_num_pages&quot;:1,&quot;pagination&quot;:&quot;none&quot;,&quot;template_vars&quot;:{&quot;columns&quot;:&quot;2&quot;,&quot;exclude_items&quot;:&quot;none&quot;,&quot;img_size&quot;:&quot;default&quot;,&quot;ignore_items_size&quot;:0,&quot;items_layout&quot;:&quot;243&quot;,&quot;items_offset&quot;:&quot;1&quot;,&quot;load_animation&quot;:&quot;none&quot;,&quot;overriding_link&quot;:&quot;%7B%22url%22%3A%22%22%7D&quot;,&quot;post_id&quot;:0,&quot;query_args&quot;:{&quot;ignore_sticky_posts&quot;:1,&quot;post_type&quot;:&quot;any&quot;,&quot;post__in&quot;:[&quot;102&quot;,&quot;104&quot;],&quot;posts_per_page&quot;:999},&quot;orderby_query_args&quot;:{&quot;orderby&quot;:{&quot;post__in&quot;:&quot;ASC&quot;},&quot;order&quot;:&quot;ASC&quot;},&quot;type&quot;:&quot;grid&quot;,&quot;us_grid_post_type&quot;:&quot;ids&quot;,&quot;us_grid_ajax_index&quot;:1,&quot;us_grid_filter_query_string&quot;:null,&quot;us_grid_index&quot;:1,&quot;page_args&quot;:[],&quot;lang&quot;:&quot;fr&quot;}}'><\/div>\r\n\t<\/div><\/div><\/div><\/div><div class=\"vc_col-sm-6 vc_hidden-md vc_hidden-sm vc_hidden-xs wpb_column vc_column_container imgtoprightradius has_bg_color\"><div class=\"vc_column-inner us_custom_70ace891\"><div class=\"wpb_wrapper\"><\/div><\/div><\/div><\/div><div class=\"w-separator size_small\"><\/div><div class=\"w-btn-wrapper align_right\"><a class=\"w-btn us-btn-style_1\" href=\"https:\/\/www.o2c2.eu\/contact\/\"><span class=\"w-btn-label\">Planifie une consultation gratuite<\/span><\/a><\/div><\/div><\/div><\/div><\/div><\/div><\/section>\n","protected":false},"excerpt":{"rendered":"AccueilPagesFacilitation de la r\u00e9solution de probl\u00e8mes en \u00e9quipes Un coaching de processus efficace est essentiel pour r\u00e9soudre des d\u00e9fis complexes au sein des \u00e9quipes. Il ne s&rsquo;agit pas d&rsquo;une intervention ponctuelle, mais d&rsquo;un processus continu au cours duquel les \u00e9quipes apprennent \u00e0 utiliser leurs diff\u00e9rentes pr\u00e9f\u00e9rences de style de mani\u00e8re productive. Pour ce faire, on...","protected":false},"author":1,"featured_media":124,"parent":1391,"menu_order":0,"comment_status":"closed","ping_status":"closed","template":"","meta":{"_acf_changed":false,"content-type":"","_mo_disable_npp":"","footnotes":""},"class_list":["post-1213","page","type-page","status-publish","has-post-thumbnail","hentry"],"acf":[],"aioseo_notices":[],"_links":{"self":[{"href":"https:\/\/www.o2c2.eu\/fr\/wp-json\/wp\/v2\/pages\/1213","targetHints":{"allow":["GET"]}}],"collection":[{"href":"https:\/\/www.o2c2.eu\/fr\/wp-json\/wp\/v2\/pages"}],"about":[{"href":"https:\/\/www.o2c2.eu\/fr\/wp-json\/wp\/v2\/types\/page"}],"author":[{"embeddable":true,"href":"https:\/\/www.o2c2.eu\/fr\/wp-json\/wp\/v2\/users\/1"}],"replies":[{"embeddable":true,"href":"https:\/\/www.o2c2.eu\/fr\/wp-json\/wp\/v2\/comments?post=1213"}],"version-history":[{"count":11,"href":"https:\/\/www.o2c2.eu\/fr\/wp-json\/wp\/v2\/pages\/1213\/revisions"}],"predecessor-version":[{"id":2202,"href":"https:\/\/www.o2c2.eu\/fr\/wp-json\/wp\/v2\/pages\/1213\/revisions\/2202"}],"up":[{"embeddable":true,"href":"https:\/\/www.o2c2.eu\/fr\/wp-json\/wp\/v2\/pages\/1391"}],"wp:featuredmedia":[{"embeddable":true,"href":"https:\/\/www.o2c2.eu\/fr\/wp-json\/wp\/v2\/media\/124"}],"wp:attachment":[{"href":"https:\/\/www.o2c2.eu\/fr\/wp-json\/wp\/v2\/media?parent=1213"}],"curies":[{"name":"wp","href":"https:\/\/api.w.org\/{rel}","templated":true}]}}