{"id":1332,"date":"2025-05-19T10:30:31","date_gmt":"2025-05-19T08:30:31","guid":{"rendered":"https:\/\/www.o2c2.eu\/academie\/"},"modified":"2025-08-05T11:40:00","modified_gmt":"2025-08-05T09:40:00","slug":"academie","status":"publish","type":"page","link":"https:\/\/www.o2c2.eu\/fr\/academie\/","title":{"rendered":"Acad\u00e9mie"},"content":{"rendered":"<section class=\"l-section wpb_row height_medium\"><div class=\"l-section-h i-cf\"><div class=\"g-cols vc_row via_flex valign_middle type_default stacking_default\" style=\"--additional-gap:15px;\"><div class=\"vc_col-sm-3\/5 wpb_column vc_column_container\"><div class=\"vc_column-inner\"><div class=\"wpb_wrapper\"><nav class=\"g-breadcrumbs us_custom_d8c43b5d has_text_color separator_icon align_none\" itemscope itemtype=\"http:\/\/schema.org\/BreadcrumbList\"><div class=\"g-breadcrumbs-item\" itemscope itemprop=\"itemListElement\" itemtype=\"http:\/\/schema.org\/ListItem\"><a itemprop=\"item\" href=\"https:\/\/www.o2c2.eu\/fr\/\"><span itemprop=\"name\">Accueil<\/span><\/a><meta itemprop=\"position\" content=\"1\"\/><\/div><div class=\"g-breadcrumbs-separator\"><i class=\"far fa-chevron-right\"><\/i><\/div><div class=\"g-breadcrumbs-item\">Pages<\/div><\/nav><div class=\"w-separator size_small\"><\/div><div class=\"wpb_text_column\"><div class=\"wpb_wrapper\"><h1>Acad\u00e9mie Innovation<\/h1>\n<\/div><\/div><div class=\"w-separator size_small\"><\/div><div class=\"wpb_text_column\"><div class=\"wpb_wrapper\"><p>Dans un monde o\u00f9 l&rsquo;innovation fait la diff\u00e9rence entre la survie et l&rsquo;excellence, le d\u00e9veloppement de la capabilit\u00e9 d&rsquo;innovation n&rsquo;est pas un luxe mais une n\u00e9cessit\u00e9 strat\u00e9gique. Nos cours sont fond\u00e9s sur des donn\u00e9es probantes et combinent des connaissances de pointe avec une applicabilit\u00e9 pratique pour aider les dirigeants et les organisations \u00e0 renforcer leur capabilit\u00e9 d&rsquo;innovation.<\/p>\n<\/div><\/div><div class=\"w-separator size_small\"><\/div><div class=\"w-btn-wrapper align_none\"><a class=\"w-btn us-btn-style_2\" href=\"https:\/\/www.o2c2.eu\/fr\/contact\/\"><span class=\"w-btn-label\">Notre offre<\/span><\/a><\/div><\/div><\/div><\/div><div class=\"vc_col-sm-2\/5 wpb_column vc_column_container imgtopleftradius has_bg_color stretched\"><div class=\"vc_column-inner us_custom_3dc2f0eb\"><div class=\"wpb_wrapper\"><\/div><\/div><\/div><\/div><\/div><\/section><section class=\"l-section wpb_row height_auto width_full\"><div class=\"l-section-h i-cf\"><div class=\"g-cols vc_row via_flex valign_top type_default stacking_default\"><div class=\"vc_col-sm-12 wpb_column vc_column_container\"><div class=\"vc_column-inner\"><div class=\"wpb_wrapper\"><div class=\"w-image us_custom_8c997be1 imgopacity has_height align_none\"><div class=\"w-image-h\"><img decoding=\"async\" src=\"https:\/\/www.o2c2.eu\/wp-content\/uploads\/2025\/05\/Logo_oc2c.svg\" class=\"attachment-full size-full\" alt=\"logo o2c2\" loading=\"lazy\" \/><\/div><\/div><\/div><\/div><\/div><\/div><\/div><\/section><section class=\"l-section wpb_row uspcards uspcardsbtn height_auto\"><div class=\"l-section-h i-cf\"><div class=\"g-cols vc_row via_flex valign_top type_default stacking_default\"><div class=\"vc_col-sm-12 vc_col-lg-6 vc_col-md-6 wpb_column vc_column_container radiusTL has-link\"><div class=\"vc_column-inner\"><div class=\"wpb_wrapper\"><div class=\"w-iconbox us_custom_8d5aa4e2 iconpos_left style_default color_primary align_none no_text icontype_img\"><div class=\"w-iconbox-icon\" style=\"font-size:100px;\"><?xml version=\"1.0\" encoding=\"UTF-8\"?>\n<svg id=\"Layer_1\" data-name=\"Layer 1\" xmlns=\"http:\/\/www.w3.org\/2000\/svg\" version=\"1.1\" viewBox=\"0 0 82 73.5\">\n  <defs>\n    <style>\n      .cls-1 {\n        fill: none;\n        stroke: #65868d;\n      }\n    <\/style>\n  <\/defs>\n  <path class=\"cls-1\" d=\"M32.8,7.5c3.6-6.2,12.5-6.3,16.3-.3l.2.3,28.1,48.8c3.7,6.3-.9,14.2-8.2,14.2H12.9c-7.2,0-11.7-7.7-8.4-14l.2-.3L32.8,7.5Z\"\/>\n<\/svg><\/div><div class=\"w-iconbox-meta\"><h5 class=\"w-iconbox-title\">En entreprise<\/h5><\/div><\/div><div class=\"wpb_text_column\"><div class=\"wpb_wrapper\"><p class=\"Style2\"><span lang=\"NL\" style=\"color: windowtext; text-decoration: none; text-underline: none;\">Nous proposons trois programmes de formation puissants qui mettent en lumi\u00e8re tous les aspects du leadership innovant. De l&rsquo; <em>Introduction Creative Leadership<\/em>(16 heures) pour ceux qui font leurs premiers pas dans le leadership innovant, en passant par le programme transformateur <em>Igniting Creative Potential<\/em> (32 heures) pour les facilitateurs de changement, jusqu&rsquo;au programme approfondi <em>Innovation Advantage<\/em> (40 heures). <\/span><\/p>\n<\/div><\/div><div class=\"w-btn-wrapper align_none\"><a class=\"w-btn us-btn-style_2\" href=\"https:\/\/www.o2c2.eu\/organisaties\/oplossingen\/innovatievermogen-opbouwen\/innovatiecultuur\/\"><span class=\"w-btn-label\">Plus d&rsquo;informations<\/span><\/a><\/div><\/div><\/div><a href=\"https:\/\/www.o2c2.eu\/fr\/academie\/en-entreprise\/\" class=\"vc_column-link smooth-scroll\" aria-label=\"Lien\"><\/a><\/div><div class=\"vc_col-sm-12 vc_col-lg-6 vc_col-md-6 wpb_column vc_column_container radiusTR has-link\"><div class=\"vc_column-inner\"><div class=\"wpb_wrapper\"><div class=\"w-iconbox us_custom_8d5aa4e2 iconpos_left style_default color_primary align_none no_text icontype_img\"><div class=\"w-iconbox-icon\" style=\"font-size:100px;\"><?xml version=\"1.0\" encoding=\"UTF-8\"?>\n<svg id=\"Layer_1\" data-name=\"Layer 1\" xmlns=\"http:\/\/www.w3.org\/2000\/svg\" version=\"1.1\" viewBox=\"0 0 82 73.5\">\n  <defs>\n    <style>\n      .cls-1 {\n        fill: none;\n        stroke: #65868d;\n      }\n    <\/style>\n  <\/defs>\n  <path class=\"cls-1\" d=\"M32.8,7.5c3.6-6.2,12.5-6.3,16.3-.3l.2.3,28.1,48.8c3.7,6.3-.9,14.2-8.2,14.2H12.9c-7.2,0-11.7-7.7-8.4-14l.2-.3L32.8,7.5Z\"\/>\n<\/svg><\/div><div class=\"w-iconbox-meta\"><h5 class=\"w-iconbox-title\">Formations ouvertes<\/h5><\/div><\/div><div class=\"wpb_text_column\"><div class=\"wpb_wrapper\"><p class=\"Style2\"><span lang=\"NL\" style=\"color: windowtext; text-decoration: none; text-underline: none;\">Nous proposons trois programmes de formation puissants qui mettent en lumi\u00e8re tous les aspects du leadership innovant. De l&rsquo; <em>Introduction Creative Leadership<\/em>(16 heures) pour ceux qui font leurs premiers pas dans le leadership innovant, en passant par le programme transformateur <em>Igniting Creative Potential<\/em> (32 heures) pour les facilitateurs de changement, jusqu&rsquo;au programme approfondi <em>Innovation Advantage<\/em> (40 heures). <\/span><\/p>\n<\/div><\/div><div class=\"w-btn-wrapper align_none\"><a class=\"w-btn us-btn-style_2\" href=\"https:\/\/www.o2c2.eu\/organisaties\/oplossingen\/innovatievermogen-opbouwen\/innovatieprocessen-en-structuren\/\"><span class=\"w-btn-label\">Plus d&rsquo;informations<\/span><\/a><\/div><\/div><\/div><a href=\"https:\/\/www.o2c2.eu\/fr\/academie\/formations-ouvertes\/\" class=\"vc_column-link smooth-scroll\" aria-label=\"Lien\"><\/a><\/div><div class=\"vc_col-sm-12 vc_col-lg-6 vc_col-md-6 wpb_column vc_column_container radiusBL has-link\"><div class=\"vc_column-inner\"><div class=\"wpb_wrapper\"><div class=\"w-iconbox us_custom_8d5aa4e2 iconpos_left style_default color_primary align_none no_text icontype_img\"><div class=\"w-iconbox-icon\" style=\"font-size:100px;\"><?xml version=\"1.0\" encoding=\"UTF-8\"?>\n<svg id=\"Layer_1\" data-name=\"Layer 1\" xmlns=\"http:\/\/www.w3.org\/2000\/svg\" version=\"1.1\" viewBox=\"0 0 82 73.5\">\n  <defs>\n    <style>\n      .cls-1 {\n        fill: none;\n        stroke: #65868d;\n      }\n    <\/style>\n  <\/defs>\n  <path class=\"cls-1\" d=\"M32.8,7.5c3.6-6.2,12.5-6.3,16.3-.3l.2.3,28.1,48.8c3.7,6.3-.9,14.2-8.2,14.2H12.9c-7.2,0-11.7-7.7-8.4-14l.2-.3L32.8,7.5Z\"\/>\n<\/svg><\/div><div class=\"w-iconbox-meta\"><h5 class=\"w-iconbox-title\">Coaching en leadership<\/h5><\/div><\/div><div class=\"wpb_text_column\"><div class=\"wpb_wrapper\"><p>Transforme ton style de leadership avec une approche bas\u00e9e sur des Donnies qui combine le meilleur des deux mondes: l&rsquo;analyse objective des donn\u00e9es et le d\u00e9veloppement personnel.<\/p>\n<\/div><\/div><div class=\"w-btn-wrapper align_none\"><button class=\"w-btn us-btn-style_2\"><span class=\"w-btn-label\">Plus d&rsquo;informations<\/span><\/button><\/div><\/div><\/div><a href=\"https:\/\/www.o2c2.eu\/fr\/academie\/coaching-en-leadership\/\" class=\"vc_column-link smooth-scroll\" aria-label=\"Lien\"><\/a><\/div><div class=\"vc_col-sm-12 vc_col-lg-6 vc_col-md-6 wpb_column vc_column_container radiusBR has-link\"><div class=\"vc_column-inner\"><div class=\"wpb_wrapper\"><div class=\"w-iconbox us_custom_8d5aa4e2 iconpos_left style_default color_primary align_none no_text icontype_img\"><div class=\"w-iconbox-icon\" style=\"font-size:100px;\"><?xml version=\"1.0\" encoding=\"UTF-8\"?>\n<svg id=\"Layer_1\" data-name=\"Layer 1\" xmlns=\"http:\/\/www.w3.org\/2000\/svg\" version=\"1.1\" viewBox=\"0 0 82 73.5\">\n  <defs>\n    <style>\n      .cls-1 {\n        fill: none;\n        stroke: #65868d;\n      }\n    <\/style>\n  <\/defs>\n  <path class=\"cls-1\" d=\"M32.8,7.5c3.6-6.2,12.5-6.3,16.3-.3l.2.3,28.1,48.8c3.7,6.3-.9,14.2-8.2,14.2H12.9c-7.2,0-11.7-7.7-8.4-14l.2-.3L32.8,7.5Z\"\/>\n<\/svg><\/div><div class=\"w-iconbox-meta\"><h5 class=\"w-iconbox-title\">Certification<\/h5><\/div><\/div><div class=\"wpb_text_column\"><div class=\"wpb_wrapper\"><p>Avec VIEW et SOQ, nous proposons deux programmes de certification puissants et ind\u00e9pendants. VIEW est id\u00e9al pour ceux qui cherchent \u00e0 se sp\u00e9cialiser dans l&rsquo;optimisation des processus individuels et d&rsquo;\u00e9quipe, tandis que SOQ est parfait pour les professionnels qui se concentrent sur l&rsquo;innovation \u00e0 l&rsquo;\u00e9chelle de l&rsquo;organisation et l&rsquo;am\u00e9lioration du climat organisationnel.<\/p>\n<\/div><\/div><div class=\"w-btn-wrapper align_none\"><a class=\"w-btn us-btn-style_2\" href=\"https:\/\/www.o2c2.eu\/organisaties\/oplossingen\/innovatievermogen-opbouwen\/betrokken-teams\/\"><span class=\"w-btn-label\">Plus d&rsquo;informations<\/span><\/a><\/div><\/div><\/div><a href=\"https:\/\/www.o2c2.eu\/fr\/academie\/certification\/\" class=\"vc_column-link smooth-scroll\" aria-label=\"Lien\"><\/a><\/div><\/div><\/div><\/section><section class=\"l-section wpb_row us_custom_5016ded7 height_auto\"><div class=\"l-section-h i-cf\"><div class=\"g-cols vc_row via_flex valign_top type_default stacking_default\"><div class=\"vc_col-sm-12 wpb_column vc_column_container\"><div class=\"vc_column-inner\"><div class=\"wpb_wrapper\"><div class=\"w-hwrapper valign_middle wrap default_align_right laptops_align_right tablets_align_right mobiles_align_none\" style=\"--hwrapper-gap:1rem\"><div class=\"w-btn-wrapper align_right\"><a class=\"w-btn us-btn-style_3\" href=\"https:\/\/www.o2c2.eu\/fr\/prends-rendez-vous\/\"><span class=\"w-btn-label\">Prends rendez-vous<\/span><\/a><\/div><div class=\"w-btn-wrapper align_right\"><a class=\"w-btn us-btn-style_1\" href=\"https:\/\/www.o2c2.eu\/fr\/contact\/\"><span class=\"w-btn-label\">Contact<\/span><\/a><\/div><\/div><\/div><\/div><\/div><\/div><\/div><\/section><section class=\"l-section wpb_row moreinfoblock height_huge\"><div class=\"l-section-h i-cf\"><div class=\"g-cols vc_row via_flex valign_top type_default stacking_default\" style=\"--additional-gap:15px;\"><div class=\"vc_col-sm-3\/5 wpb_column vc_column_container\"><div class=\"vc_column-inner us_custom_769b110d\"><div class=\"wpb_wrapper\"><div class=\"wpb_text_column\"><div class=\"wpb_wrapper\"><h6>Pourquoi l&rsquo;Acad\u00e9mie o2c2<\/h6>\n<\/div><\/div><div class=\"wpb_text_column\"><div class=\"wpb_wrapper\"><h2>Qu&rsquo;est-ce qui rend notre acad\u00e9mie si unique ?<\/h2>\n<\/div><\/div><div class=\"w-separator size_small\"><\/div><div class=\"wpb_text_column\"><div class=\"wpb_wrapper\"><p>L&rsquo;acad\u00e9mie o2c2 est synonyme de formation sur mesure, offrant une combinaison de th\u00e9orie, de cas pratiques propres et de moments de suivi. Nos experts ont tous une grande exp\u00e9rience au sein des organisations. Gr\u00e2ce \u00e0 une approche flexible, nous t&rsquo;encourageons de mani\u00e8re accessible \u00e0 renforcer ou \u00e0 \u00e9largir tes connaissances, ton regard et tes comp\u00e9tences.<\/p>\n<ol>\n<li><strong>Approche syst\u00e9mique valid\u00e9e scientifiquement<br \/>\n<\/strong>o2c2 se distingue par une <strong>combinaison unique de validation scientifique et de mise en \u0153uvre syst\u00e9matique<\/strong>. Nos cours sont bas\u00e9s sur des outils internationalement reconnus tels que les \u00e9valuations SOQ et VIEW, qui ont prouv\u00e9 leur efficacit\u00e9 dans divers contextes organisationnels. Cette approche syst\u00e9mique garantit que l&rsquo;innovation n&rsquo;est pas trait\u00e9e comme une initiative autonome, mais qu&rsquo;elle est int\u00e9gr\u00e9e dans l&rsquo;organisation en tant que processus central. Avec plus de trois d\u00e9cennies d&rsquo;exp\u00e9rience dans l&rsquo;application de ces m\u00e9thodologies, nous offrons une voie \u00e9prouv\u00e9e vers l&rsquo;innovation durable.<\/li>\n<li><strong>Combinaison authentique de th\u00e9orie et de pratique<br \/>\n<\/strong>Nos cours offrent un <strong>\u00e9quilibre<\/strong> unique <strong>entre la profondeur th\u00e9orique et l&rsquo;applicabilit\u00e9 pratique<\/strong>. Notre approche est bas\u00e9e sur le principe \u00ab\u00a0les gens aident les gens\u00a0\u00bb, en mettant l&rsquo;accent sur l&rsquo;authenticit\u00e9 et l&rsquo;ouverture. Les formations associent des th\u00e9ories de pointe sur le leadership \u00e0 une exp\u00e9rience pratique, les participants travaillant sur des cas concrets issus de leur propre organisation. Cette approche authentique, renforc\u00e9e par la mentalit\u00e9 \u00ab\u00a0Gabba Gabba Hey !\u00a0\u00bb qui leur est propre, constitue une exp\u00e9rience d&rsquo;apprentissage rafra\u00eechissante et efficace.<\/li>\n<li><strong>Impact strat\u00e9gique gr\u00e2ce \u00e0 la personnalisation<br \/>\n<\/strong>Nous concevons nos programmes de formation sp\u00e9cifiquement pour <strong>atteindre une croissance strat\u00e9gique gr\u00e2ce \u00e0 l&rsquo;innovation<\/strong>. Les programmes sont enti\u00e8rement adapt\u00e9s au contexte et aux d\u00e9fis sp\u00e9cifiques de l&rsquo;organisation, en s&rsquo;appuyant sur notre riche exp\u00e9rience des projets internationaux dans divers secteurs. En combinant le coaching personnel, l&rsquo;\u00e9valuation par les pairs et la mise en \u0153uvre pratique, nous garantissons des r\u00e9sultats mesurables qui contribuent directement aux objectifs strat\u00e9giques de l&rsquo;organisation. Cet accent mis sur l&rsquo;impact strat\u00e9gique nous distingue des programmes de formation traditionnels.<\/li>\n<\/ol>\n<\/div><\/div><\/div><\/div><\/div><div class=\"vc_col-sm-2\/5 wpb_column vc_column_container\"><div class=\"vc_column-inner\"><div class=\"wpb_wrapper\"><div class=\"g-cols wpb_row us_custom_af8599cc iconrotation via_flex valign_top type_default stacking_default\"><div class=\"vc_col-sm-12 wpb_column vc_column_container\"><div class=\"vc_column-inner\"><div class=\"wpb_wrapper\"><div class=\"w-iconbox us_custom_2a495adc has_text_color iconpos_left style_outlined color_custom align_none no_text\"><div class=\"w-iconbox-icon\" style=\"font-size:1.5rem;--icon-color:#F2E8C9;--icon-bg-color:var(--color-beige);\"><i class=\"fas fa-arrow-right\"><\/i><\/div><div class=\"w-iconbox-meta\"><h5 class=\"w-iconbox-title\">Solide<\/h5><\/div><\/div><div class=\"w-separator size_medium\"><\/div><div class=\"w-iconbox us_custom_2a495adc has_text_color iconpos_left style_outlined color_custom align_none no_text\"><div class=\"w-iconbox-icon\" style=\"font-size:1.5rem;--icon-color:#F2E8C9;--icon-bg-color:var(--color-beige);\"><i class=\"fas fa-arrow-right\"><\/i><\/div><div class=\"w-iconbox-meta\"><h5 class=\"w-iconbox-title\">Concern\u00e9<\/h5><\/div><\/div><div class=\"w-separator size_medium\"><\/div><div class=\"w-iconbox us_custom_2a495adc has_text_color iconpos_left style_outlined color_custom align_none no_text\"><div class=\"w-iconbox-icon\" style=\"font-size:1.5rem;--icon-color:#F2E8C9;--icon-bg-color:var(--color-beige);\"><i class=\"fas fa-arrow-right\"><\/i><\/div><div class=\"w-iconbox-meta\"><h5 class=\"w-iconbox-title\">Inventif<\/h5><\/div><\/div><\/div><\/div><\/div><\/div><div class=\"g-cols wpb_row us_custom_80a51ecb via_flex valign_top type_default stacking_default\"><div class=\"vc_col-sm-12 wpb_column vc_column_container\"><div class=\"vc_column-inner\"><div class=\"wpb_wrapper\"><\/div><\/div><\/div><\/div><\/div><\/div><\/div><\/div><\/div><\/section><section class=\"l-section wpb_row height_auto\"><div class=\"l-section-h i-cf\"><div class=\"g-cols vc_row via_flex valign_top type_default stacking_default\"><div class=\"vc_col-sm-1 wpb_column vc_column_container\"><div class=\"vc_column-inner\"><div class=\"wpb_wrapper\"><\/div><\/div><\/div><div class=\"vc_col-sm-8 wpb_column vc_column_container\"><div class=\"vc_column-inner\"><div class=\"wpb_wrapper\"><div class=\"wpb_text_column\"><div class=\"wpb_wrapper\"><h2>R\u00e9server un appel<\/h2>\n<\/div><\/div><div class=\"w-separator size_small\"><\/div><div class=\"wpb_text_column\"><div class=\"wpb_wrapper\"><p>Tu souhaites en savoir plus sur notre approche et sur la mani\u00e8re dont nous voulons te soutenir en tant qu&rsquo;individu, \u00e9quipe ou organisation ? Laisse tes coordonn\u00e9es ici et nous nous ferons un plaisir d&rsquo;\u00e9couter tes int\u00e9r\u00eats et tes attentes.<\/p>\n<\/div><\/div><div class=\"w-separator size_small\"><\/div><div class=\"w-btn-wrapper align_none\"><a class=\"w-btn us-btn-style_2\" href=\"https:\/\/www.o2c2.eu\/fr\/prends-rendez-vous\/\"><span class=\"w-btn-label\">Prends rendez-vous<\/span><\/a><\/div><\/div><\/div><\/div><div class=\"vc_col-sm-3 wpb_column vc_column_container\"><div class=\"vc_column-inner\"><div class=\"wpb_wrapper\"><\/div><\/div><\/div><\/div><\/div><\/section><section class=\"l-section wpb_row height_auto\"><div class=\"l-section-h i-cf\"><div class=\"g-cols vc_row via_flex valign_top type_default stacking_default\"><div class=\"vc_col-sm-12 wpb_column vc_column_container\"><div class=\"vc_column-inner\"><div class=\"wpb_wrapper\"><div class=\"w-separator size_large\"><\/div><\/div><\/div><\/div><\/div><\/div><\/section>\n","protected":false},"excerpt":{"rendered":"AccueilPagesAcad\u00e9mie Innovation Dans un monde o\u00f9 l&rsquo;innovation fait la diff\u00e9rence entre la survie et l&rsquo;excellence, le d\u00e9veloppement de la capabilit\u00e9 d&rsquo;innovation n&rsquo;est pas un luxe mais une n\u00e9cessit\u00e9 strat\u00e9gique. Nos cours sont fond\u00e9s sur des donn\u00e9es probantes et combinent des connaissances de pointe avec une applicabilit\u00e9 pratique pour aider les dirigeants et les organisations \u00e0...","protected":false},"author":1,"featured_media":0,"parent":0,"menu_order":10,"comment_status":"closed","ping_status":"closed","template":"","meta":{"_acf_changed":false,"content-type":"","_mo_disable_npp":"","footnotes":""},"class_list":["post-1332","page","type-page","status-publish","hentry"],"acf":[],"aioseo_notices":[],"_links":{"self":[{"href":"https:\/\/www.o2c2.eu\/fr\/wp-json\/wp\/v2\/pages\/1332","targetHints":{"allow":["GET"]}}],"collection":[{"href":"https:\/\/www.o2c2.eu\/fr\/wp-json\/wp\/v2\/pages"}],"about":[{"href":"https:\/\/www.o2c2.eu\/fr\/wp-json\/wp\/v2\/types\/page"}],"author":[{"embeddable":true,"href":"https:\/\/www.o2c2.eu\/fr\/wp-json\/wp\/v2\/users\/1"}],"replies":[{"embeddable":true,"href":"https:\/\/www.o2c2.eu\/fr\/wp-json\/wp\/v2\/comments?post=1332"}],"version-history":[{"count":13,"href":"https:\/\/www.o2c2.eu\/fr\/wp-json\/wp\/v2\/pages\/1332\/revisions"}],"predecessor-version":[{"id":2208,"href":"https:\/\/www.o2c2.eu\/fr\/wp-json\/wp\/v2\/pages\/1332\/revisions\/2208"}],"wp:attachment":[{"href":"https:\/\/www.o2c2.eu\/fr\/wp-json\/wp\/v2\/media?parent=1332"}],"curies":[{"name":"wp","href":"https:\/\/api.w.org\/{rel}","templated":true}]}}