{"id":1408,"date":"2025-05-19T10:30:31","date_gmt":"2025-05-19T08:30:31","guid":{"rendered":"https:\/\/www.o2c2.eu\/accueil\/"},"modified":"2025-07-17T10:52:25","modified_gmt":"2025-07-17T08:52:25","slug":"accueil","status":"publish","type":"page","link":"https:\/\/www.o2c2.eu\/fr\/","title":{"rendered":"Accueil"},"content":{"rendered":"<section class=\"l-section wpb_row us_custom_28e2138c height_auto full_height valign_center\"><div class=\"l-section-overlay\" style=\"background:linear-gradient(90deg, #234356 0%,rgba(255,255,255,0) 50%,rgba(255,255,255,0) 100%)\"><\/div><div class=\"l-section-h i-cf\"><div class=\"g-cols vc_row via_flex valign_top type_default stacking_default\"><div class=\"vc_col-sm-6 wpb_column vc_column_container\"><div class=\"vc_column-inner\"><div class=\"wpb_wrapper\"><div class=\"wpb_text_column us_custom_2a495adc has_text_color\"><div class=\"wpb_wrapper\"><h1>L&rsquo;innovation syst\u00e9mique pour une croissance durable<\/h1>\n<\/div><\/div><div class=\"w-separator size_small\"><\/div><div class=\"wpb_text_column us_custom_7e2dee8f has_text_color\"><div class=\"wpb_wrapper\"><p>De nombreuses entreprises essaient de stimuler l&rsquo;innovation par des initiatives isol\u00e9es. Cependant, une innovation r\u00e9elle et durable n\u00e9cessite une approche syst\u00e9mique - une approche qui <strong>inscrit<\/strong> la cr\u00e9ativit\u00e9 et l&rsquo;innovation <strong>dans l&rsquo;ADN de l&rsquo;organisation<\/strong>. C&rsquo;est exactement l\u00e0 que o2c2 se distingue.<\/p>\n<\/div><\/div><\/div><\/div><\/div><div class=\"vc_col-sm-6 wpb_column vc_column_container\"><div class=\"vc_column-inner\"><div class=\"wpb_wrapper\"><\/div><\/div><\/div><\/div><\/div><\/section><section class=\"l-section wpb_row us_custom_17f0cebd height_medium\"><div class=\"l-section-h i-cf\"><div class=\"g-cols vc_row via_flex valign_bottom type_default stacking_default\"><div class=\"vc_col-sm-5 wpb_column vc_column_container\"><div class=\"vc_column-inner\"><div class=\"wpb_wrapper\"><div class=\"wpb_text_column\"><div class=\"wpb_wrapper\"><h6>Valeurs<\/h6>\n<\/div><\/div><div class=\"wpb_text_column\"><div class=\"wpb_wrapper\"><h2>Cr\u00e9ativit\u00e9 et innovation, fond\u00e9es sur la science<\/h2>\n<\/div><\/div><\/div><\/div><\/div><div class=\"vc_col-sm-1 wpb_column vc_column_container\"><div class=\"vc_column-inner\"><div class=\"wpb_wrapper\"><\/div><\/div><\/div><div class=\"vc_col-sm-6 wpb_column vc_column_container\"><div class=\"vc_column-inner\"><div class=\"wpb_wrapper\"><div class=\"wpb_text_column\"><div class=\"wpb_wrapper\"><p>O2C2 Consulting est sp\u00e9cialis\u00e9 dans la gestion de l&rsquo;innovation et aidera ton entreprise \u00e0 r\u00e9aliser ces ambitions. Avec une approche inspirante, nous construisons ensemble une culture de transformation d&rsquo;am\u00e9lioration continue et de croissance.<\/p>\n<\/div><\/div><\/div><\/div><\/div><\/div><\/div><\/section><section class=\"l-section wpb_row uspcards height_auto\"><div class=\"l-section-h i-cf\"><div class=\"g-cols vc_row via_flex valign_top type_default stacking_default\"><div class=\"vc_col-sm-12 vc_col-lg-6 vc_col-md-6 wpb_column vc_column_container radiusTL has-link\"><div class=\"vc_column-inner\"><div class=\"wpb_wrapper\"><div class=\"w-iconbox us_custom_8d5aa4e2 iconpos_left style_default color_primary align_none no_text icontype_img\"><div class=\"w-iconbox-icon\" style=\"font-size:100px;\"><?xml version=\"1.0\" encoding=\"UTF-8\"?>\n<svg id=\"Layer_1\" data-name=\"Layer 1\" xmlns=\"http:\/\/www.w3.org\/2000\/svg\" version=\"1.1\" viewBox=\"0 0 82 73.5\">\n  <defs>\n    <style>\n      .cls-1 {\n        fill: none;\n        stroke: #65868d;\n      }\n    <\/style>\n  <\/defs>\n  <path class=\"cls-1\" d=\"M32.8,7.5c3.6-6.2,12.5-6.3,16.3-.3l.2.3,28.1,48.8c3.7,6.3-.9,14.2-8.2,14.2H12.9c-7.2,0-11.7-7.7-8.4-14l.2-.3L32.8,7.5Z\"\/>\n<\/svg><\/div><div class=\"w-iconbox-meta\"><h5 class=\"w-iconbox-title\">D\u00e9velopper une culture d&rsquo;entreprise innovante<\/h5><\/div><\/div><div class=\"wpb_text_column\"><div class=\"wpb_wrapper\"><p>Nous t&rsquo;aidons \u00e0 construire une culture o\u00f9 la cr\u00e9ativit\u00e9 et l&rsquo;esprit d&rsquo;entreprise s&rsquo;\u00e9panouissent. Les employ\u00e9s sont encourag\u00e9s \u00e0 apporter de nouvelles id\u00e9es, ce qui entra\u00eene un flux continu d&rsquo;innovations au sein de ton entreprise.<\/p>\n<\/div><\/div><\/div><\/div><a href=\"https:\/\/www.o2c2.eu\/fr\/contact\/\" class=\"vc_column-link smooth-scroll\" aria-label=\"Lien\"><\/a><\/div><div class=\"vc_col-sm-12 vc_col-lg-6 vc_col-md-6 wpb_column vc_column_container radiusTR has-link\"><div class=\"vc_column-inner\"><div class=\"wpb_wrapper\"><div class=\"w-iconbox us_custom_8d5aa4e2 iconpos_left style_default color_primary align_none no_text icontype_img\"><div class=\"w-iconbox-icon\" style=\"font-size:100px;\"><?xml version=\"1.0\" encoding=\"UTF-8\"?>\n<svg id=\"Layer_1\" data-name=\"Layer 1\" xmlns=\"http:\/\/www.w3.org\/2000\/svg\" version=\"1.1\" viewBox=\"0 0 82 73.5\">\n  <defs>\n    <style>\n      .cls-1 {\n        fill: none;\n        stroke: #65868d;\n      }\n    <\/style>\n  <\/defs>\n  <path class=\"cls-1\" d=\"M32.8,7.5c3.6-6.2,12.5-6.3,16.3-.3l.2.3,28.1,48.8c3.7,6.3-.9,14.2-8.2,14.2H12.9c-7.2,0-11.7-7.7-8.4-14l.2-.3L32.8,7.5Z\"\/>\n<\/svg><\/div><div class=\"w-iconbox-meta\"><h5 class=\"w-iconbox-title\">Une croissance acc\u00e9l\u00e9r\u00e9e et durable<\/h5><\/div><\/div><div class=\"wpb_text_column\"><div class=\"wpb_wrapper\"><p>Notre approche de la gestion de l&rsquo;innovation garantit que les projets d&rsquo;innovation sont efficacement mis en \u0153uvre et mis \u00e0 l&rsquo;\u00e9chelle. De cette fa\u00e7on, tu obtiens une croissance durable acc\u00e9l\u00e9r\u00e9e, car les innovations r\u00e9ussies contribuent directement aux r\u00e9sultats de ton entreprise.<\/p>\n<\/div><\/div><\/div><\/div><a href=\"https:\/\/www.o2c2.eu\/fr\/contact\/\" class=\"vc_column-link smooth-scroll\" aria-label=\"Lien\"><\/a><\/div><div class=\"vc_col-sm-12 vc_col-lg-6 vc_col-md-6 wpb_column vc_column_container radiusBL has-link\"><div class=\"vc_column-inner\"><div class=\"wpb_wrapper\"><div class=\"w-iconbox us_custom_8d5aa4e2 iconpos_left style_default color_primary align_none no_text icontype_img\"><div class=\"w-iconbox-icon\" style=\"font-size:100px;\"><?xml version=\"1.0\" encoding=\"UTF-8\"?>\n<svg id=\"Layer_1\" data-name=\"Layer 1\" xmlns=\"http:\/\/www.w3.org\/2000\/svg\" version=\"1.1\" viewBox=\"0 0 82 73.5\">\n  <defs>\n    <style>\n      .cls-1 {\n        fill: none;\n        stroke: #65868d;\n      }\n    <\/style>\n  <\/defs>\n  <path class=\"cls-1\" d=\"M32.8,7.5c3.6-6.2,12.5-6.3,16.3-.3l.2.3,28.1,48.8c3.7,6.3-.9,14.2-8.2,14.2H12.9c-7.2,0-11.7-7.7-8.4-14l.2-.3L32.8,7.5Z\"\/>\n<\/svg><\/div><div class=\"w-iconbox-meta\"><h5 class=\"w-iconbox-title\">Une position concurrentielle plus forte<\/h5><\/div><\/div><div class=\"wpb_text_column\"><div class=\"wpb_wrapper\"><p>Avec O2C2, tu augmenteras ton avantage concurrentiel. Ensemble, nous travaillerons sur des concepts et des am\u00e9liorations distinctifs qui te permettront de garder une longueur d&rsquo;avance sur la concurrence, en am\u00e9liorant structurellement ta position sur le march\u00e9.<\/p>\n<\/div><\/div><\/div><\/div><a href=\"https:\/\/www.o2c2.eu\/fr\/contact\/\" class=\"vc_column-link smooth-scroll\" aria-label=\"Lien\"><\/a><\/div><div class=\"vc_col-sm-12 vc_col-lg-6 vc_col-md-6 wpb_column vc_column_container radiusBR has-link\"><div class=\"vc_column-inner\"><div class=\"wpb_wrapper\"><div class=\"w-iconbox us_custom_8d5aa4e2 iconpos_left style_default color_primary align_none no_text icontype_img\"><div class=\"w-iconbox-icon\" style=\"font-size:100px;\"><?xml version=\"1.0\" encoding=\"UTF-8\"?>\n<svg id=\"Layer_1\" data-name=\"Layer 1\" xmlns=\"http:\/\/www.w3.org\/2000\/svg\" version=\"1.1\" viewBox=\"0 0 82 73.5\">\n  <defs>\n    <style>\n      .cls-1 {\n        fill: none;\n        stroke: #65868d;\n      }\n    <\/style>\n  <\/defs>\n  <path class=\"cls-1\" d=\"M32.8,7.5c3.6-6.2,12.5-6.3,16.3-.3l.2.3,28.1,48.8c3.7,6.3-.9,14.2-8.2,14.2H12.9c-7.2,0-11.7-7.7-8.4-14l.2-.3L32.8,7.5Z\"\/>\n<\/svg><\/div><div class=\"w-iconbox-meta\"><h5 class=\"w-iconbox-title\">Conseils sur la transformation<\/h5><\/div><\/div><div class=\"wpb_text_column\"><div class=\"wpb_wrapper\"><p>Nos experts te guident dans l&rsquo;adoption de la transformation. Nous veillons \u00e0 ce que les innovations perturbatrices ne soient pas une menace mais une opportunit\u00e9, afin que ton organisation reste \u00e0 l&rsquo;\u00e9preuve du temps dans un monde qui \u00e9volue rapidement.<\/p>\n<\/div><\/div><\/div><\/div><a href=\"https:\/\/www.o2c2.eu\/fr\/contact\/\" class=\"vc_column-link smooth-scroll\" aria-label=\"Lien\"><\/a><\/div><\/div><\/div><\/section><section class=\"l-section wpb_row us_custom_5016ded7 height_auto\"><div class=\"l-section-h i-cf\"><div class=\"g-cols vc_row via_flex valign_top type_default stacking_default\"><div class=\"vc_col-sm-12 wpb_column vc_column_container\"><div class=\"vc_column-inner\"><div class=\"wpb_wrapper\"><div class=\"w-hwrapper valign_middle wrap default_align_right laptops_align_right tablets_align_right mobiles_align_none\" style=\"--hwrapper-gap:1rem\"><div class=\"w-btn-wrapper align_right\"><a class=\"w-btn us-btn-style_3\" href=\"https:\/\/www.o2c2.eu\/fr\/a-propos\/\"><span class=\"w-btn-label\">Plus d&rsquo;informations<\/span><\/a><\/div><div class=\"w-btn-wrapper align_right\"><a class=\"w-btn us-btn-style_1\" href=\"https:\/\/www.o2c2.eu\/fr\/contact\/\"><span class=\"w-btn-label\">Contact<\/span><\/a><\/div><\/div><\/div><\/div><\/div><\/div><\/div><\/section><section class=\"l-section wpb_row us_custom_13070f23 height_large\"><div class=\"l-section-h i-cf\"><div class=\"g-cols vc_row via_flex valign_top type_default stacking_default\"><div class=\"vc_col-sm-12 wpb_column vc_column_container\"><div class=\"vc_column-inner\"><div class=\"wpb_wrapper\"><div class=\"wpb_text_column\"><div class=\"wpb_wrapper\"><h6>Pour qui<\/h6>\n<\/div><\/div><div class=\"wpb_text_column\"><div class=\"wpb_wrapper\"><h2>Stimule ton \u00e9quipe<\/h2>\n<\/div><\/div><\/div><\/div><\/div><\/div><\/div><\/section><section class=\"l-section wpb_row us_custom_fc9938bc audiencesctn height_large\"><div class=\"l-section-h i-cf\"><div class=\"g-cols vc_row via_flex valign_top type_default stacking_default\"><div class=\"vc_col-sm-12 wpb_column vc_column_container has-link\"><div class=\"vc_column-inner\"><div class=\"wpb_wrapper\"><div class=\"g-cols wpb_row via_flex valign_middle type_default stacking_default\"><div class=\"vc_col-sm-2 wpb_column vc_column_container\"><div class=\"vc_column-inner\"><div class=\"wpb_wrapper\"><div class=\"w-hwrapper valign_middle align_justify\" style=\"--hwrapper-gap:0rem\"><div class=\"w-iconbox iconpos_top style_outlined color_primary align_none no_text no_title\"><div class=\"w-iconbox-icon\" style=\"font-size:1.5rem;\"><i class=\"fas fa-arrow-right\"><\/i><\/div><div class=\"w-iconbox-meta\"><\/div><\/div><div class=\"w-btn-wrapper align_none hide_on_default hide_on_laptops hide_on_tablets\"><a class=\"w-btn us-btn-style_1\" href=\"https:\/\/www.o2c2.eu\/organisaties\/\"><span class=\"w-btn-label\">Plus d&rsquo;informations<\/span><\/a><\/div><\/div><\/div><\/div><\/div><div class=\"vc_col-sm-5 wpb_column vc_column_container\"><div class=\"vc_column-inner\"><div class=\"wpb_wrapper\"><div class=\"wpb_text_column\"><div class=\"wpb_wrapper\"><h4>Organisations<\/h4>\n<\/div><\/div><\/div><\/div><\/div><div class=\"vc_col-sm-5 wpb_column vc_column_container\"><div class=\"vc_column-inner\"><div class=\"wpb_wrapper\"><div class=\"wpb_text_column\"><div class=\"wpb_wrapper\"><p>L&rsquo;innovation : pas un luxe, mais une n\u00e9cessit\u00e9 dans un monde qui va \u00e0 la vitesse de l&rsquo;\u00e9clair.<\/p>\n<\/div><\/div><\/div><\/div><\/div><\/div><\/div><\/div><a href=\"https:\/\/www.o2c2.eu\/fr\/organisations\/\" class=\"vc_column-link smooth-scroll\" aria-label=\"Lien\"><\/a><\/div><div class=\"vc_col-sm-12 wpb_column vc_column_container has-link\"><div class=\"vc_column-inner\"><div class=\"wpb_wrapper\"><div class=\"g-cols wpb_row via_flex valign_middle type_default stacking_default\"><div class=\"vc_col-sm-2 wpb_column vc_column_container\"><div class=\"vc_column-inner\"><div class=\"wpb_wrapper\"><div class=\"w-hwrapper valign_middle align_justify\" style=\"--hwrapper-gap:0rem\"><div class=\"w-iconbox iconpos_top style_outlined color_primary align_none no_text no_title\"><div class=\"w-iconbox-icon\" style=\"font-size:1.5rem;\"><i class=\"fas fa-arrow-right\"><\/i><\/div><div class=\"w-iconbox-meta\"><\/div><\/div><div class=\"w-btn-wrapper align_none hide_on_default hide_on_laptops hide_on_tablets\"><a class=\"w-btn us-btn-style_1\" href=\"https:\/\/www.o2c2.eu\/consultants-adviseurs\/\"><span class=\"w-btn-label\">Plus d&rsquo;informations<\/span><\/a><\/div><\/div><\/div><\/div><\/div><div class=\"vc_col-sm-5 wpb_column vc_column_container\"><div class=\"vc_column-inner\"><div class=\"wpb_wrapper\"><div class=\"wpb_text_column\"><div class=\"wpb_wrapper\"><h4>Consultants \/ conseillers<\/h4>\n<\/div><\/div><\/div><\/div><\/div><div class=\"vc_col-sm-5 wpb_column vc_column_container\"><div class=\"vc_column-inner\"><div class=\"wpb_wrapper\"><div class=\"wpb_text_column\"><div class=\"wpb_wrapper\"><p>Renforce ton impact en tant que consultant : lib\u00e8re le potentiel de tes clients avec o2c2<\/p>\n<\/div><\/div><\/div><\/div><\/div><\/div><\/div><\/div><a href=\"https:\/\/www.o2c2.eu\/fr\/consultants-et-conseillers\/\" class=\"vc_column-link smooth-scroll\" aria-label=\"Lien\"><\/a><\/div><\/div><\/div><\/section><section class=\"l-section wpb_row height_medium\"><div class=\"l-section-h i-cf\"><div class=\"g-cols vc_row via_flex valign_top type_default stacking_default\"><div class=\"vc_col-sm-12 wpb_column vc_column_container\"><div class=\"vc_column-inner\"><div class=\"wpb_wrapper\"><div class=\"wpb_text_column\"><div class=\"wpb_wrapper\"><h3>o2c2 : Enrichis ta bo\u00eete \u00e0 outils et augmente ton impact<\/h3>\n<p>Avec o2c2, tu as acc\u00e8s \u00e0 des outils et \u00e0 une expertise de haute qualit\u00e9 qui font passer ta pratique du coaching au niveau sup\u00e9rieur. Diff\u00e9rencie-toi des autres coachs en proposant une approche syst\u00e9mique fond\u00e9e sur des donn\u00e9es probantes qui donne r\u00e9ellement des r\u00e9sultats.Contacte-nous d\u00e8s aujourd&rsquo;hui pour d\u00e9couvrir comment o2c2 peut t&rsquo;aider \u00e0 lib\u00e9rer le potentiel de tes clients et \u00e0 renforcer ta propre expertise.<\/p>\n<\/div><\/div><div class=\"w-separator size_medium\"><\/div><div class=\"w-btn-wrapper align_none\"><a class=\"w-btn us-btn-style_2\" href=\"https:\/\/www.o2c2.eu\/fr\/prends-rendez-vous\/\"><span class=\"w-btn-label\">Prends rendez-vous<\/span><\/a><\/div><div class=\"w-separator size_medium\"><\/div><\/div><\/div><\/div><\/div><\/div><\/section><section class=\"l-section wpb_row us_custom_b03640aa height_huge\"><div class=\"l-section-h i-cf\"><div class=\"g-cols vc_row via_flex valign_middle type_default stacking_default\" style=\"--additional-gap:15px;\"><div class=\"vc_col-sm-3\/5 wpb_column vc_column_container bgleft has_bg_color\"><div class=\"vc_column-inner us_custom_39855eab\"><div class=\"wpb_wrapper\"><div class=\"wpb_text_column us_custom_2a495adc has_text_color\"><div class=\"wpb_wrapper\"><h3>Gestion de l&rsquo;innovation pour une croissance durable et un leadership sur le march\u00e9<\/h3>\n<\/div><\/div><div class=\"w-separator size_small\"><\/div><div class=\"wpb_text_column us_custom_b860ca69 has_text_color\"><div class=\"wpb_wrapper\"><p>\u00c0 une \u00e9poque de transformation continue, d&rsquo;innovation perturbatrice et incr\u00e9mentale, l&rsquo;innovation permanente est la cl\u00e9 d&rsquo;un succ\u00e8s continu. Organisations qui investissent de mani\u00e8re proactive dans la gestion de l&rsquo;innovation construit une croissance durable et maintient son avantage concurrentiel. En mettant fortement l&rsquo;accent sur l&rsquo;innovation, tu t&rsquo;assures que ton organisation est \u00e0 l&rsquo;\u00e9preuve du temps, qu&rsquo;elle s&rsquo;adapte rapidement au changement et qu&rsquo;elle pose ainsi les bases d&rsquo;une position de leader sur le march\u00e9.<\/p>\n<\/div><\/div><div class=\"w-btn-wrapper align_none\"><a class=\"w-btn us-btn-style_2 us_custom_1593ec28\" href=\"https:\/\/www.o2c2.eu\/fr\/prends-rendez-vous\/\"><span class=\"w-btn-label\">Prends rendez-vous<\/span><\/a><\/div><\/div><\/div><\/div><div class=\"vc_col-sm-2\/5 wpb_column vc_column_container imgtopleftradius has_bg_color stretched\"><div class=\"vc_column-inner us_custom_04b9bfcc\"><div class=\"wpb_wrapper\"><\/div><\/div><\/div><\/div><\/div><\/section>\n","protected":false},"excerpt":{"rendered":"L&rsquo;innovation syst\u00e9mique pour une croissance durable De nombreuses entreprises essaient de stimuler l&rsquo;innovation par des initiatives isol\u00e9es. Cependant, une innovation r\u00e9elle et durable n\u00e9cessite une approche syst\u00e9mique - une approche qui inscrit la cr\u00e9ativit\u00e9 et l&rsquo;innovation dans l&rsquo;ADN de l&rsquo;organisation. C&rsquo;est exactement l\u00e0 que o2c2 se distingue. Valeurs Cr\u00e9ativit\u00e9 et innovation, fond\u00e9es sur la science...","protected":false},"author":1,"featured_media":0,"parent":0,"menu_order":0,"comment_status":"closed","ping_status":"closed","template":"","meta":{"_acf_changed":false,"content-type":"","_mo_disable_npp":"","footnotes":""},"class_list":["post-1408","page","type-page","status-publish","hentry"],"acf":[],"aioseo_notices":[],"_links":{"self":[{"href":"https:\/\/www.o2c2.eu\/fr\/wp-json\/wp\/v2\/pages\/1408","targetHints":{"allow":["GET"]}}],"collection":[{"href":"https:\/\/www.o2c2.eu\/fr\/wp-json\/wp\/v2\/pages"}],"about":[{"href":"https:\/\/www.o2c2.eu\/fr\/wp-json\/wp\/v2\/types\/page"}],"author":[{"embeddable":true,"href":"https:\/\/www.o2c2.eu\/fr\/wp-json\/wp\/v2\/users\/1"}],"replies":[{"embeddable":true,"href":"https:\/\/www.o2c2.eu\/fr\/wp-json\/wp\/v2\/comments?post=1408"}],"version-history":[{"count":13,"href":"https:\/\/www.o2c2.eu\/fr\/wp-json\/wp\/v2\/pages\/1408\/revisions"}],"predecessor-version":[{"id":1950,"href":"https:\/\/www.o2c2.eu\/fr\/wp-json\/wp\/v2\/pages\/1408\/revisions\/1950"}],"wp:attachment":[{"href":"https:\/\/www.o2c2.eu\/fr\/wp-json\/wp\/v2\/media?parent=1408"}],"curies":[{"name":"wp","href":"https:\/\/api.w.org\/{rel}","templated":true}]}}