{"id":1447,"date":"2025-05-19T11:05:22","date_gmt":"2025-05-19T09:05:22","guid":{"rendered":"https:\/\/www.o2c2.eu\/solutions\/coaching\/"},"modified":"2025-08-05T11:30:25","modified_gmt":"2025-08-05T09:30:25","slug":"coaching","status":"publish","type":"page","link":"https:\/\/www.o2c2.eu\/fr\/consultants-et-conseillers\/solutions\/coaching\/","title":{"rendered":"Coaching"},"content":{"rendered":"<section class=\"l-section wpb_row us_custom_4f6dc046 height_medium\"><div class=\"l-section-h i-cf\"><div class=\"g-cols vc_row via_flex valign_middle type_default stacking_default\" style=\"--additional-gap:15px;\"><div class=\"vc_col-sm-3\/5 wpb_column vc_column_container bgleft has_bg_color\"><div class=\"vc_column-inner us_custom_39855eab\"><div class=\"wpb_wrapper\"><nav class=\"g-breadcrumbs us_custom_c0e1b93e has_text_color separator_icon align_none\" itemscope itemtype=\"http:\/\/schema.org\/BreadcrumbList\"><div class=\"g-breadcrumbs-item\" itemscope itemprop=\"itemListElement\" itemtype=\"http:\/\/schema.org\/ListItem\"><a itemprop=\"item\" href=\"https:\/\/www.o2c2.eu\/fr\/\"><span itemprop=\"name\">Accueil<\/span><\/a><meta itemprop=\"position\" content=\"1\"\/><\/div><div class=\"g-breadcrumbs-separator\"><i class=\"far fa-chevron-right\"><\/i><\/div><div class=\"g-breadcrumbs-item\">Pages<\/div><\/nav><div class=\"w-separator size_small\"><\/div><div class=\"wpb_text_column us_custom_2a495adc has_text_color\"><div class=\"wpb_wrapper\"><h1>Coaching<\/h1>\n<\/div><\/div><div class=\"wpb_text_column us_custom_b860ca69 has_text_color\"><div class=\"wpb_wrapper\"><p>Nous proposons une <strong>m\u00e9thodologie efficace pour les situations complexes<\/strong>. Avec nos outils, nous offrons aux coachs un enrichissement de la m\u00e9thode de coaching traditionnelle. L&rsquo;int\u00e9gration de notre m\u00e9thodologie est tr\u00e8s adapt\u00e9e dans les situations complexes VUCA.<\/p>\n<p>Nos outils de diagnostic permettent de proposer un <strong>accompagnement personnalis\u00e9<\/strong> et de r\u00e9pondre aux besoins de d\u00e9marches collaboratives.<\/p>\n<\/div><\/div><div class=\"w-hwrapper us_custom_970d6b3e valign_middle wrap default_align_right laptops_align_right tablets_align_right mobiles_align_none\" style=\"--hwrapper-gap:0.4rem\"><div class=\"w-btn-wrapper align_none hide_on_mobiles\"><a class=\"w-btn us-btn-style_3\" href=\"https:\/\/www.o2c2.eu\/fr\/contact\/\"><span class=\"w-btn-label\">Contact<\/span><\/a><\/div><div class=\"w-btn-wrapper align_none\"><a class=\"w-btn us-btn-style_2\" href=\"https:\/\/www.o2c2.eu\/fr\/prends-rendez-vous\/\"><span class=\"w-btn-label\">Prends rendez-vous<\/span><\/a><\/div><\/div><\/div><\/div><\/div><div class=\"vc_col-sm-2\/5 wpb_column vc_column_container imgtopleftradius has_bg_color stretched\"><div class=\"vc_column-inner us_custom_a71ec01f\"><div class=\"wpb_wrapper\"><\/div><\/div><\/div><\/div><\/div><\/section><section class=\"l-section wpb_row us_custom_e11ab399 moreinfoblock height_large\"><div class=\"l-section-h i-cf\"><div class=\"g-cols vc_row via_flex valign_top type_default stacking_default\" style=\"--additional-gap:15px;\"><div class=\"vc_col-sm-3\/5 wpb_column vc_column_container\"><div class=\"vc_column-inner us_custom_769b110d\"><div class=\"wpb_wrapper\"><div class=\"wpb_text_column\"><div class=\"wpb_wrapper\"><h6>Diversit\u00e9 cognitive<\/h6>\n<\/div><\/div><div class=\"wpb_text_column\"><div class=\"wpb_wrapper\"><h2>Notre approche unique : un coaching d&rsquo;excellence bas\u00e9 sur la science<\/h2>\n<\/div><\/div><div class=\"w-separator size_small\"><\/div><div class=\"wpb_text_column\"><div class=\"wpb_wrapper\"><p><span style=\"font-weight: 400;\">Pour le march\u00e9 du coaching organisationnel, nous proposons trois \u00e9l\u00e9ments uniques qui, ensemble, forment un cadre puissant pour le d\u00e9veloppement organisationnel.<\/span><\/p>\n<ul>\n<li style=\"font-weight: 400;\" aria-level=\"1\"><b>M\u00e9thodologie scientifique int\u00e9gr\u00e9e trifecta<\/b><span style=\"font-weight: 400;\">Le tripl\u00e9 : nous nous distinguons par la combinaison unique de trois m\u00e9thodologies scientifiquement fond\u00e9es : VIEW pour les styles de r\u00e9solution de probl\u00e8mes, SOQ pour le climat d&rsquo;innovation et CPS 6.1 pour la r\u00e9solution syst\u00e9matique des probl\u00e8mes.<\/span><\/li>\n<li style=\"font-weight: 400;\" aria-level=\"1\"><b>Diagnostic syst\u00e9matique du style pour un coaching personnalis\u00e9<\/b><span style=\"font-weight: 400;\">Le coaching : nous n&rsquo;adoptons pas une approche unique, mais nous offrons un coaching VRAIMENT personnalis\u00e9 en nous concentrant sur les styles individuels de r\u00e9solution de probl\u00e8mes.<\/span><\/li>\n<li style=\"font-weight: 400;\" aria-level=\"1\"><b>Int\u00e9gration flexible aux m\u00e9thodologies existantes<\/b><span>: nous ne nous en tenons pas \u00e0 une approche sp\u00e9cifique, mais nous int\u00e9grons notre m\u00e9thodologie de mani\u00e8re transparente aux m\u00e9thodes de travail Agile, aux processus all\u00e9g\u00e9s et aux structures organisationnelles existantes.<\/span><\/li>\n<\/ul>\n<\/div><\/div><\/div><\/div><\/div><div class=\"vc_col-sm-2\/5 wpb_column vc_column_container iconrotation has_bg_color\"><div class=\"vc_column-inner us_custom_b90039b2 type_sticky\"><div class=\"wpb_wrapper\"><div class=\"w-iconbox us_custom_2a495adc has_text_color iconpos_left style_outlined color_custom align_none no_text\"><div class=\"w-iconbox-icon\" style=\"font-size:1.5rem;--icon-color:#F2E8C9;--icon-bg-color:var(--color-beige);\"><i class=\"fas fa-arrow-right\"><\/i><\/div><div class=\"w-iconbox-meta\"><h5 class=\"w-iconbox-title\">L&rsquo;\u00e9nergie nucl\u00e9aire<\/h5><\/div><\/div><div class=\"w-separator size_small\"><\/div><div class=\"w-iconbox us_custom_2a495adc has_text_color iconpos_left style_outlined color_custom align_none no_text\"><div class=\"w-iconbox-icon\" style=\"font-size:1.5rem;--icon-color:#F2E8C9;--icon-bg-color:var(--color-beige);\"><i class=\"fas fa-arrow-right\"><\/i><\/div><div class=\"w-iconbox-meta\"><h5 class=\"w-iconbox-title\">Sur mesure<\/h5><\/div><\/div><div class=\"w-separator size_small\"><\/div><div class=\"w-iconbox us_custom_2a495adc has_text_color iconpos_left style_outlined color_custom align_none no_text\"><div class=\"w-iconbox-icon\" style=\"font-size:1.5rem;--icon-color:#F2E8C9;--icon-bg-color:var(--color-beige);\"><i class=\"fas fa-arrow-right\"><\/i><\/div><div class=\"w-iconbox-meta\"><h5 class=\"w-iconbox-title\">Force de connexion<\/h5><\/div><\/div><\/div><\/div><\/div><\/div><\/div><\/section><section class=\"l-section wpb_row height_auto width_full\"><div class=\"l-section-h i-cf\"><div class=\"g-cols vc_row via_flex valign_top type_default stacking_default\"><div class=\"vc_col-sm-12 wpb_column vc_column_container\"><div class=\"vc_column-inner\"><div class=\"wpb_wrapper\"><div class=\"w-image us_custom_8c997be1 imgopacity has_height align_none\"><div class=\"w-image-h\"><img decoding=\"async\" src=\"https:\/\/www.o2c2.eu\/wp-content\/uploads\/2025\/05\/Logo_oc2c.svg\" class=\"attachment-full size-full\" alt=\"logo o2c2\" loading=\"lazy\" \/><\/div><\/div><\/div><\/div><\/div><\/div><\/div><\/section><section class=\"l-section wpb_row us_custom_13070f23 audiencesctn height_large\"><div class=\"l-section-h i-cf\"><div class=\"g-cols vc_row via_flex valign_bottom type_default stacking_default\"><div class=\"vc_col-sm-6 wpb_column vc_column_container\"><div class=\"vc_column-inner\"><div class=\"wpb_wrapper\"><div class=\"wpb_text_column\"><div class=\"wpb_wrapper\"><h6>Coaching<\/h6>\n<\/div><\/div><div class=\"wpb_text_column\"><div class=\"wpb_wrapper\"><h2>Expertise en mati\u00e8re de leadership, d&rsquo;\u00e9quipes et de complexit\u00e9<\/h2>\n<\/div><\/div><\/div><\/div><\/div><div class=\"vc_col-sm-6 wpb_column vc_column_container\"><div class=\"vc_column-inner\"><div class=\"wpb_wrapper\"><div class=\"wpb_text_column\"><div class=\"wpb_wrapper\"><p>Nos outils favorisent non seulement l&rsquo;<strong>int\u00e9gration aux processus organisationnels existants<\/strong>, mais aussi \u00e0 la culture organisationnelle.<\/p>\n<\/div><\/div><\/div><\/div><\/div><\/div><\/div><\/section><section class=\"l-section wpb_row height_medium\"><div class=\"l-section-h i-cf\"><div class=\"g-cols vc_row via_flex valign_top type_default stacking_default\"><div class=\"vc_col-sm-12 wpb_column vc_column_container\"><div class=\"vc_column-inner\"><div class=\"wpb_wrapper\"><div class=\"w-tabs accordioninfo style_default switch_click accordion\" style=\"--sections-title-size:inherit\"><div class=\"w-tabs-sections titles-align_none icon_none\"><div class=\"w-tabs-section\" id=\"q195\"><button class=\"w-tabs-section-header with_icon\" aria-controls=\"content-q195\" aria-expanded=\"false\"><i class=\"fas fa-arrow-right\"><\/i><h4 class=\"w-tabs-section-title\">Coaching de cadres<\/h4><div class=\"w-tabs-section-control\"><\/div><\/button><div  class=\"w-tabs-section-content\" id=\"content-q195\"><div class=\"w-tabs-section-content-h i-cf\"><div class=\"wpb_text_column\"><div class=\"wpb_wrapper\"><p>Nous am\u00e9liorons l&rsquo;efficacit\u00e9 des entra\u00eeneurs gr\u00e2ce \u00e0 une combinaison unique d&rsquo;outils scientifiquement valid\u00e9s et \u00e0 plus de 50 ans d&rsquo;expertise internationale collective en mati\u00e8re de styles de r\u00e9solution de probl\u00e8mes et de m\u00e9thodologie d&rsquo;entra\u00eenement. En <strong>cartographiant<\/strong> syst\u00e9matiquement <strong>les<\/strong> <strong>pr\u00e9f\u00e9rences naturelles en mati\u00e8re de r\u00e9solution de probl\u00e8mes<\/strong>, les coachs peuvent adapter de fa\u00e7on optimale leurs interventions aux besoins des individus et des \u00e9quipes. Cette approche syst\u00e9matique, qui va au-del\u00e0 des cadres de coaching traditionnels, permet aux leaders de d\u00e9velopper des strat\u00e9gies adaptatives de r\u00e9solution de probl\u00e8mes qui r\u00e9alisent des am\u00e9liorations mesurables de l&rsquo;efficacit\u00e9 de l&rsquo;\u00e9quipe.<\/p>\n<\/div><\/div><\/div><\/div><\/div><div class=\"w-tabs-section\" id=\"m26c\"><button class=\"w-tabs-section-header with_icon\" aria-controls=\"content-m26c\" aria-expanded=\"false\"><i class=\"fas fa-arrow-right\"><\/i><h4 class=\"w-tabs-section-title\">Des \u00e9quipes tr\u00e8s performantes<\/h4><div class=\"w-tabs-section-control\"><\/div><\/button><div  class=\"w-tabs-section-content\" id=\"content-m26c\"><div class=\"w-tabs-section-content-h i-cf\"><div class=\"wpb_text_column\"><div class=\"wpb_wrapper\"><p>\u00c9quipes tr\u00e8s performantes se distinguent par une <strong>communication solide, la confiance et l&rsquo;accent mis sur les r\u00e9sultats<\/strong>, des \u00e9l\u00e9ments profond\u00e9ment ancr\u00e9s dans notre approche authentique et centr\u00e9e sur les personnes. Ces \u00e9quipes excellent par leur capacit\u00e9 \u00e0 <strong>exploiter la<\/strong> <strong>diversit\u00e9<\/strong> et \u00e0 travailler ensemble efficacement, notre exp\u00e9rience internationale dans des cultures et des pays divers apportant une perspective pr\u00e9cieuse.<\/p>\n<p>Le coaching de telles \u00e9quipes n\u00e9cessite une <strong>approche syst\u00e9matique<\/strong> qui prend en compte \u00e0 la fois les <strong>styles individuels<\/strong> et la <strong>dynamique de l&rsquo;\u00e9quipe<\/strong>, soutenue par des \u00e9valuations scientifiquement valid\u00e9es et des strat\u00e9gies de mise en \u0153uvre pratiques. Gr\u00e2ce \u00e0 des connaissances approfondies sur les styles de r\u00e9solution de probl\u00e8mes, combin\u00e9es \u00e0 notre exp\u00e9rience pratique dans la conduite d&rsquo;initiatives d&rsquo;innovation, les coachs sont mieux \u00e9quip\u00e9s pour guider ces \u00e9quipes vers des performances sup\u00e9rieures.<\/p>\n<\/div><\/div><\/div><\/div><\/div><div class=\"w-tabs-section\" id=\"l31e\"><button class=\"w-tabs-section-header with_icon\" aria-controls=\"content-l31e\" aria-expanded=\"false\"><i class=\"fas fa-arrow-right\"><\/i><h4 class=\"w-tabs-section-title\">Naviguer \u00e0 travers la complexit\u00e9 et l&rsquo;incertitude<\/h4><div class=\"w-tabs-section-control\"><\/div><\/button><div  class=\"w-tabs-section-content\" id=\"content-l31e\"><div class=\"w-tabs-section-content-h i-cf\"><div class=\"wpb_text_column\"><div class=\"wpb_wrapper\"><p>Avec la r\u00e9solution cr\u00e9ative de probl\u00e8mes (CPS 6.1\u2122), nous proposons aux entra\u00eeneurs un cadre de r\u00e9flexion fond\u00e9 sur des donn\u00e9es probantes qui a prouv\u00e9 son efficacit\u00e9 dans divers contextes culturels \u00e0 travers le monde. S&rsquo;appuyant sur des d\u00e9cennies de recherche et d&rsquo;exp\u00e9rience pratique, cette m\u00e9thodologie cr\u00e9e un \u00e9quilibre unique entre la pens\u00e9e divergente et la pens\u00e9e convergente, ce qui se traduit par des initiatives d&rsquo;innovation de grande qualit\u00e9. La <strong>structure flexible<\/strong> s&rsquo;int\u00e8gre parfaitement aux processus existants tels que Agile et Lean, notre approche syst\u00e9matique de l&rsquo;innovation permettant aux coachs de<strong> faciliter les<\/strong> <strong>cycles d&rsquo;apprentissage continu <\/strong>. Cette combinaison de rigueur scientifique et d&rsquo;applicabilit\u00e9 pratique permet aux coachs de <strong>renforcer la capacit\u00e9 d&rsquo;adaptation des organisations<\/strong> et de<strong> r\u00e9aliser des<\/strong> <strong>am\u00e9liorations mesurables<\/strong> de l&rsquo;efficacit\u00e9 organisationnelle.<\/p>\n<\/div><\/div><\/div><\/div><\/div><\/div><\/div><\/div><\/div><\/div><\/div><\/div><\/section><section class=\"l-section wpb_row us_custom_72668127 height_auto\"><div class=\"l-section-h i-cf\"><div class=\"g-cols vc_row via_flex valign_top type_default stacking_default\"><div class=\"vc_col-sm-1 wpb_column vc_column_container hide_on_default hide_on_laptops hide_on_tablets hide_on_mobiles\"><div class=\"vc_column-inner\"><div class=\"wpb_wrapper\"><\/div><\/div><\/div><div class=\"vc_col-sm-11 wpb_column vc_column_container imgtopleftradius has_bg_color stretched\"><div class=\"vc_column-inner us_custom_3715ece4\"><div class=\"wpb_wrapper\"><\/div><\/div><\/div><\/div><\/div><\/section><section class=\"l-section wpb_row us_custom_13070f23 audiencesctn height_large\"><div class=\"l-section-h i-cf\"><div class=\"g-cols vc_row via_flex valign_bottom type_default stacking_default\"><div class=\"vc_col-sm-6 wpb_column vc_column_container\"><div class=\"vc_column-inner\"><div class=\"wpb_wrapper\"><div class=\"wpb_text_column\"><div class=\"wpb_wrapper\"><h6>Solutions<\/h6>\n<\/div><\/div><div class=\"wpb_text_column\"><div class=\"wpb_wrapper\"><h2>Pour les consultants \/ conseillers<\/h2>\n<\/div><\/div><\/div><\/div><\/div><div class=\"vc_col-sm-6 wpb_column vc_column_container\"><div class=\"vc_column-inner\"><div class=\"wpb_wrapper\"><div class=\"wpb_text_column\"><div class=\"wpb_wrapper\"><p>D\u00e9couvre les solutions de <strong>coaching<\/strong> d&rsquo;O2C2 bas\u00e9es sur la science pour le coaching des cadres, les <strong>\u00e9quipes performantes<\/strong> et les <strong>d\u00e9fis organisationnels<\/strong> complexes. Des solutions personnalis\u00e9es avec des r\u00e9sultats mesurables.<\/p>\n<\/div><\/div><\/div><\/div><\/div><\/div><\/div><\/section><section class=\"l-section wpb_row us_custom_b03640aa height_large\"><div class=\"l-section-h i-cf\"><div class=\"g-cols vc_row via_flex valign_top type_default stacking_default\"><div class=\"vc_col-sm-12 wpb_column vc_column_container\"><div class=\"vc_column-inner\"><div class=\"wpb_wrapper\"><div class=\"g-cols wpb_row via_flex valign_top type_default stacking_default\"><div class=\"vc_col-sm-12 vc_col-lg-6 vc_col-md-12 wpb_column vc_column_container\"><div class=\"vc_column-inner\"><div class=\"wpb_wrapper\"><div class=\"w-grid type_grid layout_243 cols_2\" id=\"us_grid_1\" style=\"--columns:2;--gap:1rem;\"><style>@media (max-width:767px){#us_grid_1{--columns:1!important}}.layout_243 .w-grid-item-h{}.layout_243 .usg_vwrapper_1{transition-duration:0.3s;transform-origin:50% 50%;transform:scale(1) translate(0%,0%)}.layout_243 .w-grid-item-h:focus-within .usg_vwrapper_1,.layout_243 .w-grid-item-h:hover .usg_vwrapper_1{transform:scale(1) translate(0%,0%);opacity:1;background:var(--color-beige)!important;border-color:var(--color-beige)!important}.layout_243 .usg_image_1{height:75px!important;position:absolute!important;left:25px!important;top:40px!important}.layout_243 .usg_post_title_1{margin-bottom:10px!important}.layout_243 .usg_btn_1{font-size:14px!important;position:absolute!important;left:25px!important;bottom:40px!important;padding:1em!important}.layout_243 .usg_vwrapper_1{border-radius:0px 0px 0px 2em!important;padding:135px 25px 100px 25px!important;border:1px solid var(--color-pastelblue)!important}<\/style><div class=\"w-grid-list\">\t<article class=\"w-grid-item size_1x1 post-1214 page type-page status-publish has-post-thumbnail hentry\" data-id=\"1214\">\r\n\t\t<div class=\"w-grid-item-h\">\r\n\t\t\t\t\t\t<div class=\"w-vwrapper usg_vwrapper_1 pagegridhvr align_none valign_top has-link\" style=\"--vwrapper-gap:0rem\"><div class=\"w-image usg_image_1 has_height\"><div class=\"w-image-h\"><img decoding=\"async\" src=\"https:\/\/www.o2c2.eu\/wp-content\/uploads\/2025\/05\/Polygon-1-1.svg\" class=\"attachment-full size-full\" alt=\"\" loading=\"lazy\" \/><\/div><\/div><h5 class=\"w-post-elm post_title usg_post_title_1 entry-title\">Impact en tant que coach d&rsquo;entreprise<\/h5><p class=\"w-post-elm post_custom_field usg_post_custom_field_1 type_text small_page_description\"><p>Coaches d&rsquo;affaires Transformer le chaos en une croissance structur\u00e9e gr\u00e2ce \u00e0 des <strong>interventions cibl\u00e9es<\/strong> et \u00e0 l&rsquo;<strong>autonomisation<\/strong>.<\/p>\n<\/p><button class=\"w-btn us-btn-style_3 usg_btn_1 icon_atleft text_none\" aria-label=\"Button\"><i class=\"fas fa-arrow-right\"><\/i><\/button><a href=\"https:\/\/www.o2c2.eu\/fr\/consultants-et-conseillers\/solutions\/impact-en-tant-que-coach-dentreprise\/\" class=\"w-vwrapper-link smooth-scroll\" aria-label=\"Lien\"><\/a><\/div>\t\t<\/div>\r\n\t\t\t<\/article>\r\n\t<article class=\"w-grid-item size_1x1 post-1407 page type-page status-publish has-post-thumbnail hentry\" data-id=\"1407\">\r\n\t\t<div class=\"w-grid-item-h\">\r\n\t\t\t\t\t\t<div class=\"w-vwrapper usg_vwrapper_1 pagegridhvr align_none valign_top has-link\" style=\"--vwrapper-gap:0rem\"><div class=\"w-image usg_image_1 has_height\"><div class=\"w-image-h\"><img decoding=\"async\" src=\"https:\/\/www.o2c2.eu\/wp-content\/uploads\/2025\/05\/Polygon-1-1.svg\" class=\"attachment-full size-full\" alt=\"\" loading=\"lazy\" \/><\/div><\/div><h5 class=\"w-post-elm post_title usg_post_title_1 entry-title\">Changement et transformation<\/h5><p class=\"w-post-elm post_custom_field usg_post_custom_field_1 type_text small_page_description\"><p>Dans le paysage commercial turbulent d&rsquo;aujourd&rsquo;hui, les consultants en gestion du changement sont le lien crucial entre la vision strat\u00e9gique et la r\u00e9alit\u00e9 op\u00e9rationnelle.<\/p>\n<\/p><button class=\"w-btn us-btn-style_3 usg_btn_1 icon_atleft text_none\" aria-label=\"Button\"><i class=\"fas fa-arrow-right\"><\/i><\/button><a href=\"https:\/\/www.o2c2.eu\/fr\/consultants-et-conseillers\/solutions\/changement-et-transformation\/\" class=\"w-vwrapper-link smooth-scroll\" aria-label=\"Lien\"><\/a><\/div>\t\t<\/div>\r\n\t\t\t<\/article>\r\n<\/div><div class=\"w-grid-preloader\">\t<div class=\"g-preloader type_1\">\r\n\t\t<div><\/div>\r\n\t<\/div>\r\n\t<\/div>\t<div class=\"w-grid-json hidden\" onclick='return {&quot;action&quot;:&quot;us_ajax_grid&quot;,&quot;infinite_scroll&quot;:0,&quot;max_num_pages&quot;:1,&quot;pagination&quot;:&quot;none&quot;,&quot;template_vars&quot;:{&quot;columns&quot;:&quot;2&quot;,&quot;exclude_items&quot;:&quot;none&quot;,&quot;img_size&quot;:&quot;default&quot;,&quot;ignore_items_size&quot;:0,&quot;items_layout&quot;:&quot;243&quot;,&quot;items_offset&quot;:&quot;1&quot;,&quot;load_animation&quot;:&quot;none&quot;,&quot;overriding_link&quot;:&quot;%7B%22url%22%3A%22%22%7D&quot;,&quot;post_id&quot;:0,&quot;query_args&quot;:{&quot;ignore_sticky_posts&quot;:1,&quot;post_type&quot;:&quot;any&quot;,&quot;post__in&quot;:[&quot;111&quot;,&quot;74&quot;],&quot;posts_per_page&quot;:999},&quot;orderby_query_args&quot;:{&quot;orderby&quot;:{&quot;post__in&quot;:&quot;ASC&quot;},&quot;order&quot;:&quot;ASC&quot;},&quot;type&quot;:&quot;grid&quot;,&quot;us_grid_post_type&quot;:&quot;ids&quot;,&quot;us_grid_ajax_index&quot;:1,&quot;us_grid_filter_query_string&quot;:null,&quot;us_grid_index&quot;:1,&quot;page_args&quot;:[],&quot;lang&quot;:&quot;fr&quot;}}'><\/div>\r\n\t<\/div><\/div><\/div><\/div><div class=\"vc_col-sm-6 vc_hidden-md vc_hidden-sm vc_hidden-xs wpb_column vc_column_container imgtoprightradius has_bg_color\"><div class=\"vc_column-inner us_custom_70ace891\"><div class=\"wpb_wrapper\"><\/div><\/div><\/div><\/div><div class=\"w-separator size_small\"><\/div><div class=\"w-btn-wrapper align_right\"><a class=\"w-btn us-btn-style_1\" href=\"https:\/\/www.o2c2.eu\/fr\/contact\/\"><span class=\"w-btn-label\">Planifie une consultation gratuite<\/span><\/a><\/div><\/div><\/div><\/div><\/div><\/div><\/section>\n","protected":false},"excerpt":{"rendered":"AccueilPagesChangement et transformation Dans le paysage commercial turbulent d&rsquo;aujourd&rsquo;hui, les consultants en gestion du changement sont le lien crucial entre la vision strat\u00e9gique et la r\u00e9alit\u00e9 op\u00e9rationnelle. En tant qu&rsquo;experts en gestion du changement, ils orchestrent des transformations complexes en int\u00e9grant trois domaines fondamentaux synergiques : renforcer la capacit\u00e9 de changement syst\u00e9matique, guider la transformation...","protected":false},"author":1,"featured_media":124,"parent":1268,"menu_order":0,"comment_status":"closed","ping_status":"closed","template":"","meta":{"_acf_changed":false,"content-type":"","_mo_disable_npp":"","footnotes":""},"class_list":["post-1447","page","type-page","status-publish","has-post-thumbnail","hentry"],"acf":[],"aioseo_notices":[],"_links":{"self":[{"href":"https:\/\/www.o2c2.eu\/fr\/wp-json\/wp\/v2\/pages\/1447","targetHints":{"allow":["GET"]}}],"collection":[{"href":"https:\/\/www.o2c2.eu\/fr\/wp-json\/wp\/v2\/pages"}],"about":[{"href":"https:\/\/www.o2c2.eu\/fr\/wp-json\/wp\/v2\/types\/page"}],"author":[{"embeddable":true,"href":"https:\/\/www.o2c2.eu\/fr\/wp-json\/wp\/v2\/users\/1"}],"replies":[{"embeddable":true,"href":"https:\/\/www.o2c2.eu\/fr\/wp-json\/wp\/v2\/comments?post=1447"}],"version-history":[{"count":3,"href":"https:\/\/www.o2c2.eu\/fr\/wp-json\/wp\/v2\/pages\/1447\/revisions"}],"predecessor-version":[{"id":1903,"href":"https:\/\/www.o2c2.eu\/fr\/wp-json\/wp\/v2\/pages\/1447\/revisions\/1903"}],"up":[{"embeddable":true,"href":"https:\/\/www.o2c2.eu\/fr\/wp-json\/wp\/v2\/pages\/1268"}],"wp:featuredmedia":[{"embeddable":true,"href":"https:\/\/www.o2c2.eu\/fr\/wp-json\/wp\/v2\/media\/124"}],"wp:attachment":[{"href":"https:\/\/www.o2c2.eu\/fr\/wp-json\/wp\/v2\/media?parent=1447"}],"curies":[{"name":"wp","href":"https:\/\/api.w.org\/{rel}","templated":true}]}}