{"id":1499,"date":"2025-05-27T08:50:35","date_gmt":"2025-05-27T06:50:35","guid":{"rendered":"https:\/\/www.o2c2.eu\/contact\/"},"modified":"2025-07-16T11:59:09","modified_gmt":"2025-07-16T09:59:09","slug":"contact","status":"publish","type":"page","link":"https:\/\/www.o2c2.eu\/fr\/contact\/","title":{"rendered":"Contact"},"content":{"rendered":"<section class=\"l-section wpb_row height_medium\"><div class=\"l-section-h i-cf\"><div class=\"g-cols vc_row via_flex valign_top type_default stacking_default\" style=\"--additional-gap:15px;\"><div class=\"vc_col-sm-3\/5 wpb_column vc_column_container\"><div class=\"vc_column-inner us_custom_75eb898b\"><div class=\"wpb_wrapper\"><div class=\"wpb_text_column\"><div class=\"wpb_wrapper\"><h6>Construire ensemble l&rsquo;innovation et la croissance<\/h6>\n<\/div><\/div><div class=\"wpb_text_column\"><div class=\"wpb_wrapper\"><h1>Prends contact avec nous<\/h1>\n<\/div><\/div><div class=\"w-separator size_small\"><\/div><div class=\"wpb_text_column\"><div class=\"wpb_wrapper\"><p>Tu as des questions sur nos services, nos outils ou notre approche ? Tu veux en savoir plus sur la fa\u00e7on dont o2c2 peut aider ton organisation \u00e0 encourager la cr\u00e9ativit\u00e9, l&rsquo;innovation et le changement durable ? Notre \u00e9quipe, un groupe d&rsquo;experts exp\u00e9riment\u00e9s, est pr\u00eat \u00e0 d\u00e9marrer avec toi. Que tu sois \u00e0 la recherche d&rsquo;un soutien concret pour un projet, que tu aies besoin d&rsquo;un sparring partner pour des questions strat\u00e9giques, ou que tu veuilles simplement \u00eatre inspir\u00e9, nous serions ravis d&rsquo;avoir de tes nouvelles !<\/p>\n<\/div><\/div><div class=\"w-separator size_small\"><\/div><script>\nvar gform;gform||(document.addEventListener(\"gform_main_scripts_loaded\",function(){gform.scriptsLoaded=!0}),document.addEventListener(\"gform\/theme\/scripts_loaded\",function(){gform.themeScriptsLoaded=!0}),window.addEventListener(\"DOMContentLoaded\",function(){gform.domLoaded=!0}),gform={domLoaded:!1,scriptsLoaded:!1,themeScriptsLoaded:!1,isFormEditor:()=>\"function\"==typeof InitializeEditor,callIfLoaded:function(o){return!(!gform.domLoaded||!gform.scriptsLoaded||!gform.themeScriptsLoaded&&!gform.isFormEditor()||(gform.isFormEditor()&&console.warn(\"The use of gform.initializeOnLoaded() is deprecated in the form editor context and will be removed in Gravity Forms 3.1.\"),o(),0))},initializeOnLoaded:function(o){gform.callIfLoaded(o)||(document.addEventListener(\"gform_main_scripts_loaded\",()=>{gform.scriptsLoaded=!0,gform.callIfLoaded(o)}),document.addEventListener(\"gform\/theme\/scripts_loaded\",()=>{gform.themeScriptsLoaded=!0,gform.callIfLoaded(o)}),window.addEventListener(\"DOMContentLoaded\",()=>{gform.domLoaded=!0,gform.callIfLoaded(o)}))},hooks:{action:{},filter:{}},addAction:function(o,r,e,t){gform.addHook(\"action\",o,r,e,t)},addFilter:function(o,r,e,t){gform.addHook(\"filter\",o,r,e,t)},doAction:function(o){gform.doHook(\"action\",o,arguments)},applyFilters:function(o){return gform.doHook(\"filter\",o,arguments)},removeAction:function(o,r){gform.removeHook(\"action\",o,r)},removeFilter:function(o,r,e){gform.removeHook(\"filter\",o,r,e)},addHook:function(o,r,e,t,n){null==gform.hooks[o][r]&&(gform.hooks[o][r]=[]);var d=gform.hooks[o][r];null==n&&(n=r+\"_\"+d.length),gform.hooks[o][r].push({tag:n,callable:e,priority:t=null==t?10:t})},doHook:function(r,o,e){var t;if(e=Array.prototype.slice.call(e,1),null!=gform.hooks[r][o]&&((o=gform.hooks[r][o]).sort(function(o,r){return o.priority-r.priority}),o.forEach(function(o){\"function\"!=typeof(t=o.callable)&&(t=window[t]),\"action\"==r?t.apply(null,e):e[0]=t.apply(null,e)})),\"filter\"==r)return e[0]},removeHook:function(o,r,t,n){var e;null!=gform.hooks[o][r]&&(e=(e=gform.hooks[o][r]).filter(function(o,r,e){return!!(null!=n&&n!=o.tag||null!=t&&t!=o.priority)}),gform.hooks[o][r]=e)}});\n<\/script>\n\n                <div class='gf_browser_gecko gform_wrapper gravity-theme gform-theme--no-framework' data-form-theme='gravity-theme' data-form-index='0' id='gform_wrapper_1' ><div id='gf_1' class='gform_anchor' tabindex='-1'><\/div>\n                        <div class='gform_heading'>\n\t\t\t\t\t\t\t<p class='gform_required_legend'>\u00ab\u00a0<span class=\"gfield_required gfield_required_asterisk\">*<\/span>\u00a0\u00bb indique les champs n\u00e9cessaires<\/p>\n                        <\/div><form method='post' enctype='multipart\/form-data' target='gform_ajax_frame_1' id='gform_1'  action='\/fr\/wp-json\/wp\/v2\/pages\/1499#gf_1' data-formid='1' novalidate>\n                        <div class='gform-body gform_body'><div id='gform_fields_1' class='gform_fields top_label form_sublabel_below description_below validation_below'><div id=\"field_1_19\" class=\"gfield gfield--type-honeypot gform_validation_container field_sublabel_below gfield--has-description field_description_below field_validation_below gfield_visibility_visible\"  ><label class='gfield_label gform-field-label' for='input_1_19'>LinkedIn<\/label><div class='ginput_container'><input name='input_19' id='input_1_19' type='text' value='' autocomplete='new-password'\/><\/div><div class='gfield_description' id='gfield_description_1_19'>Ce champ n\u2019est utilis\u00e9 qu\u2019\u00e0 des fins de validation et devrait rester inchang\u00e9.<\/div><\/div><div id=\"field_1_3\" class=\"gfield gfield--type-text gfield--input-type-text gfield_contains_required field_sublabel_below gfield--no-description field_description_below field_validation_below gfield_visibility_visible\"  ><label class='gfield_label gform-field-label' for='input_1_3'>Nom*<span class=\"gfield_required\"><span class=\"gfield_required gfield_required_asterisk\">*<\/span><\/span><\/label><div class='ginput_container ginput_container_text'><input name='input_3' id='input_1_3' type='text' value='' class='large'    placeholder='Quel est ton nom ?' aria-required=\"true\" aria-invalid=\"false\"   \/><\/div><\/div><div id=\"field_1_6\" class=\"gfield gfield--type-email gfield--input-type-email gfield--width-full gfield_contains_required field_sublabel_below gfield--no-description field_description_below field_validation_below gfield_visibility_visible\"  ><label class='gfield_label gform-field-label' for='input_1_6'>Adresse \u00e9lectronique*<span class=\"gfield_required\"><span class=\"gfield_required gfield_required_asterisk\">*<\/span><\/span><\/label><div class='ginput_container ginput_container_email'>\n                            <input name='input_6' id='input_1_6' type='email' value='' class='large'   placeholder='Comment pouvons-nous t&#039;envoyer un courriel ?' aria-required=\"true\" aria-invalid=\"false\"  \/>\n                        <\/div><\/div><div id=\"field_1_12\" class=\"gfield gfield--type-text gfield--input-type-text gfield--width-full field_sublabel_below gfield--no-description field_description_below field_validation_below gfield_visibility_visible\"  ><label class='gfield_label gform-field-label' for='input_1_12'>Num\u00e9ro de t\u00e9l\u00e9phone<\/label><div class='ginput_container ginput_container_text'><input name='input_12' id='input_1_12' type='text' value='' class='large'    placeholder='\u00c0 quel num\u00e9ro de t\u00e9l\u00e9phone pouvons-nous te joindre ?'  aria-invalid=\"false\"   \/><\/div><\/div><div id=\"field_1_11\" class=\"gfield gfield--type-text gfield--input-type-text gfield--width-full field_sublabel_below gfield--no-description field_description_below field_validation_below gfield_visibility_visible\"  ><label class='gfield_label gform-field-label' for='input_1_11'>Sujet<\/label><div class='ginput_container ginput_container_text'><input name='input_11' id='input_1_11' type='text' value='' class='large'    placeholder='Sur quoi porte ta question ?'  aria-invalid=\"false\"   \/><\/div><\/div><div id=\"field_1_9\" class=\"gfield gfield--type-textarea gfield--input-type-textarea gfield--width-full gfield_contains_required field_sublabel_below gfield--no-description field_description_below field_validation_below gfield_visibility_visible\"  ><label class='gfield_label gform-field-label' for='input_1_9'>Question*<span class=\"gfield_required\"><span class=\"gfield_required gfield_required_asterisk\">*<\/span><\/span><\/label><div class='ginput_container ginput_container_textarea'><textarea name='input_9' id='input_1_9' class='textarea small'    placeholder='Tu as une question ou tu veux plus d&#039;informations sur une consultation sans engagement ? Demande-leur ici. ' aria-required=\"true\" aria-invalid=\"false\"   rows='10' cols='50'><\/textarea><\/div><\/div><div id=\"field_1_13\" class=\"gfield gfield--type-text gfield--input-type-text gfield--width-full field_sublabel_below gfield--no-description field_description_below field_validation_below gfield_visibility_visible\"  ><label class='gfield_label gform-field-label' for='input_1_13'>L&#039;heure<\/label><div class='ginput_container ginput_container_text'><input name='input_13' id='input_1_13' type='text' value='' class='large'    placeholder='Quand pouvons-nous te joindre par t\u00e9l\u00e9phone ?'  aria-invalid=\"false\"   \/><\/div><\/div><fieldset id=\"field_1_16\" class=\"gfield gfield--type-checkbox gfield--type-choice gfield--input-type-checkbox gfield--width-full field_sublabel_below gfield--no-description field_description_below hidden_label field_validation_below gfield_visibility_visible\"  ><legend class='gfield_label gform-field-label gfield_label_before_complex' >Bulletin d&#039;information<\/legend><div class='ginput_container ginput_container_checkbox'><div class='gfield_checkbox ' id='input_1_16'><div class='gchoice gchoice_1_16_1'>\n\t\t\t\t\t\t\t\t<input class='gfield-choice-input' name='input_16.1' type='checkbox'  value='Oui, je souhaite recevoir la lettre d&#039;information dans ma bo\u00eete aux lettres.'  id='choice_1_16_1'   \/>\n\t\t\t\t\t\t\t\t<label for='choice_1_16_1' id='label_1_16_1' class='gform-field-label gform-field-label--type-inline'>Oui, je souhaite recevoir la lettre d'information dans ma bo\u00eete aux lettres.<\/label>\n\t\t\t\t\t\t\t<\/div><\/div><\/div><\/fieldset><fieldset id=\"field_1_17\" class=\"gfield gfield--type-checkbox gfield--type-choice gfield--input-type-checkbox gfield--width-full field_sublabel_below gfield--no-description field_description_below hidden_label field_validation_below gfield_visibility_visible\"  ><legend class='gfield_label gform-field-label gfield_label_before_complex' >Conditions g\u00e9n\u00e9rales de vente<\/legend><div class='ginput_container ginput_container_checkbox'><div class='gfield_checkbox ' id='input_1_17'><div class='gchoice gchoice_1_17_1'>\n\t\t\t\t\t\t\t\t<input class='gfield-choice-input' name='input_17.1' type='checkbox'  value='Oui, j&#039;accepte les termes et conditions en envoyant ce message.'  id='choice_1_17_1'   \/>\n\t\t\t\t\t\t\t\t<label for='choice_1_17_1' id='label_1_17_1' class='gform-field-label gform-field-label--type-inline'>Oui, j'accepte les termes et conditions en envoyant ce message.<\/label>\n\t\t\t\t\t\t\t<\/div><\/div><\/div><\/fieldset><div id=\"field_1_18\" class=\"gfield gfield--type-captcha gfield--input-type-captcha gfield--width-full field_sublabel_below gfield--no-description field_description_below field_validation_below gfield_visibility_visible\"  ><label class='gfield_label gform-field-label' for='input_1_18'>CAPTCHA<\/label><div id='input_1_18' class='ginput_container ginput_recaptcha' data-sitekey='6Lccg5QrAAAAACXRNhOwA1olhMtmdd4d4iHdr1gh'  data-theme='light' data-tabindex='0'  data-badge=''><\/div><\/div><\/div><\/div>\n        <div class='gform-footer gform_footer top_label'> <input type='submit' id='gform_submit_button_1' class='gform_button button' onclick='gform.submission.handleButtonClick(this);' data-submission-type='submit' value='Envoyer'  \/> <input type='hidden' name='gform_ajax' value='form_id=1&amp;title=&amp;description=&amp;tabindex=0&amp;theme=gravity-theme&amp;styles=[]&amp;hash=048c4caba6e357535115f73143cd8033' \/>\n            <input type='hidden' class='gform_hidden' name='gform_submission_method' data-js='gform_submission_method_1' value='iframe' \/>\n            <input type='hidden' class='gform_hidden' name='gform_theme' data-js='gform_theme_1' id='gform_theme_1' value='gravity-theme' \/>\n            <input type='hidden' class='gform_hidden' name='gform_style_settings' data-js='gform_style_settings_1' id='gform_style_settings_1' value='[]' \/>\n            <input type='hidden' class='gform_hidden' name='is_submit_1' value='1' \/>\n            <input type='hidden' class='gform_hidden' name='gform_submit' value='1' \/>\n            \n            <input type='hidden' class='gform_hidden' name='gform_currency' data-currency='EUR' value='9ScyyaAfoQ51Sj18TWYTi7Lca2+CA3uXtyVcPxuy8DWn6xbefXCrgbYLsZUqtkutFZPky5cYfyJ1sdq0LKbTdhx6DvaPWttqgLSoztBka4uhmFI=' \/>\n            <input type='hidden' class='gform_hidden' name='gform_unique_id' value='' \/>\n            <input type='hidden' class='gform_hidden' name='state_1' value='WyJ7XCIxNi4xXCI6XCI0ZTNhOWQyZTU4MzZmZGYzZmYyNGFkZjEwOWViNDY2NFwiLFwiMTcuMVwiOlwiYjAxNjVlNzU4MWI1YjYxM2JjOTEyNjViZDVmNGIyY2RcIn0iLCI4NmZkOTUyZDdhZDA3ZGZkZGUzZWE2N2E2M2IxYWE0NyJd' \/>\n            <input type='hidden' autocomplete='off' class='gform_hidden' name='gform_target_page_number_1' id='gform_target_page_number_1' value='0' \/>\n            <input type='hidden' autocomplete='off' class='gform_hidden' name='gform_source_page_number_1' id='gform_source_page_number_1' value='1' \/>\n            <input type='hidden' name='gform_field_values' value='' \/>\n            \n        <\/div>\n                        <\/form>\n                        <\/div>\n\t\t                <iframe style='display:none;width:0px;height:0px;' src='about:blank' name='gform_ajax_frame_1' id='gform_ajax_frame_1' title='Cette iframe contient la logique n\u00e9cessaire pour manipuler Gravity Forms avec Ajax.'><\/iframe>\n\t\t                <script>\ngform.initializeOnLoaded( function() {gformInitSpinner( 1, 'https:\/\/www.o2c2.eu\/wp-content\/plugins\/gravityforms\/images\/spinner.svg', true );jQuery('#gform_ajax_frame_1').on('load',function(){var contents = jQuery(this).contents().find('*').html();var is_postback = contents.indexOf('GF_AJAX_POSTBACK') >= 0;if(!is_postback){return;}var form_content = jQuery(this).contents().find('#gform_wrapper_1');var is_confirmation = jQuery(this).contents().find('#gform_confirmation_wrapper_1').length > 0;var is_redirect = contents.indexOf('gformRedirect(){') >= 0;var is_form = form_content.length > 0 && ! is_redirect && ! is_confirmation;var mt = parseInt(jQuery('html').css('margin-top'), 10) + parseInt(jQuery('body').css('margin-top'), 10) + 100;if(is_form){jQuery('#gform_wrapper_1').html(form_content.html());if(form_content.hasClass('gform_validation_error')){jQuery('#gform_wrapper_1').addClass('gform_validation_error');} else {jQuery('#gform_wrapper_1').removeClass('gform_validation_error');}setTimeout( function() { \/* delay the scroll by 50 milliseconds to fix a bug in chrome *\/ jQuery(document).scrollTop(jQuery('#gform_wrapper_1').offset().top - mt); }, 50 );if(window['gformInitDatepicker']) {gformInitDatepicker();}if(window['gformInitPriceFields']) {gformInitPriceFields();}var current_page = jQuery('#gform_source_page_number_1').val();gformInitSpinner( 1, 'https:\/\/www.o2c2.eu\/wp-content\/plugins\/gravityforms\/images\/spinner.svg', true );jQuery(document).trigger('gform_page_loaded', [1, current_page]);window['gf_submitting_1'] = false;}else if(!is_redirect){var confirmation_content = jQuery(this).contents().find('.GF_AJAX_POSTBACK').html();if(!confirmation_content){confirmation_content = contents;}jQuery('#gform_wrapper_1').replaceWith(confirmation_content);jQuery(document).scrollTop(jQuery('#gf_1').offset().top - mt);jQuery(document).trigger('gform_confirmation_loaded', [1]);window['gf_submitting_1'] = false;wp.a11y.speak(jQuery('#gform_confirmation_message_1').text());}else{jQuery('#gform_1').append(contents);if(window['gformRedirect']) {gformRedirect();}}jQuery(document).trigger(\"gform_pre_post_render\", [{ formId: \"1\", currentPage: \"current_page\", abort: function() { this.preventDefault(); } }]);        if (event && event.defaultPrevented) {                return;        }        const gformWrapperDiv = document.getElementById( \"gform_wrapper_1\" );        if ( gformWrapperDiv ) {            const visibilitySpan = document.createElement( \"span\" );            visibilitySpan.id = \"gform_visibility_test_1\";            gformWrapperDiv.insertAdjacentElement( \"afterend\", visibilitySpan );        }        const visibilityTestDiv = document.getElementById( \"gform_visibility_test_1\" );        let postRenderFired = false;        function triggerPostRender() {            if ( postRenderFired ) {                return;            }            postRenderFired = true;            gform.core.triggerPostRenderEvents( 1, current_page );            if ( visibilityTestDiv ) {                visibilityTestDiv.parentNode.removeChild( visibilityTestDiv );            }        }        function debounce( func, wait, immediate ) {            var timeout;            return function() {                var context = this, args = arguments;                var later = function() {                    timeout = null;                    if ( !immediate ) func.apply( context, args );                };                var callNow = immediate && !timeout;                clearTimeout( timeout );                timeout = setTimeout( later, wait );                if ( callNow ) func.apply( context, args );            };        }        const debouncedTriggerPostRender = debounce( function() {            triggerPostRender();        }, 200 );        if ( visibilityTestDiv && visibilityTestDiv.offsetParent === null ) {            const observer = new MutationObserver( ( mutations ) => {                mutations.forEach( ( mutation ) => {                    if ( mutation.type === 'attributes' && visibilityTestDiv.offsetParent !== null ) {                        debouncedTriggerPostRender();                        observer.disconnect();                    }                });            });            observer.observe( document.body, {                attributes: true,                childList: false,                subtree: true,                attributeFilter: [ 'style', 'class' ],            });        } else {            triggerPostRender();        }    } );} );\n<\/script>\n<\/div><\/div><\/div><div class=\"vc_col-sm-2\/5 wpb_column vc_column_container\"><div class=\"vc_column-inner\"><div class=\"wpb_wrapper\"><div class=\"g-cols wpb_row us_custom_b3e2c319 iconrotation via_flex valign_top type_default stacking_default\"><div class=\"vc_col-sm-12 wpb_column vc_column_container\"><div class=\"vc_column-inner\"><div class=\"wpb_wrapper\"><div class=\"wpb_text_column us_custom_2a495adc has_text_color\"><div class=\"wpb_wrapper\"><h5>Nos donn\u00e9es<\/h5>\n<p>Osseghemstraat 31 b25<br \/>\nB-1080 Bruxelles<\/p>\n<\/div><\/div><div class=\"w-separator size_small\"><\/div><div class=\"w-vwrapper align_none valign_middle\" style=\"--vwrapper-gap:0.5rem\"><div class=\"w-btn-wrapper align_none\"><a class=\"w-btn us-btn-style_2\" href=\"mailto:info@www.o2c2.eu\"><span class=\"w-btn-label\">info@o2c2.eu<\/span><\/a><\/div><div class=\"w-btn-wrapper align_none\"><a class=\"w-btn us-btn-style_2\" href=\"tel:+3223053206\"><span class=\"w-btn-label\">+32 (0)2 305 32 06<\/span><\/a><\/div><\/div><div class=\"w-separator size_small\"><\/div><div class=\"wpb_text_column us_custom_2a495adc contactable has_text_color\"><div class=\"wpb_wrapper\"><h5>Heures d&rsquo;ouverture<\/h5>\n<table>\n<tbody>\n<tr>\n<td>Lundi<\/td>\n<td>08:00 - 18:00<\/td>\n<\/tr>\n<tr>\n<td>Mardi<\/td>\n<td>08:00 - 18:00<\/td>\n<\/tr>\n<tr>\n<td>Mercredi<\/td>\n<td>08:00 - 18:00<\/td>\n<\/tr>\n<tr>\n<td>Jeudi<\/td>\n<td>08:00 - 18:00<\/td>\n<\/tr>\n<tr>\n<td>Vendredi<\/td>\n<td>08:00 - 18:00<\/td>\n<\/tr>\n<tr>\n<td>Samedi<\/td>\n<td>Ferm\u00e9<\/td>\n<\/tr>\n<tr>\n<td>Dimanche<\/td>\n<td>Ferm\u00e9<\/td>\n<\/tr>\n<\/tbody>\n<\/table>\n<\/div><\/div><\/div><\/div><\/div><\/div><div class=\"g-cols wpb_row us_custom_c2f8575a via_flex valign_top type_default stacking_default\"><div class=\"vc_col-sm-12 wpb_column vc_column_container\"><div class=\"vc_column-inner\"><div class=\"wpb_wrapper\"><\/div><\/div><\/div><\/div><div class=\"w-separator size_small\"><\/div><div class=\"w-btn-wrapper align_none\"><a class=\"w-btn us-btn-style_1 us_custom_79072026\" href=\"\/fr\/\"><span class=\"w-btn-label\">Planifie une consultation gratuite<\/span><\/a><\/div><\/div><\/div><\/div><\/div><\/div><\/section><section class=\"l-section wpb_row height_auto width_full\"><div class=\"l-section-h i-cf\"><div class=\"g-cols vc_row via_flex valign_top type_default stacking_default\"><div class=\"vc_col-sm-12 wpb_column vc_column_container\"><div class=\"vc_column-inner\"><div class=\"wpb_wrapper\"><div class=\"w-image us_custom_d92b742a imgopacity has_height align_none\"><div class=\"w-image-h\"><img decoding=\"async\" src=\"https:\/\/www.o2c2.eu\/wp-content\/uploads\/2025\/05\/Logo_oc2c.svg\" class=\"attachment-full size-full\" alt=\"logo o2c2\" loading=\"lazy\" \/><\/div><\/div><\/div><\/div><\/div><\/div><\/div><\/section>\n","protected":false},"excerpt":{"rendered":"Construire ensemble l&rsquo;innovation et la croissance Prends contact avec nous Tu as des questions sur nos services, nos outils ou notre approche ? Tu veux en savoir plus sur la fa\u00e7on dont o2c2 peut aider ton organisation \u00e0 encourager la cr\u00e9ativit\u00e9, l&rsquo;innovation et le changement durable ? Notre \u00e9quipe, un groupe d&rsquo;experts exp\u00e9riment\u00e9s, est pr\u00eat...","protected":false},"author":1,"featured_media":0,"parent":0,"menu_order":13,"comment_status":"closed","ping_status":"closed","template":"","meta":{"_acf_changed":false,"content-type":"","_mo_disable_npp":"","footnotes":""},"class_list":["post-1499","page","type-page","status-publish","hentry"],"acf":[],"aioseo_notices":[],"_links":{"self":[{"href":"https:\/\/www.o2c2.eu\/fr\/wp-json\/wp\/v2\/pages\/1499","targetHints":{"allow":["GET"]}}],"collection":[{"href":"https:\/\/www.o2c2.eu\/fr\/wp-json\/wp\/v2\/pages"}],"about":[{"href":"https:\/\/www.o2c2.eu\/fr\/wp-json\/wp\/v2\/types\/page"}],"author":[{"embeddable":true,"href":"https:\/\/www.o2c2.eu\/fr\/wp-json\/wp\/v2\/users\/1"}],"replies":[{"embeddable":true,"href":"https:\/\/www.o2c2.eu\/fr\/wp-json\/wp\/v2\/comments?post=1499"}],"version-history":[{"count":2,"href":"https:\/\/www.o2c2.eu\/fr\/wp-json\/wp\/v2\/pages\/1499\/revisions"}],"predecessor-version":[{"id":1929,"href":"https:\/\/www.o2c2.eu\/fr\/wp-json\/wp\/v2\/pages\/1499\/revisions\/1929"}],"wp:attachment":[{"href":"https:\/\/www.o2c2.eu\/fr\/wp-json\/wp\/v2\/media?parent=1499"}],"curies":[{"name":"wp","href":"https:\/\/api.w.org\/{rel}","templated":true}]}}