{"id":1512,"date":"2025-05-27T08:50:14","date_gmt":"2025-05-27T06:50:14","guid":{"rendered":"https:\/\/www.o2c2.eu\/prends-rendez-vous\/"},"modified":"2025-08-05T11:55:13","modified_gmt":"2025-08-05T09:55:13","slug":"prends-rendez-vous","status":"publish","type":"page","link":"https:\/\/www.o2c2.eu\/fr\/prends-rendez-vous\/","title":{"rendered":"Prends rendez-vous"},"content":{"rendered":"<section class=\"l-section wpb_row height_medium\"><div class=\"l-section-h i-cf\"><div class=\"g-cols vc_row via_flex valign_top type_default stacking_default\" style=\"--additional-gap:15px;\"><div class=\"vc_col-sm-3\/5 wpb_column vc_column_container\"><div class=\"vc_column-inner us_custom_75eb898b\"><div class=\"wpb_wrapper\"><div class=\"wpb_text_column\"><div class=\"wpb_wrapper\"><h6>Construire ensemble l&rsquo;innovation et la croissance<\/h6>\n<\/div><\/div><div class=\"wpb_text_column\"><div class=\"wpb_wrapper\"><h1>Prends rendez-vous<\/h1>\n<\/div><\/div><div class=\"w-separator size_small\"><\/div><div class=\"wpb_text_column\"><div class=\"wpb_wrapper\"><p><strong>Ose r\u00eaver, ose grandir - Contacte-nous aujourd&rsquo;hui<\/strong><\/p>\n<p>Ton avenir commence par une conversation. Contacte-nous d\u00e8s aujourd&rsquo;hui et d\u00e9couvre comment nous pouvons transformer ton organisation ensemble. Que tu sois \u00e0 la recherche de conseils strat\u00e9giques, de solutions cr\u00e9atives ou d&rsquo;un regard neuf sur l&rsquo;innovation, notre \u00e9quipe d&rsquo;experts est pr\u00eate \u00e0 t&rsquo;inspirer et \u00e0 te guider. Ose r\u00eaver, ose grandir - faisons la diff\u00e9rence ensemble.<\/p>\n<p>&nbsp;<\/p>\n<p><strong>Contacte-nous au 02 305 32 06 ou planifie un appel. <\/strong><\/p>\n<\/div><\/div><div class=\"w-separator size_small\"><\/div><div class=\"w-html\"><!-- Calendly inline widget begin -->\n<div class=\"calendly-inline-widget\" data-url=\" \nhttps:\/\/calendly.com\/o2c2\/45min?hide_event_type_details=1&amp;hide_gdpr_banner=1&amp;primary_color=#234356\" style=\"min-width:320px;height:700px;\"><\/div>\n<script type=\"text\/javascript\" src=\"https:\/\/assets.calendly.com\/assets\/external\/widget.js\" async=\"\"><\/script>\n<!-- Calendly inline widget end --><\/div><\/div><\/div><\/div><div class=\"vc_col-sm-2\/5 wpb_column vc_column_container\"><div class=\"vc_column-inner\"><div class=\"wpb_wrapper\"><div class=\"g-cols wpb_row us_custom_b3e2c319 iconrotation via_flex valign_top type_default stacking_default\"><div class=\"vc_col-sm-12 wpb_column vc_column_container\"><div class=\"vc_column-inner\"><div class=\"wpb_wrapper\"><div class=\"wpb_text_column us_custom_2a495adc has_text_color\"><div class=\"wpb_wrapper\"><h5>Nos donn\u00e9es<\/h5>\n<p>Osseghemstraat 31 b25<br \/>\nB-1080 Bruxelles<\/p>\n<\/div><\/div><div class=\"w-separator size_small\"><\/div><div class=\"w-vwrapper align_none valign_middle\" style=\"--vwrapper-gap:0.5rem\"><div class=\"w-btn-wrapper align_none\"><a class=\"w-btn us-btn-style_2\" href=\"mailto:info@www.o2c2.eu\"><span class=\"w-btn-label\">info@o2c2.eu<\/span><\/a><\/div><div class=\"w-btn-wrapper align_none\"><a class=\"w-btn us-btn-style_2\" href=\"tel:+3223053206\"><span class=\"w-btn-label\">+32 (0)2 305 32 06<\/span><\/a><\/div><\/div><div class=\"w-separator size_small\"><\/div><div class=\"wpb_text_column us_custom_2a495adc contactable has_text_color\"><div class=\"wpb_wrapper\"><h5>Heures d&rsquo;ouverture<\/h5>\n<table>\n<tbody>\n<tr>\n<td>Lundi<\/td>\n<td>08:00 - 18:00<\/td>\n<\/tr>\n<tr>\n<td>Mardi<\/td>\n<td>08:00 - 18:00<\/td>\n<\/tr>\n<tr>\n<td>Mercredi<\/td>\n<td>08:00 - 18:00<\/td>\n<\/tr>\n<tr>\n<td>Jeudi<\/td>\n<td>08:00 - 18:00<\/td>\n<\/tr>\n<tr>\n<td>Vendredi<\/td>\n<td>08:00 - 18:00<\/td>\n<\/tr>\n<tr>\n<td>Samedi<\/td>\n<td>Ferm\u00e9<\/td>\n<\/tr>\n<tr>\n<td>Dimanche<\/td>\n<td>Ferm\u00e9<\/td>\n<\/tr>\n<\/tbody>\n<\/table>\n<\/div><\/div><\/div><\/div><\/div><\/div><div class=\"g-cols wpb_row us_custom_c2f8575a via_flex valign_top type_default stacking_default\"><div class=\"vc_col-sm-12 wpb_column vc_column_container\"><div class=\"vc_column-inner\"><div class=\"wpb_wrapper\"><\/div><\/div><\/div><\/div><div class=\"w-separator size_small\"><\/div><\/div><\/div><\/div><\/div><\/div><\/section>\n","protected":false},"excerpt":{"rendered":"Construire ensemble l&rsquo;innovation et la croissance Prends rendez-vous Ose r\u00eaver, ose grandir - Contacte-nous aujourd&rsquo;hui Ton avenir commence par une conversation. Contacte-nous d\u00e8s aujourd&rsquo;hui et d\u00e9couvre comment nous pouvons transformer ton organisation ensemble. Que tu sois \u00e0 la recherche de conseils strat\u00e9giques, de solutions cr\u00e9atives ou d&rsquo;un regard neuf sur l&rsquo;innovation, notre \u00e9quipe d&rsquo;experts est...","protected":false},"author":1,"featured_media":0,"parent":0,"menu_order":12,"comment_status":"closed","ping_status":"closed","template":"","meta":{"_acf_changed":false,"content-type":"","_mo_disable_npp":"","footnotes":""},"class_list":["post-1512","page","type-page","status-publish","hentry"],"acf":[],"aioseo_notices":[],"_links":{"self":[{"href":"https:\/\/www.o2c2.eu\/fr\/wp-json\/wp\/v2\/pages\/1512","targetHints":{"allow":["GET"]}}],"collection":[{"href":"https:\/\/www.o2c2.eu\/fr\/wp-json\/wp\/v2\/pages"}],"about":[{"href":"https:\/\/www.o2c2.eu\/fr\/wp-json\/wp\/v2\/types\/page"}],"author":[{"embeddable":true,"href":"https:\/\/www.o2c2.eu\/fr\/wp-json\/wp\/v2\/users\/1"}],"replies":[{"embeddable":true,"href":"https:\/\/www.o2c2.eu\/fr\/wp-json\/wp\/v2\/comments?post=1512"}],"version-history":[{"count":2,"href":"https:\/\/www.o2c2.eu\/fr\/wp-json\/wp\/v2\/pages\/1512\/revisions"}],"predecessor-version":[{"id":2215,"href":"https:\/\/www.o2c2.eu\/fr\/wp-json\/wp\/v2\/pages\/1512\/revisions\/2215"}],"wp:attachment":[{"href":"https:\/\/www.o2c2.eu\/fr\/wp-json\/wp\/v2\/media?parent=1512"}],"curies":[{"name":"wp","href":"https:\/\/api.w.org\/{rel}","templated":true}]}}