{"id":1609,"date":"2025-04-29T15:16:57","date_gmt":"2025-04-29T13:16:57","guid":{"rendered":"https:\/\/www.o2c2.eu\/academie\/en-entreprise\/"},"modified":"2025-08-05T11:43:24","modified_gmt":"2025-08-05T09:43:24","slug":"en-entreprise","status":"publish","type":"page","link":"https:\/\/www.o2c2.eu\/fr\/academie\/en-entreprise\/","title":{"rendered":"En entreprise"},"content":{"rendered":"<section class=\"l-section wpb_row us_custom_3f62b3ea height_medium\"><div class=\"l-section-h i-cf\"><div class=\"g-cols vc_row via_flex valign_middle type_default stacking_default\" style=\"--additional-gap:15px;\"><div class=\"vc_col-sm-3\/5 wpb_column vc_column_container bgleft has_bg_color\"><div class=\"vc_column-inner us_custom_39855eab\"><div class=\"wpb_wrapper\"><nav class=\"g-breadcrumbs us_custom_c0e1b93e has_text_color separator_icon align_none\" itemscope itemtype=\"http:\/\/schema.org\/BreadcrumbList\"><div class=\"g-breadcrumbs-item\" itemscope itemprop=\"itemListElement\" itemtype=\"http:\/\/schema.org\/ListItem\"><a itemprop=\"item\" href=\"https:\/\/www.o2c2.eu\/fr\/\"><span itemprop=\"name\">Accueil<\/span><\/a><meta itemprop=\"position\" content=\"1\"\/><\/div><div class=\"g-breadcrumbs-separator\"><i class=\"far fa-chevron-right\"><\/i><\/div><div class=\"g-breadcrumbs-item\">Pages<\/div><\/nav><div class=\"w-separator size_small\"><\/div><div class=\"wpb_text_column us_custom_2a495adc has_text_color\"><div class=\"wpb_wrapper\"><h1>Formation en entreprise: Transforme ton organisation<\/h1>\n<\/div><\/div><div class=\"w-separator size_small\"><\/div><div class=\"wpb_text_column us_custom_b860ca69 has_text_color\"><div class=\"wpb_wrapper\"><p>L&rsquo;innovation exige de la personnalisation, pas des solutions standard . Nous comprenons que chaque organisation est unique, avec ses propres d\u00e9fis, ambitions et dynamiques . C&rsquo;est pourquoi nous proposons des formations sur mesure en entreprise qui vont au-del\u00e0 de la formation traditionnelle - nous cr\u00e9ons des <strong>parcours d&rsquo;apprentissage transformateurs<\/strong> qui ancrent l&rsquo;innovation et la cr\u00e9ativit\u00e9 dans l&rsquo;ADN de ton organisation.<\/p>\n<\/div><\/div><\/div><\/div><\/div><div class=\"vc_col-sm-2\/5 wpb_column vc_column_container imgtopleftradius has_bg_color stretched\"><div class=\"vc_column-inner us_custom_a71ec01f\"><div class=\"wpb_wrapper\"><\/div><\/div><\/div><\/div><\/div><\/section><section class=\"l-section wpb_row height_small\"><div class=\"l-section-h i-cf\"><div class=\"g-cols vc_row via_flex valign_top type_default stacking_default\"><div class=\"vc_col-sm-8 wpb_column vc_column_container\"><div class=\"vc_column-inner\"><div class=\"wpb_wrapper\"><div class=\"wpb_text_column\"><div class=\"wpb_wrapper\"><p>Avec plus de trois d\u00e9cennies d&rsquo;exp\u00e9rience internationale et une base solide dans la recherche scientifique, nous combinons des <strong>m\u00e9thodologies \u00e9prouv\u00e9es avec une applicabilit\u00e9 pratique<\/strong>. Notre approche se caract\u00e9rise par un coaching personnel intensif, dans lequel nous retroussons nos manches ensemble avec un engagement authentique. Qu&rsquo;il s&rsquo;agisse de d\u00e9velopper un leadership cr\u00e9atif, d&rsquo;am\u00e9liorer ton climat d&rsquo;innovation ou de renforcer tes capacit\u00e9s de r\u00e9solution de probl\u00e8mes - nous \u00e9coutons tes besoins sp\u00e9cifiques et concevons un programme qui cr\u00e9e un impact mesurable. Ainsi, non seulement nous aidons ton organisation \u00e0 maximiser son potentiel d&rsquo;innovation, mais <strong>nous construisons ensemble une culture<\/strong> dans laquelle la cr\u00e9ativit\u00e9 et l&rsquo;innovation peuvent naturellement s&rsquo;\u00e9panouir.<\/p>\n<p>Que tu sois au d\u00e9but de ton parcours d&rsquo;innovation ou que tu veuilles positionner ton organisation comme un pr\u00e9curseur dans ton secteur, nos diff\u00e9rents programmes - de l&rsquo;\u00a0\u00bbIntroduction Creative Leadership\u00a0\u00bb au programme intensif \u00ab\u00a0Innovation Advantage\u00a0\u00bb - offrent le m\u00e9lange parfait de connaissances th\u00e9oriques et d&rsquo;exp\u00e9rience pratique pour r\u00e9aliser tes objectifs d&rsquo;innovation. Gr\u00e2ce \u00e0 notre approche fond\u00e9e sur des preuves, combin\u00e9e \u00e0 plus de <strong>cinq d\u00e9cennies de recherche<\/strong> et d&rsquo;exp\u00e9rience pratique, nous te permettons non seulement de r\u00e9pondre au changement, mais aussi de le fa\u00e7onner et de le diriger activement.<\/p>\n<\/div><\/div><div class=\"w-separator size_medium\"><\/div><\/div><\/div><\/div><div class=\"vc_col-sm-4 wpb_column vc_column_container\"><div class=\"vc_column-inner\"><div class=\"wpb_wrapper\"><\/div><\/div><\/div><\/div><\/div><\/section><section class=\"l-section wpb_row us_custom_e11ab399 moreinfoblock height_large\" id=\"creatief-leiderschap\"><div class=\"l-section-h i-cf\"><div class=\"g-cols vc_row via_flex valign_top type_default stacking_default\" style=\"--additional-gap:15px;\"><div class=\"vc_col-sm-3\/5 wpb_column vc_column_container\"><div class=\"vc_column-inner us_custom_769b110d\"><div class=\"wpb_wrapper\"><div class=\"wpb_text_column\"><div class=\"wpb_wrapper\"><h6>En entreprise<\/h6>\n<\/div><\/div><div class=\"wpb_text_column\"><div class=\"wpb_wrapper\"><h2>Formations en entreprise<\/h2>\n<\/div><\/div><div class=\"w-separator size_small\"><\/div><div class=\"wpb_text_column\"><div class=\"wpb_wrapper\"><p>Nos cours se concentrent sur trois domaines fondamentaux diff\u00e9rents :<\/p>\n<h5>1. Cr\u00e9atif Leadership D\u00e9velopper<\/h5>\n<p>Dans ce cours approfondi, les participants d\u00e9veloppent les comp\u00e9tences essentielles pour g\u00e9rer et acc\u00e9l\u00e9rer efficacement les processus d&rsquo;innovation en tant que leaders. Gr\u00e2ce \u00e0 une combinaison de connaissances th\u00e9oriques et d&rsquo;applications pratiques, les participants apprennent \u00e0 favoriser la cr\u00e9ativit\u00e9 au sein des \u00e9quipes et \u00e0 cr\u00e9er un climat dans lequel l&rsquo;innovation peut naturellement s&rsquo;\u00e9panouir. Le programme fournit des outils concrets pour diriger les processus d&rsquo;innovation, les participants devenant comp\u00e9tents dans l&rsquo;application de techniques de facilitation \u00e9prouv\u00e9es pour les sessions cr\u00e9atives. \u00c0 l&rsquo;aide d&rsquo;outils et de m\u00e9thodologies fond\u00e9s sur des donn\u00e9es probantes, tels que les \u00e9valuations SOQ et VIEW, les dirigeants apprennent \u00e0 d\u00e9bloquer et \u00e0 exploiter le potentiel d&rsquo;innovation de leurs \u00e9quipes. Cette approche pratique, associ\u00e9e \u00e0 un coaching personnel et \u00e0 des exercices concrets, permet aux participants d&rsquo;avoir un impact imm\u00e9diat dans leur propre organisation et de cr\u00e9er une culture durable de l&rsquo;innovation.<\/p>\n<h5>2. Climat d&rsquo;innovation et changement de culture<\/h5>\n<p>Cette formation approfondie propose un voyage complet \u00e0 travers le processus de changement de culture et d&rsquo;am\u00e9lioration du climat au sein des organisations . Les participants apprennent \u00e0 am\u00e9liorer syst\u00e9matiquement le climat d&rsquo;innovation actuel. Gr\u00e2ce \u00e0 des ateliers pratiques et \u00e0 des conseils concrets, ils \u00e9laborent des strat\u00e9gies efficaces pour cr\u00e9er une culture de l&rsquo;innovation adapt\u00e9e \u00e0 leur organisation.<\/p>\n<p>La formation accorde une grande attention \u00e0 la conception et \u00e0 la mise en \u0153uvre d&rsquo;interventions cibl\u00e9es qui am\u00e9liorent de mani\u00e8re mesurable le climat d&rsquo;innovation, en apprenant aux participants \u00e0 surmonter les r\u00e9sistances et \u00e0 cr\u00e9er un soutien. Un \u00e9l\u00e9ment important est l&rsquo;apprentissage du suivi et de la s\u00e9curisation du changement de culture initi\u00e9, afin que les effets positifs soient durables et que l&rsquo;organisation se transforme en un environnement dans lequel l&rsquo;innovation et la cr\u00e9ativit\u00e9 peuvent naturellement s&rsquo;\u00e9panouir.<\/p>\n<h5>3. R\u00e9solution de probl\u00e8mes et prise de d\u00e9cisions<\/h5>\n<p>Cette formation pratique fournit une bo\u00eete \u00e0 outils compl\u00e8te pour une r\u00e9solution de probl\u00e8mes et une prise de d\u00e9cision efficaces dans les organisations. Les participants commencent par une \u00e9valuation personnelle VIEW qui leur permet de conna\u00eetre leur style naturel de r\u00e9solution de probl\u00e8mes et leurs pr\u00e9f\u00e9rences dans le processus de prise de d\u00e9cision. Ils apprennent ensuite \u00e0 appliquer des techniques \u00e9prouv\u00e9es pour une prise de d\u00e9cision efficace, couvrant \u00e0 la fois les approches analytiques et cr\u00e9atives. Le cours accorde une grande attention aux m\u00e9thodologies d&rsquo;analyse syst\u00e9matique des probl\u00e8mes, ce qui permet aux participants de diss\u00e9quer et de structurer des d\u00e9fis complexes.<\/p>\n<p>Un \u00e9l\u00e9ment cl\u00e9 est le d\u00e9veloppement de strat\u00e9gies de solutions cr\u00e9atives, les participants apprenant \u00e0 g\u00e9n\u00e9rer et \u00e0 \u00e9valuer des solutions innovantes. En combinant les id\u00e9es personnelles tir\u00e9es de l&rsquo;\u00e9valuation VIEW, les techniques pratiques et les exercices concrets, les participants deviennent de v\u00e9ritables sp\u00e9cialistes de la r\u00e9solution de probl\u00e8mes, capables de travailler efficacement \u00e0 la fois individuellement et en \u00e9quipe.<\/p>\n<\/div><\/div><\/div><\/div><\/div><div class=\"vc_col-sm-2\/5 wpb_column vc_column_container iconrotation has_bg_color\"><div class=\"vc_column-inner us_custom_b90039b2 type_sticky\"><div class=\"wpb_wrapper\"><div class=\"wpb_text_column us_custom_b860ca69 has_text_color\"><div class=\"wpb_wrapper\"><h3>Notre approche<\/h3>\n<\/div><\/div><div class=\"w-separator size_medium\"><\/div><div class=\"wpb_text_column us_custom_b860ca69 has_text_color\"><div class=\"wpb_wrapper\"><p>Nous ne croyons pas \u00e0 la \u00ab\u00a0taille unique\u00a0\u00bb. C&rsquo;est pourquoi nous adaptons nos formations en entreprise aux besoins et aux ambitions de ton organisation. Pour t&rsquo;accompagner au mieux, nous sommes \u00e0 l&rsquo;\u00e9coute des d\u00e9fis concrets de ton organisation, de ses dirigeants, de ses \u00e9quipes et de ses employ\u00e9s, et nous prenons en compte l&rsquo;environnement de travail. Nous proposons des formations en entreprise sur mesure qui aident les organisations \u00e0 utiliser pleinement leur potentiel d&rsquo;innovation et de cr\u00e9ativit\u00e9. Nos formations commencent toujours par un <strong>accueil<\/strong> et une \u00e9valuation d\u00e9sign\u00e9e.<\/p>\n<\/div><\/div><div class=\"w-separator size_medium\"><\/div><div class=\"w-btn-wrapper align_none\"><a class=\"w-btn us-btn-style_2\" href=\"https:\/\/www.o2c2.eu\/fr\/prends-rendez-vous\/\"><span class=\"w-btn-label\">Prends rendez-vous<\/span><\/a><\/div><\/div><\/div><\/div><\/div><\/div><\/section><section class=\"l-section wpb_row height_auto\"><div class=\"l-section-h i-cf\"><div class=\"g-cols vc_row via_flex valign_top type_default stacking_default\"><div class=\"vc_col-sm-12 wpb_column vc_column_container\"><div class=\"vc_column-inner\"><div class=\"wpb_wrapper\"><div class=\"w-separator size_huge\"><\/div><\/div><\/div><\/div><\/div><\/div><\/section><section class=\"l-section wpb_row us_custom_b03640aa height_huge\"><div class=\"l-section-h i-cf\"><div class=\"g-cols vc_row via_flex valign_middle type_default stacking_default\" style=\"--additional-gap:15px;\"><div class=\"vc_col-sm-3\/5 wpb_column vc_column_container bgleft has_bg_color\"><div class=\"vc_column-inner us_custom_39855eab\"><div class=\"wpb_wrapper\"><div class=\"wpb_text_column us_custom_2a495adc has_text_color\"><div class=\"wpb_wrapper\"><h3>Pourquoi choisir O2C2 ?<\/h3>\n<\/div><\/div><div class=\"w-separator size_small\"><\/div><div class=\"wpb_text_column us_custom_b860ca69 has_text_color\"><div class=\"wpb_wrapper\"><p>Avec plus de trois d\u00e9cennies d&rsquo;exp\u00e9rience internationale, o2c2 se distingue comme un partenaire de premier plan dans le domaine du d\u00e9veloppement organisationnel et de l&rsquo;innovation. Notre \u00e9quipe de formateurs et de consultants exp\u00e9riment\u00e9s, issus \u00e0 la fois du monde des affaires et des sciences sociales, apporte un m\u00e9lange unique d&rsquo;expertise et d&rsquo;exp\u00e9rience pratique \u00e0 chaque projet.<\/p>\n<p>Nous travaillons exclusivement avec des <strong>m\u00e9thodologies et des outils scientifiquement valid\u00e9s<\/strong>, notamment les \u00e9valuations SOQ et VIEW, reconnues internationalement, qui <strong>ont prouv\u00e9 leur efficacit\u00e9<\/strong> dans divers contextes organisationnels . Notre approche se caract\u00e9rise par une forte concentration sur les r\u00e9sultats mesurables, dans laquelle nous traduisons les id\u00e9es th\u00e9oriques directement en applications pratiques qui correspondent aux d\u00e9fis sp\u00e9cifiques de ton organisation.<\/p>\n<p>Gr\u00e2ce \u00e0 des <strong>conseils personnels intensifs<\/strong> et \u00e0 la <strong>personnalisation<\/strong>, nous veillons \u00e0 ce que les interventions soient non seulement efficaces, mais aussi durablement int\u00e9gr\u00e9es dans l&rsquo;organisation. Cette combinaison de fondements scientifiques, d&rsquo;applicabilit\u00e9 pratique et de conseils personnels nous permet d&rsquo;aider les organisations \u00e0 maximiser leur potentiel d&rsquo;innovation, ce qui se traduit par des am\u00e9liorations mesurables de la cr\u00e9ativit\u00e9, de la force d&rsquo;innovation et de la performance organisationnelle. Ce faisant, notre mentalit\u00e9 \u00ab\u00a0Gabba Gabba Hey !\u00a0\u00bb apporte une \u00e9nergie rafra\u00eechissante aux projets, tandis que nous retroussons nos manches avec toi avec un engagement authentique pour r\u00e9aliser tes objectifs organisationnels.<\/p>\n<\/div><\/div><div class=\"w-btn-wrapper align_none\"><a class=\"w-btn us-btn-style_2 us_custom_1593ec28\" href=\"https:\/\/www.o2c2.eu\/fr\/contact\/\"><span class=\"w-btn-label\">Contact<\/span><\/a><\/div><\/div><\/div><\/div><div class=\"vc_col-sm-2\/5 wpb_column vc_column_container imgtopleftradius has_bg_color stretched\"><div class=\"vc_column-inner us_custom_b23e2378\"><div class=\"wpb_wrapper\"><\/div><\/div><\/div><\/div><\/div><\/section><section class=\"l-section wpb_row height_auto\"><div class=\"l-section-h i-cf\"><div class=\"g-cols vc_row via_flex valign_top type_default stacking_default\"><div class=\"vc_col-sm-12 wpb_column vc_column_container\"><div class=\"vc_column-inner\"><div class=\"wpb_wrapper\"><div class=\"w-separator size_medium\"><\/div><\/div><\/div><\/div><\/div><\/div><\/section>\n","protected":false},"excerpt":{"rendered":"AccueilPagesFormation en entreprise: Transforme ton organisation L&rsquo;innovation exige de la personnalisation, pas des solutions standard . Nous comprenons que chaque organisation est unique, avec ses propres d\u00e9fis, ambitions et dynamiques . C&rsquo;est pourquoi nous proposons des formations sur mesure en entreprise qui vont au-del\u00e0 de la formation traditionnelle - nous cr\u00e9ons des parcours d&rsquo;apprentissage transformateurs...","protected":false},"author":1,"featured_media":124,"parent":1332,"menu_order":0,"comment_status":"closed","ping_status":"closed","template":"","meta":{"_acf_changed":false,"content-type":"","_mo_disable_npp":"","footnotes":""},"class_list":["post-1609","page","type-page","status-publish","has-post-thumbnail","hentry"],"acf":[],"aioseo_notices":[],"_links":{"self":[{"href":"https:\/\/www.o2c2.eu\/fr\/wp-json\/wp\/v2\/pages\/1609","targetHints":{"allow":["GET"]}}],"collection":[{"href":"https:\/\/www.o2c2.eu\/fr\/wp-json\/wp\/v2\/pages"}],"about":[{"href":"https:\/\/www.o2c2.eu\/fr\/wp-json\/wp\/v2\/types\/page"}],"author":[{"embeddable":true,"href":"https:\/\/www.o2c2.eu\/fr\/wp-json\/wp\/v2\/users\/1"}],"replies":[{"embeddable":true,"href":"https:\/\/www.o2c2.eu\/fr\/wp-json\/wp\/v2\/comments?post=1609"}],"version-history":[{"count":14,"href":"https:\/\/www.o2c2.eu\/fr\/wp-json\/wp\/v2\/pages\/1609\/revisions"}],"predecessor-version":[{"id":2211,"href":"https:\/\/www.o2c2.eu\/fr\/wp-json\/wp\/v2\/pages\/1609\/revisions\/2211"}],"up":[{"embeddable":true,"href":"https:\/\/www.o2c2.eu\/fr\/wp-json\/wp\/v2\/pages\/1332"}],"wp:featuredmedia":[{"embeddable":true,"href":"https:\/\/www.o2c2.eu\/fr\/wp-json\/wp\/v2\/media\/124"}],"wp:attachment":[{"href":"https:\/\/www.o2c2.eu\/fr\/wp-json\/wp\/v2\/media?parent=1609"}],"curies":[{"name":"wp","href":"https:\/\/api.w.org\/{rel}","templated":true}]}}