{"id":1643,"date":"2025-04-29T15:16:57","date_gmt":"2025-04-29T13:16:57","guid":{"rendered":"https:\/\/www.o2c2.eu\/politique-de-confidentialite\/"},"modified":"2025-08-05T11:58:03","modified_gmt":"2025-08-05T09:58:03","slug":"politique-de-confidentialite","status":"publish","type":"page","link":"https:\/\/www.o2c2.eu\/fr\/politique-de-confidentialite\/","title":{"rendered":"Politique de confidentialit\u00e9"},"content":{"rendered":"<section class=\"l-section wpb_row height_medium\"><div class=\"l-section-h i-cf\"><div class=\"g-cols vc_row via_flex valign_top type_default stacking_default\"><div class=\"vc_col-sm-12 wpb_column vc_column_container\"><div class=\"vc_column-inner\"><div class=\"wpb_wrapper\"><div class=\"wpb_text_column\"><div class=\"wpb_wrapper\"><h1><strong>Politique de confidentialit\u00e9<\/strong><\/h1>\n<p>Salut, merci de visiter notre site web. Chez o2c2, un cabinet de conseil en innovation de premier plan avec plus de trois d\u00e9cennies d&rsquo;expertise, nous pensons qu&rsquo;il est important d&rsquo;\u00eatre ouvert et honn\u00eate sur la fa\u00e7on dont nous traitons tes donn\u00e9es. Cette approche transparente correspond \u00e0 notre valeur fondamentale \u00ab\u00a0Real\u00a0\u00bb - parce que nous croyons en une collaboration authentique fond\u00e9e sur la confiance.<\/p>\n<p>&nbsp;<\/p>\n<p>Depuis notre cr\u00e9ation en 1991, inspir\u00e9e par une rencontre \u00e0 l&rsquo;Universit\u00e9 d&rsquo;Anvers et notre collaboration avec le Centre international d&rsquo;\u00e9tudes sur la cr\u00e9ativit\u00e9 \u00e0 Buffalo, New York, nous sommes devenus un acteur international dans le paysage de l&rsquo;innovation. Nous aidons les organisations \u00e0 stimuler la cr\u00e9ativit\u00e9, l&rsquo;innovation et le changement durable, avec des projets r\u00e9ussis dans plusieurs pays, dont les \u00c9tats-Unis, l&rsquo;Espagne, le Royaume-Uni, la France, l&rsquo;Allemagne, l&rsquo;Afrique du Sud et les Pays-Bas.<\/p>\n<p>&nbsp;<\/p>\n<p>Pour te soutenir au mieux, toi et ton organisation, nous recueillons certaines donn\u00e9es essentielles. Nous sommes prudents et s\u00e9lectifs \u00e0 cet \u00e9gard - tout aussi pr\u00e9cis que nous le sommes dans nos m\u00e9thodologies scientifiquement fond\u00e9es telles que le SOQ et l&rsquo;\u00e9valuation VIEW. Nous ne recueillons que ce dont nous avons r\u00e9ellement besoin : tes coordonn\u00e9es (nom, e-mail, num\u00e9ro de t\u00e9l\u00e9phone), tes informations professionnelles (poste, nom de l&rsquo;entreprise), les donn\u00e9es techniques sur les visites du site Internet (telles que l&rsquo;adresse IP et les informations sur le navigateur), et les informations que tu partages avec nous au cours de notre collaboration.<\/p>\n<p>&nbsp;<\/p>\n<p>Nous utilisons ces donn\u00e9es pour optimiser nos services et t&rsquo;offrir le meilleur soutien. Nous restons en contact avec les projets en cours, r\u00e9pondons \u00e0 tes questions, am\u00e9liorons continuellement nos services et - uniquement si tu le souhaites - te tenons au courant des d\u00e9veloppements int\u00e9ressants qui correspondent \u00e0 tes ambitions en mati\u00e8re d&rsquo;innovation.<\/p>\n<p>&nbsp;<\/p>\n<p>Tout comme nous sommes prudents avec les processus d&rsquo;innovation confidentiels de nos clients, nous sommes \u00e9galement prudents avec tes donn\u00e9es personnelles. Nous ne les partageons qu&rsquo;avec des partenaires informatiques soigneusement s\u00e9lectionn\u00e9s qui soutiennent nos syst\u00e8mes, des partenaires directement impliqu\u00e9s dans nos services, ou lorsque nous sommes l\u00e9galement oblig\u00e9s de le faire.<\/p>\n<p>&nbsp;<\/p>\n<p>Nous ne conservons pas tes donn\u00e9es plus longtemps que n\u00e9cessaire : les coordonn\u00e9es de contact pendant 1 an apr\u00e8s notre dernier contact, et les d\u00e9tails de la facture pendant 7 ans (conform\u00e9ment aux exigences du bureau des imp\u00f4ts). Ta vie priv\u00e9e est ton droit - c&rsquo;est pourquoi tu as un contr\u00f4le total sur tes donn\u00e9es. Tu peux les consulter, les modifier ou les faire supprimer \u00e0 tout moment. Tu peux \u00e9galement t&rsquo;opposer \u00e0 leur utilisation ou retirer ton consentement.<\/p>\n<p>&nbsp;<\/p>\n<p>Nous s\u00e9curisons tes donn\u00e9es \u00e0 l&rsquo;aide de techniques modernes telles que le cryptage et les serveurs s\u00e9curis\u00e9s, et nous utilisons des cookies pour que notre site Web fonctionne de mani\u00e8re optimale (tu trouveras plus de d\u00e9tails dans notre politique en mati\u00e8re de cookies [lien]). Nous mettons r\u00e9guli\u00e8rement \u00e0 jour cette politique de confidentialit\u00e9 conform\u00e9ment \u00e0 notre valeur \u00ab\u00a0Inventive\u00a0\u00bb - nous ne cessons de nous am\u00e9liorer et d&rsquo;innover.<\/p>\n<p>&nbsp;<\/p>\n<p>Alors consulte cette page de temps en temps pour rester au courant de tout changement.Tu as des questions sur la fa\u00e7on dont nous traitons tes donn\u00e9es ? Nous serions ravis de les conna\u00eetre ! Tu peux nous joindre \u00e0 :<\/p>\n<ul>\n<li>Courriel : luc.deschryver@o2c2<\/li>\n<li>T\u00e9l\u00e9phone : +32 (0)2 305 32 06<\/li>\n<li>Adresse : Osseghemstraat 31 b25, 1080 Bruxelles<\/li>\n<\/ul>\n<p>&nbsp;<\/p>\n<p>Chez o2c2, nous combinons l&rsquo;innovation avec l&rsquo;int\u00e9grit\u00e9, l&rsquo;expertise scientifique avec la chaleur humaine. Cela se refl\u00e8te dans tout ce que nous faisons - y compris dans la fa\u00e7on dont nous traitons ta vie priv\u00e9e. Nous sommes l\u00e0 pour toi si tu as des questions !<\/p>\n<p>&nbsp;<\/p>\n<p><em>Derni\u00e8re mise \u00e0 jour : 1 juin 2025<\/em>.<\/p>\n<\/div><\/div><\/div><\/div><\/div><\/div><\/div><\/section>\n","protected":false},"excerpt":{"rendered":"Politique de confidentialit\u00e9 Salut, merci de visiter notre site web. Chez o2c2, un cabinet de conseil en innovation de premier plan avec plus de trois d\u00e9cennies d&rsquo;expertise, nous pensons qu&rsquo;il est important d&rsquo;\u00eatre ouvert et honn\u00eate sur la fa\u00e7on dont nous traitons tes donn\u00e9es. Cette approche transparente correspond \u00e0 notre valeur fondamentale \u00ab\u00a0Real\u00a0\u00bb - parce...","protected":false},"author":1,"featured_media":0,"parent":0,"menu_order":16,"comment_status":"closed","ping_status":"open","template":"","meta":{"_acf_changed":false,"content-type":"","_mo_disable_npp":"","footnotes":""},"class_list":["post-1643","page","type-page","status-publish","hentry"],"acf":[],"aioseo_notices":[],"_links":{"self":[{"href":"https:\/\/www.o2c2.eu\/fr\/wp-json\/wp\/v2\/pages\/1643","targetHints":{"allow":["GET"]}}],"collection":[{"href":"https:\/\/www.o2c2.eu\/fr\/wp-json\/wp\/v2\/pages"}],"about":[{"href":"https:\/\/www.o2c2.eu\/fr\/wp-json\/wp\/v2\/types\/page"}],"author":[{"embeddable":true,"href":"https:\/\/www.o2c2.eu\/fr\/wp-json\/wp\/v2\/users\/1"}],"replies":[{"embeddable":true,"href":"https:\/\/www.o2c2.eu\/fr\/wp-json\/wp\/v2\/comments?post=1643"}],"version-history":[{"count":3,"href":"https:\/\/www.o2c2.eu\/fr\/wp-json\/wp\/v2\/pages\/1643\/revisions"}],"predecessor-version":[{"id":2217,"href":"https:\/\/www.o2c2.eu\/fr\/wp-json\/wp\/v2\/pages\/1643\/revisions\/2217"}],"wp:attachment":[{"href":"https:\/\/www.o2c2.eu\/fr\/wp-json\/wp\/v2\/media?parent=1643"}],"curies":[{"name":"wp","href":"https:\/\/api.w.org\/{rel}","templated":true}]}}