{"id":1657,"date":"2025-05-19T10:30:31","date_gmt":"2025-05-19T08:30:31","guid":{"rendered":"https:\/\/www.o2c2.eu\/academie\/certification\/"},"modified":"2025-08-05T11:48:45","modified_gmt":"2025-08-05T09:48:45","slug":"certification","status":"publish","type":"page","link":"https:\/\/www.o2c2.eu\/fr\/academie\/certification\/","title":{"rendered":"Certification"},"content":{"rendered":"<section class=\"l-section wpb_row us_custom_3f62b3ea height_medium\"><div class=\"l-section-h i-cf\"><div class=\"g-cols vc_row via_flex valign_middle type_default stacking_default\" style=\"--additional-gap:15px;\"><div class=\"vc_col-sm-3\/5 wpb_column vc_column_container bgleft has_bg_color\"><div class=\"vc_column-inner us_custom_39855eab\"><div class=\"wpb_wrapper\"><nav class=\"g-breadcrumbs us_custom_c0e1b93e has_text_color separator_icon align_none\" itemscope itemtype=\"http:\/\/schema.org\/BreadcrumbList\"><div class=\"g-breadcrumbs-item\" itemscope itemprop=\"itemListElement\" itemtype=\"http:\/\/schema.org\/ListItem\"><a itemprop=\"item\" href=\"https:\/\/www.o2c2.eu\/fr\/\"><span itemprop=\"name\">Accueil<\/span><\/a><meta itemprop=\"position\" content=\"1\"\/><\/div><div class=\"g-breadcrumbs-separator\"><i class=\"far fa-chevron-right\"><\/i><\/div><div class=\"g-breadcrumbs-item\">Pages<\/div><\/nav><div class=\"w-separator size_small\"><\/div><div class=\"wpb_text_column us_custom_2a495adc has_text_color\"><div class=\"wpb_wrapper\"><h1>VIEW &amp; SOQ Certifications<\/h1>\n<\/div><\/div><div class=\"w-separator size_small\"><\/div><div class=\"wpb_text_column us_custom_b860ca69 has_text_color\"><div class=\"wpb_wrapper\"><p>La certification professionnelle est de plus en plus importante pour l&rsquo;\u00e9volution de la carri\u00e8re et la reconnaissance de l&rsquo;expertise, et avec VIEW et SOQ, nous offrons deux voies de certification puissantes et ind\u00e9pendantes. Les deux certifications ont leur propre int\u00e9r\u00eat et leur propre valeur : <strong>VIEW<\/strong> te donne une vision approfondie des <strong>styles de r\u00e9solution de probl\u00e8mes et de la dynamique d&rsquo;\u00e9quipe<\/strong>, tandis que <strong>SOQ<\/strong> - avec plus de 55 ans de recherche - te donne une expertise dans la <strong>mesure et l&rsquo;am\u00e9lioration du climat organisationnel<\/strong>. En tant que professionnel, tu peux choisir la certification qui correspond le mieux \u00e0 tes ambitions et \u00e0 ton contexte de travail .<\/p>\n<p>VIEW est id\u00e9al pour ceux qui cherchent \u00e0 se sp\u00e9cialiser dans l&rsquo;optimisation des processus individuels et d&rsquo;\u00e9quipe, tandis que SOQ est parfait pour les professionnels qui se concentrent sur l&rsquo;innovation et l&rsquo;am\u00e9lioration du climat \u00e0 l&rsquo;\u00e9chelle de l&rsquo;organisation.<\/p>\n<\/div><\/div><div class=\"w-separator size_small\"><\/div><div class=\"w-btn-wrapper align_none\"><a class=\"w-btn us-btn-style_2\" href=\"#certification-produits\"><span class=\"w-btn-label\">Choisis l&rsquo;expertise qui te convient<\/span><\/a><\/div><\/div><\/div><\/div><div class=\"vc_col-sm-2\/5 wpb_column vc_column_container imgtopleftradius has_bg_color stretched\"><div class=\"vc_column-inner us_custom_658c0bf6\"><div class=\"wpb_wrapper\"><\/div><\/div><\/div><\/div><\/div><\/section><section class=\"l-section wpb_row height_small\"><div class=\"l-section-h i-cf\"><div class=\"g-cols vc_row via_flex valign_top type_default stacking_default\"><div class=\"vc_col-sm-8 wpb_column vc_column_container\"><div class=\"vc_column-inner\"><div class=\"wpb_wrapper\"><div class=\"wpb_text_column\"><div class=\"wpb_wrapper\"><p>Dans un monde o\u00f9 la certification professionnelle devient de plus en plus importante pour l&rsquo;\u00e9volution de carri\u00e8re et la reconnaissance de l&rsquo;expertise, les certifications VIEW et SOQ offrent une combinaison unique de comp\u00e9tences et de connaissances pour les professionnels de la gestion du changement et de l&rsquo;innovation. Ces certifications compl\u00e9mentaires se renforcent mutuellement d&rsquo;une mani\u00e8re particuli\u00e8re : alors que VIEW se concentre sur la compr\u00e9hension et l&rsquo;application de diff\u00e9rents styles de r\u00e9solution de probl\u00e8mes, le SOQ (Situational Outlook Questionnaire), avec plus de 55 ans de recherche, offre un aper\u00e7u approfondi du climat organisationnel et de la capacit\u00e9 d&rsquo;innovation.<\/p>\n<p>En obtenant des certifications, tu renforces non seulement ta cr\u00e9dibilit\u00e9 professionnelle mais tu augmentes aussi consid\u00e9rablement ta valeur marchande . Les recherches montrent que les professionnels certifi\u00e9s peuvent gagner jusqu&rsquo;\u00e0 25 % de plus que leurs homologues non certifi\u00e9s . De plus, ces certifications te donnent acc\u00e8s \u00e0 un pr\u00e9cieux r\u00e9seau de professionnels et \u00e0 des possibilit\u00e9s d&rsquo;apprentissage continu.<\/p>\n<\/div><\/div><div class=\"w-separator size_medium\"><\/div><\/div><\/div><\/div><div class=\"vc_col-sm-4 wpb_column vc_column_container\"><div class=\"vc_column-inner\"><div class=\"wpb_wrapper\"><\/div><\/div><\/div><\/div><\/div><\/section><section class=\"l-section wpb_row us_custom_47b068d3 uspcards uspcardsbtn height_medium\" id=\"certification-produits\"><div class=\"l-section-h i-cf\"><div class=\"g-cols vc_row via_flex valign_top type_default stacking_default\"><div class=\"vc_col-sm-12 vc_col-lg-4 vc_col-md-4 wpb_column vc_column_container radiusTL has-link\"><div class=\"vc_column-inner\"><div class=\"wpb_wrapper\"><div class=\"w-iconbox us_custom_8d5aa4e2 iconpos_top style_default color_primary align_none no_text icontype_img\"><div class=\"w-iconbox-icon\" style=\"font-size:150px;\"><img loading=\"lazy\" decoding=\"async\" width=\"250\" height=\"250\" src=\"https:\/\/www.o2c2.eu\/wp-content\/uploads\/2025\/06\/O2C2-View-Cirtified-Practitioner.jpg\" class=\"attachment-full size-full\" alt=\"\" srcset=\"https:\/\/www.o2c2.eu\/wp-content\/uploads\/2025\/06\/O2C2-View-Cirtified-Practitioner.jpg 250w, https:\/\/www.o2c2.eu\/wp-content\/uploads\/2025\/06\/O2C2-View-Cirtified-Practitioner-150x150.jpg 150w\" sizes=\"auto, (max-width: 250px) 100vw, 250px\" \/><\/div><div class=\"w-iconbox-meta\"><h5 class=\"w-iconbox-title\">VIEW Certification<\/h5><\/div><\/div><div class=\"wpb_text_column\"><div class=\"wpb_wrapper\"><ul>\n<li>Entra\u00eenement physique<\/li>\n<li>16 heures (2 jours)<\/li>\n<li>\u20ac 2.650<\/li>\n<li>Dates : 26 - 29 novembre 2025<\/li>\n<li>Bruxelles<\/li>\n<\/ul>\n<\/div><\/div><div class=\"w-btn-wrapper align_none\"><a class=\"w-btn us-btn-style_1\" href=\"#viewcertificering\"><span class=\"w-btn-label\">Plus d&rsquo;informations<\/span><\/a><\/div><\/div><\/div><a href=\"https:\/\/www.o2c2.eu\/fr\/academie\/certification\/#viewcertification\" class=\"vc_column-link smooth-scroll\" aria-label=\"Lien\"><\/a><\/div><div class=\"vc_col-sm-12 vc_col-lg-4 vc_col-md-4 wpb_column vc_column_container radiusMID has-link\"><div class=\"vc_column-inner\"><div class=\"wpb_wrapper\"><div class=\"w-iconbox us_custom_8d5aa4e2 iconpos_top style_default color_primary align_none no_text icontype_img\"><div class=\"w-iconbox-icon\" style=\"font-size:150px;\"><img loading=\"lazy\" decoding=\"async\" width=\"250\" height=\"250\" src=\"https:\/\/www.o2c2.eu\/wp-content\/uploads\/2025\/06\/O2C2-SOQ-Solution-Outlook-Questionnaire.jpg\" class=\"attachment-full size-full\" alt=\"\" srcset=\"https:\/\/www.o2c2.eu\/wp-content\/uploads\/2025\/06\/O2C2-SOQ-Solution-Outlook-Questionnaire.jpg 250w, https:\/\/www.o2c2.eu\/wp-content\/uploads\/2025\/06\/O2C2-SOQ-Solution-Outlook-Questionnaire-150x150.jpg 150w\" sizes=\"auto, (max-width: 250px) 100vw, 250px\" \/><\/div><div class=\"w-iconbox-meta\"><h5 class=\"w-iconbox-title\">SOQ<\/h5><\/div><\/div><div class=\"wpb_text_column\"><div class=\"wpb_wrapper\"><ul>\n<li class=\"Style2\">Entra\u00eenement physique<\/li>\n<li class=\"Style2\">24 heures (3 jours)<\/li>\n<li>\u20ac 3.950<\/li>\n<li>Dates : 27 - 29 octobre 2025<\/li>\n<li>Bruxelles<\/li>\n<\/ul>\n<\/div><\/div><div class=\"w-btn-wrapper align_none\"><a class=\"w-btn us-btn-style_1\" href=\"#soqcertificering\"><span class=\"w-btn-label\">Plus d&rsquo;informations<\/span><\/a><\/div><\/div><\/div><a href=\"https:\/\/www.o2c2.eu\/fr\/academie\/certification\/#soqcertification\" class=\"vc_column-link smooth-scroll\" aria-label=\"Lien\"><\/a><\/div><\/div><\/div><\/section><section class=\"l-section wpb_row us_custom_e11ab399 moreinfoblock height_large\" id=\"viewcertification\"><div class=\"l-section-h i-cf\"><div class=\"g-cols vc_row via_flex valign_top type_default stacking_default\" style=\"--additional-gap:15px;\"><div class=\"vc_col-sm-3\/5 wpb_column vc_column_container\"><div class=\"vc_column-inner us_custom_769b110d\"><div class=\"wpb_wrapper\"><div class=\"wpb_text_column\"><div class=\"wpb_wrapper\"><h6>VIEW Certification<\/h6>\n<\/div><\/div><div class=\"wpb_text_column\"><div class=\"wpb_wrapper\"><h2>D\u00e9velopper une expertise en Styles de r\u00e9solution de probl\u00e8mes<\/h2>\n<\/div><\/div><div class=\"w-separator size_small\"><\/div><div class=\"wpb_text_column\"><div class=\"wpb_wrapper\"><p>Approfondis ton expertise professionnelle et deviens un expert reconnu dans l&rsquo;<strong>analyse et l&rsquo;optimisation des styles de r\u00e9solution de probl\u00e8mes<\/strong> avec la certification VIEW, reconnue internationalement. Ce programme intensif est con\u00e7u pour te permettre d&rsquo;acqu\u00e9rir les comp\u00e9tences et les connaissances n\u00e9cessaires pour comprendre les dynamiques individuelles et d&rsquo;\u00e9quipe, dans le but d&rsquo;augmenter de mani\u00e8re significative l&rsquo;innovation et la cr\u00e9ativit\u00e9 au sein des organisations ou dans ta propre pratique de coaching et de conseil.<\/p>\n<p>Au cours du programme de certification, tu plongeras dans les fondements scientifiques qui sous-tendent les diff\u00e9rents styles de r\u00e9solution de probl\u00e8mes. Tu apprendras non seulement \u00e0 mener des \u00e9valuations VIEW de mani\u00e8re professionnelle et \u00e0 <strong>interpr\u00e9ter les<\/strong>r\u00e9sultats <strong>avec pr\u00e9cision<\/strong>, mais aussi \u00e0 traduire ces connaissances en <strong>interventions concr\u00e8tes et pratiques<\/strong>. Une partie essentielle du programme consiste \u00e0 d\u00e9velopper tes comp\u00e9tences pour guider efficacement les \u00e9quipes et les individus afin de renforcer leurs capacit\u00e9s de r\u00e9solution de probl\u00e8mes et d&rsquo;int\u00e9grer de fa\u00e7on transparente VIEW dans tes m\u00e9thodologies existantes.<\/p>\n<p>Le programme comprend deux journ\u00e9es de formation intensive, pr\u00e9c\u00e9d\u00e9es d&rsquo;un module de pr\u00e9paration en ligne pour te pr\u00e9parer de mani\u00e8re optimale. Une fois le programme termin\u00e9 avec succ\u00e8s, tu recevras le <strong>certificat de praticien VIEW, reconnu au niveau international, qui<\/strong> constitue un pr\u00e9cieux compl\u00e9ment \u00e0 tes qualifications professionnelles. Le programme comprend un manuel complet, les supports n\u00e9cessaires et l&rsquo;acc\u00e8s \u00e0 la plateforme en ligne sp\u00e9cialis\u00e9e VIEW. La participation \u00e0 ce programme de certification requiert un niveau de travail et de r\u00e9flexion HBO minimum, et l&rsquo;investissement s&rsquo;\u00e9l\u00e8ve \u00e0 2 650 \u20ac (hors TVA).<\/p>\n<p>En tant que praticien VIEW certifi\u00e9, tu es parfaitement \u00e9quip\u00e9 pour utiliser les \u00e9valuations VIEW de mani\u00e8re professionnelle, guider de mani\u00e8re experte les \u00e9quipes et les individus pour renforcer leurs processus d&rsquo;innovation et de cr\u00e9ativit\u00e9, et analyser et optimiser efficacement les styles de r\u00e9solution de probl\u00e8mes. Cette certification te permettra d&rsquo;<strong>apporter une valeur tangible<\/strong> au sein de ta propre pratique ou de ton organisation gr\u00e2ce \u00e0 une compr\u00e9hension plus approfondie et \u00e0 une approche cibl\u00e9e et bas\u00e9e sur les donn\u00e9es de la r\u00e9solution de probl\u00e8mes et de la promotion de l&rsquo;innovation.<\/p>\n<\/div><\/div><\/div><\/div><\/div><div class=\"vc_col-sm-2\/5 wpb_column vc_column_container iconrotation has_bg_color\"><div class=\"vc_column-inner us_custom_b90039b2\"><div class=\"wpb_wrapper\"><div class=\"wpb_text_column us_custom_b860ca69 has_text_color\"><div class=\"wpb_wrapper\"><h3>\u00c0 quoi peux-tu t&rsquo;attendre ?<\/h3>\n<\/div><\/div><div class=\"w-separator size_medium\"><\/div><div class=\"w-iconbox us_custom_2a495adc has_text_color iconpos_left style_outlined color_custom align_none\"><div class=\"w-iconbox-icon\" style=\"font-size:1.5rem;--icon-color:#F2E8C9;--icon-bg-color:var(--color-beige);\"><i class=\"fas fa-arrow-right\"><\/i><\/div><div class=\"w-iconbox-meta\"><h5 class=\"w-iconbox-title\">Styles de r\u00e9solution de probl\u00e8mes<\/h5><div class=\"w-iconbox-text\"><p>Deviens un expert reconnu dans l&rsquo;analyse et l&rsquo;optimisation des styles de r\u00e9solution de probl\u00e8mes.<\/p>\n<\/div><\/div><\/div><div class=\"w-separator size_small\"><\/div><div class=\"w-iconbox us_custom_2a495adc has_text_color iconpos_left style_outlined color_custom align_none\"><div class=\"w-iconbox-icon\" style=\"font-size:1.5rem;--icon-color:#F2E8C9;--icon-bg-color:var(--color-beige);\"><i class=\"fas fa-arrow-right\"><\/i><\/div><div class=\"w-iconbox-meta\"><h5 class=\"w-iconbox-title\">Fondements scientifiques<\/h5><div class=\"w-iconbox-text\"><p>Tu n&rsquo;apprendras pas seulement \u00e0 faire des \u00e9valuations VIEW de mani\u00e8re professionnelle et \u00e0 <strong>interpr\u00e9ter les r\u00e9sultats avec pr\u00e9cision<\/strong>.<\/p>\n<\/div><\/div><\/div><div class=\"w-separator size_small\"><\/div><div class=\"w-iconbox us_custom_2a495adc has_text_color iconpos_left style_outlined color_custom align_none\"><div class=\"w-iconbox-icon\" style=\"font-size:1.5rem;--icon-color:#F2E8C9;--icon-bg-color:var(--color-beige);\"><i class=\"fas fa-arrow-right\"><\/i><\/div><div class=\"w-iconbox-meta\"><h5 class=\"w-iconbox-title\">Certificat reconnu internationalement<\/h5><div class=\"w-iconbox-text\"><p>Une fois le cours termin\u00e9 avec succ\u00e8s, tu recevras le <strong>certificat de praticien VIEW, reconnu au niveau international.<\/strong><\/p>\n<\/div><\/div><\/div><div class=\"w-separator size_small\"><\/div><div class=\"w-iconbox us_custom_2a495adc has_text_color iconpos_left style_outlined color_custom align_none\"><div class=\"w-iconbox-icon\" style=\"font-size:1.5rem;--icon-color:#F2E8C9;--icon-bg-color:var(--color-beige);\"><i class=\"fas fa-arrow-right\"><\/i><\/div><div class=\"w-iconbox-meta\"><h5 class=\"w-iconbox-title\">Une valeur ajout\u00e9e tangible dans la pratique<\/h5><div class=\"w-iconbox-text\"><p>Avec et une compr\u00e9hension plus profonde et une approche cibl\u00e9e et ax\u00e9e sur les donn\u00e9es pour la r\u00e9solution des probl\u00e8mes et la promotion de l&rsquo;innovation, tu seras en mesure d&rsquo;<strong>apporter une valeur tangible.<\/strong><\/p>\n<\/div><\/div><\/div><div class=\"w-separator size_small\"><\/div><div class=\"w-btn-wrapper align_none\"><a class=\"w-btn us-btn-style_2\" href=\"https:\/\/www.o2c2.eu\/fr\/prends-rendez-vous\/\"><span class=\"w-btn-label\">Prends rendez-vous<\/span><\/a><\/div><\/div><\/div><\/div><\/div><\/div><\/section><section class=\"l-section wpb_row us_custom_e11ab399 moreinfoblock height_large\" id=\"soqcertification\"><div class=\"l-section-h i-cf\"><div class=\"g-cols vc_row via_flex valign_top type_default stacking_default\" style=\"--additional-gap:15px;\"><div class=\"vc_col-sm-3\/5 wpb_column vc_column_container\"><div class=\"vc_column-inner us_custom_769b110d\"><div class=\"wpb_wrapper\"><div class=\"wpb_text_column\"><div class=\"wpb_wrapper\"><h6>Certification SOQ<\/h6>\n<\/div><\/div><div class=\"wpb_text_column\"><div class=\"wpb_wrapper\"><h2>Ma\u00eetrise de la mesure et du fa\u00e7onnage du climat d&rsquo;innovation<\/h2>\n<\/div><\/div><div class=\"w-separator size_small\"><\/div><div class=\"wpb_text_column\"><div class=\"wpb_wrapper\"><p>D\u00e9bloque le pouvoir d&rsquo;un climat organisationnel optimal et deviens un expert certifi\u00e9 pour <strong>diagnostiquer<\/strong> et favoriser un environnement dans lequel la cr\u00e9ativit\u00e9 et l&rsquo;innovation s&rsquo;\u00e9panouissent avec la certification SOQ (Situational Outlook Questionnaire) valid\u00e9e au niveau international.<\/p>\n<p>Ce cours approfondi te donne les connaissances et les comp\u00e9tences sp\u00e9cialis\u00e9es pour <strong>analyser les<\/strong> dimensions subtiles, mais cruciales, du <strong>climat de travail<\/strong> et intervenir de mani\u00e8re cibl\u00e9e, ce qui conduit \u00e0 des <strong>am\u00e9liorations mesurables<\/strong> de la capacit\u00e9 d&rsquo;innovation et de l&rsquo;engagement des employ\u00e9s.Au cours de ce programme de certification complet, tu te plongeras dans la base scientifique solide du SOQ, qui s&rsquo;appuie sur plus de 55 ans de recherche sur le climat organisationnel.<\/p>\n<p>En outre, tu apprendras \u00e0 administrer efficacement l&rsquo;enqu\u00eate SOQ, \u00e0 analyser les donn\u00e9es recueillies et \u00e0 interpr\u00e9ter les r\u00e9sultats pour obtenir une image claire des perceptions au sein d&rsquo;une organisation. De fa\u00e7on cruciale, tu <strong>traduiras ces \u00e9clairages diagnostiques en recommandations strat\u00e9giques, fond\u00e9es sur des donn\u00e9es, et en plans d&rsquo;action concrets<\/strong> pour l&rsquo;am\u00e9lioration du climat. Tu d\u00e9velopperas les comp\u00e9tences n\u00e9cessaires pour guider les organisations et les \u00e9quipes dans la cr\u00e9ation d&rsquo;une culture qui soutient et encourage syst\u00e9matiquement l&rsquo;innovation.<\/p>\n<p>Le programme de certification consiste en deux journ\u00e9es de formation intensive, soutenues par un module de pr\u00e9paration en ligne approfondi. Apr\u00e8s avoir r\u00e9ussi, tu recevras<strong> le certificat SOQ Practitioner, reconnu au niveau international,<\/strong> preuve de ton expertise en mati\u00e8re de mesure et d&rsquo;influence du climat d&rsquo;innovation. Le programme comprend un manuel complet, l&rsquo;acc\u00e8s au mat\u00e9riel d&rsquo;\u00e9valuation SOQ et des ressources compl\u00e9mentaires. Un niveau minimum de travail et de r\u00e9flexion HBO est requis pour participer. L&rsquo;investissement pour ce programme de certification est de 3 950 \u20ac (hors TVA).<\/p>\n<p>En tant que praticien SOQ certifi\u00e9, tu es capable d&rsquo;utiliser le SOQ pour diagnostiquer le climat organisationnel avec confiance et expertise. Tu conseilles les dirigeants et les \u00e9quipes pour \u00e9liminer les obstacles \u00e0 l&rsquo;innovation et renforcer les facteurs qui favorisent la cr\u00e9ativit\u00e9. Ton expertise te permet d&rsquo;apporter une contribution fondamentale \u00e0 la transformation des organisations vers un avenir plus adaptatif, plus innovant et finalement plus fructueux, par le biais d&rsquo;une approche du d\u00e9veloppement du climat ax\u00e9e sur les donn\u00e9es et les personnes.<\/p>\n<\/div><\/div><\/div><\/div><\/div><div class=\"vc_col-sm-2\/5 wpb_column vc_column_container iconrotation has_bg_color\"><div class=\"vc_column-inner us_custom_b90039b2\"><div class=\"wpb_wrapper\"><div class=\"wpb_text_column us_custom_b860ca69 has_text_color\"><div class=\"wpb_wrapper\"><h3>\u00c0 quoi peux-tu t&rsquo;attendre ?<\/h3>\n<\/div><\/div><div class=\"w-separator size_medium\"><\/div><div class=\"w-iconbox us_custom_2a495adc has_text_color iconpos_left style_outlined color_custom align_none\"><div class=\"w-iconbox-icon\" style=\"font-size:1.5rem;--icon-color:#F2E8C9;--icon-bg-color:var(--color-beige);\"><i class=\"fas fa-arrow-right\"><\/i><\/div><div class=\"w-iconbox-meta\"><h5 class=\"w-iconbox-title\">Am\u00e9liorations mesurables<\/h5><div class=\"w-iconbox-text\"><p>Gr\u00e2ce \u00e0 des connaissances et des comp\u00e9tences sp\u00e9cialis\u00e9es, apprends \u00e0 <strong>analyser les<\/strong> dimensions subtiles, mais cruciales, du <strong>climat de travail<\/strong> et \u00e0 intervenir de mani\u00e8re cibl\u00e9e.<\/p>\n<\/div><\/div><\/div><div class=\"w-separator size_small\"><\/div><div class=\"w-iconbox us_custom_2a495adc has_text_color iconpos_left style_outlined color_custom align_none\"><div class=\"w-iconbox-icon\" style=\"font-size:1.5rem;--icon-color:#F2E8C9;--icon-bg-color:var(--color-beige);\"><i class=\"fas fa-arrow-right\"><\/i><\/div><div class=\"w-iconbox-meta\"><h5 class=\"w-iconbox-title\">De la th\u00e9orie \u00e0 la pratique<\/h5><div class=\"w-iconbox-text\"><p>Apprends \u00e0 administrer efficacement le sondage SOQ, \u00e0 analyser les donn\u00e9es recueillies et \u00e0 interpr\u00e9ter les r\u00e9sultats pour obtenir une image claire des perceptions au sein d&rsquo;une organisation.<\/p>\n<\/div><\/div><\/div><div class=\"w-separator size_small\"><\/div><div class=\"w-iconbox us_custom_2a495adc has_text_color iconpos_left style_outlined color_custom align_none\"><div class=\"w-iconbox-icon\" style=\"font-size:1.5rem;--icon-color:#F2E8C9;--icon-bg-color:var(--color-beige);\"><i class=\"fas fa-arrow-right\"><\/i><\/div><div class=\"w-iconbox-meta\"><h5 class=\"w-iconbox-title\">Certificat reconnu internationalement<\/h5><div class=\"w-iconbox-text\"><p>Apr\u00e8s deux jours de formation intensive, soutenus par un module de pr\u00e9paration en ligne approfondi, tu recevras le <strong>certificat de praticien SOQ, reconnu au niveau international.<\/strong><\/p>\n<\/div><\/div><\/div><div class=\"w-separator size_small\"><\/div><div class=\"w-btn-wrapper align_none\"><a class=\"w-btn us-btn-style_2\" href=\"https:\/\/www.o2c2.eu\/fr\/prends-rendez-vous\/\"><span class=\"w-btn-label\">Prends rendez-vous<\/span><\/a><\/div><\/div><\/div><\/div><\/div><\/div><\/section><section class=\"l-section wpb_row height_auto\"><div class=\"l-section-h i-cf\"><div class=\"g-cols vc_row via_flex valign_top type_default stacking_default\"><div class=\"vc_col-sm-12 wpb_column vc_column_container\"><div class=\"vc_column-inner\"><div class=\"wpb_wrapper\"><div class=\"w-separator size_medium\"><\/div><\/div><\/div><\/div><\/div><\/div><\/section>\n","protected":false},"excerpt":{"rendered":"AccueilPagesVIEW &amp; SOQ Certifications La certification professionnelle est de plus en plus importante pour l&rsquo;\u00e9volution de la carri\u00e8re et la reconnaissance de l&rsquo;expertise, et avec VIEW et SOQ, nous offrons deux voies de certification puissantes et ind\u00e9pendantes. Les deux certifications ont leur propre int\u00e9r\u00eat et leur propre valeur : VIEW te donne une vision approfondie...","protected":false},"author":1,"featured_media":138,"parent":1332,"menu_order":3,"comment_status":"closed","ping_status":"closed","template":"","meta":{"_acf_changed":false,"content-type":"","_mo_disable_npp":"","footnotes":""},"class_list":["post-1657","page","type-page","status-publish","has-post-thumbnail","hentry"],"acf":[],"aioseo_notices":[],"_links":{"self":[{"href":"https:\/\/www.o2c2.eu\/fr\/wp-json\/wp\/v2\/pages\/1657","targetHints":{"allow":["GET"]}}],"collection":[{"href":"https:\/\/www.o2c2.eu\/fr\/wp-json\/wp\/v2\/pages"}],"about":[{"href":"https:\/\/www.o2c2.eu\/fr\/wp-json\/wp\/v2\/types\/page"}],"author":[{"embeddable":true,"href":"https:\/\/www.o2c2.eu\/fr\/wp-json\/wp\/v2\/users\/1"}],"replies":[{"embeddable":true,"href":"https:\/\/www.o2c2.eu\/fr\/wp-json\/wp\/v2\/comments?post=1657"}],"version-history":[{"count":3,"href":"https:\/\/www.o2c2.eu\/fr\/wp-json\/wp\/v2\/pages\/1657\/revisions"}],"predecessor-version":[{"id":1920,"href":"https:\/\/www.o2c2.eu\/fr\/wp-json\/wp\/v2\/pages\/1657\/revisions\/1920"}],"up":[{"embeddable":true,"href":"https:\/\/www.o2c2.eu\/fr\/wp-json\/wp\/v2\/pages\/1332"}],"wp:featuredmedia":[{"embeddable":true,"href":"https:\/\/www.o2c2.eu\/fr\/wp-json\/wp\/v2\/media\/138"}],"wp:attachment":[{"href":"https:\/\/www.o2c2.eu\/fr\/wp-json\/wp\/v2\/media?parent=1657"}],"curies":[{"name":"wp","href":"https:\/\/api.w.org\/{rel}","templated":true}]}}