{"id":2578,"date":"2026-02-05T12:49:42","date_gmt":"2026-02-05T11:49:42","guid":{"rendered":"https:\/\/www.o2c2.eu\/?page_id=2578"},"modified":"2026-02-06T11:10:43","modified_gmt":"2026-02-06T10:10:43","slug":"kuddementaliteit-en-gedrag-in-agile-contexten","status":"publish","type":"page","link":"https:\/\/www.o2c2.eu\/fr\/kuddementaliteit-en-gedrag-in-agile-contexten\/","title":{"rendered":"Pourquoi le comportement en meute est-il si r\u00e9pandu ?"},"content":{"rendered":"<section class=\"l-section wpb_row height_small\"><div class=\"l-section-h i-cf\"><div class=\"g-cols vc_row via_flex valign_top type_default stacking_default\"><div class=\"vc_col-sm-12 wpb_column vc_column_container\"><div class=\"vc_column-inner\"><div class=\"wpb_wrapper\"><div class=\"wpb_text_column\"><div class=\"wpb_wrapper\"><h2>Introduction<\/h2>\n<p>Avez-vous d\u00e9j\u00e0 v\u00e9cu ou vu la situation suivante ?<\/p>\n<p>\u00ab Le PDG veut l&rsquo;option A \u00bb. Apr\u00e8s que les deux premiers managers ont soutenu \u00ab A \u00bb, les autres se rallient rapidement (\u00ab Alors je choisis aussi A \u00bb), sans exprimer leur propre analyse. Cela correspond au fait de suivre\/imiter le groupe. Comportement gr\u00e9gaire lors de la r\u00e9union (comportement visible)<\/p>\n<p>Personne n&rsquo;ose plus remettre en question les risques, les hypoth\u00e8ses ou les donn\u00e9es (\u00ab Nous sommes tous d&rsquo;accord \u00bb), et la contradiction est per\u00e7ue comme \u00ab d\u00e9loyale \u00bb. Cela correspond \u00e0 la pens\u00e9e de groupe : le groupe aboutit \u00e0 une fa\u00e7on de penser commune qui \u00e9touffe la critique. Esprit de groupe dans la r\u00e9union (climat sous-jacent).<\/p>\n<p><strong>Qu&rsquo;est-ce que le comportement gr\u00e9gaire et l&rsquo;esprit gr\u00e9gaire ?<\/strong><\/p>\n<p>Une d\u00e9finition parle de la tendance des individus \u00e0 <b>imiter\/suivre le comportement du groupe<\/b>. Dans une telle situation, une personne pense souvent <b>moins de mani\u00e8re ind\u00e9pendante<\/b> et suit le groupe presque \u00ab automatiquement \u00bb. On observe \u00e9galement ce ph\u00e9nom\u00e8ne dans les \u00e9quipes\/organisations, car les gens ont <b>instinctivement tendance \u00e0 suivre la majorit\u00e9<\/b>.<\/p>\n<p>Le <b>esprit de groupe<\/b> est souvent utilis\u00e9 pour d\u00e9signer l&rsquo;<b>atmosph\u00e8re mentale\/\u00e9tat d&rsquo;esprit<\/b> dans lequel le groupe \u00ab pense dans le m\u00eame sens \u00bb et o\u00f9 les opinions divergentes ont moins de chances de s&rsquo;exprimer \u2014 ce que la psychologie appelle souvent le <b>pens\u00e9e de groupe<\/b>. Il s&rsquo;agit de penser dans le m\u00eame sens (au niveau mental\/culturel), ce qui facilite l&rsquo;apparition d&rsquo;un comportement gr\u00e9gaire.<\/p>\n<p>Le comportement gr\u00e9gaire n&rsquo;est pas seulement observable au sein d&rsquo;une entreprise, mais \u00e9galement <b>tr\u00e8s souvent au sein d&rsquo;une m\u00eame entreprise<\/b>. L&rsquo;organisation A utilise l&rsquo;\u00e9valuation X. L&rsquo;organisation B d\u00e9cide d&rsquo;utiliser la m\u00eame \u00e9valuation, non pas parce qu&rsquo;elle est utile ou valide (l&rsquo;organisation A aura fait ses devoirs&#8230;), et l&rsquo;\u00e9valuation X est donc \u00e9galement utilis\u00e9e dans l&rsquo;organisation B. Sans se soucier de la qualit\u00e9 et de la validit\u00e9.<\/p>\n<\/div><\/div><div class=\"w-separator size_medium\"><\/div><\/div><\/div><\/div><div class=\"vc_col-sm-12 wpb_column vc_column_container\"><div class=\"vc_column-inner\"><div class=\"wpb_wrapper\"><\/div><\/div><\/div><\/div><\/div><\/section><section class=\"l-section wpb_row height_medium\"><div class=\"l-section-h i-cf\"><div class=\"g-cols vc_row via_flex valign_top type_default stacking_default\"><div class=\"vc_col-sm-12 wpb_column vc_column_container\"><div class=\"vc_column-inner\"><div class=\"wpb_wrapper\"><div class=\"wpb_text_column\"><div class=\"wpb_wrapper\"><h2>Le r\u00f4le du climat organisationnel et de la diversit\u00e9 cognitive dans la pens\u00e9e de groupe<\/h2>\n<h3><strong>Climat organisationnel<\/strong><\/h3>\n<ol>\n<li>S\u00e9curit\u00e9 psychologique<\/li>\n<\/ol>\n<p>Des m\u00e9ta-analyses r\u00e9centes montrent que les \u00e9quipes b\u00e9n\u00e9ficiant d&rsquo;une s\u00e9curit\u00e9 psychologique \u00e9lev\u00e9e g\u00e9n\u00e8rent jusqu&rsquo;\u00e0 27 % d&rsquo;id\u00e9es innovantes en plus et r\u00e9alisent 19 % de mises en \u0153uvre r\u00e9ussies en plus que les \u00e9quipes qui ne b\u00e9n\u00e9ficient pas de cette s\u00e9curit\u00e9 (Edmondson, 1999 ; Journal of Applied Psychology, 2023).<\/p>\n<p><b>La s\u00e9curit\u00e9 psychologique<\/b>, d\u00e9finie comme la conviction partag\u00e9e que les membres de l&rsquo;\u00e9quipe peuvent prendre des risques interpersonnels sans craindre de cons\u00e9quences n\u00e9gatives, s&rsquo;av\u00e8re ainsi \u00eatre l&rsquo;un des <b>meilleurs pr\u00e9dicteurs des r\u00e9sultats innovants d&rsquo;une \u00e9quipe<\/b>.<\/p>\n<ol>\n<li>Pression temporelle et manque de confiance<\/li>\n<\/ol>\n<p>La pression temporelle et le manque de confiance renforcent l&rsquo;esprit de groupe et le comportement gr\u00e9gaire. Des \u00e9tudes exp\u00e9rimentales montrent que sous une forte pression temporelle, la tendance \u00e0 la conformit\u00e9 et \u00e0 la pens\u00e9e de groupe augmente consid\u00e9rablement au sein des \u00e9quipes. Une \u00e9tude al\u00e9atoire en laboratoire a montr\u00e9 qu&rsquo;une forte conformit\u00e9, stimul\u00e9e par des r\u00e9compenses pour l&rsquo;alignement du groupe et des sanctions pour la d\u00e9viation, entra\u00eenait une forte diminution du nombre de d\u00e9cisions tenant compte de l&rsquo;opinion minoritaire (37,7 % en cas de forte conformit\u00e9 contre 61,5 % en cas de faible conformit\u00e9, p &lt; 0,001).<\/p>\n<p>Dans des environnements stables, les groupes \u00e0 forte conformit\u00e9 ont obtenu des r\u00e9sultats l\u00e9g\u00e8rement meilleurs, mais d\u00e8s que l&rsquo;environnement a chang\u00e9, leurs performances ont baiss\u00e9 de mani\u00e8re significativement plus forte que celles des groupes \u00e0 faible conformit\u00e9 (de 0,79 \u00e0 0,37 choix corrects, p = 0,005).<\/p>\n<p><b>La confiance au sein des \u00e9quipes est un indicateur essentiel de la s\u00e9curit\u00e9 psychologique et de la cr\u00e9ativit\u00e9.<\/b> Des m\u00e9ta-analyses confirment que la confiance au sein de l&rsquo;\u00e9quipe a un effet positif sup\u00e9rieur \u00e0 la moyenne sur les performances de l&rsquo;\u00e9quipe (\u03c1 = 0,30).<\/p>\n<p>La combinaison de la pression du temps et de la confiance d\u00e9termine dans une large mesure la <b>capacit\u00e9 d&rsquo;innovation des \u00e9quipes<\/b>. Sous une forte pression du temps, les \u00e9quipes ne sont performantes que s&rsquo;il existe un niveau \u00e9lev\u00e9 de confiance et de s\u00e9curit\u00e9 psychologique. Dans les situations o\u00f9 la confiance est faible, la pression du temps conduit \u00e0 plus de conformit\u00e9 et moins d&rsquo;innovation, tandis que dans les \u00e9quipes o\u00f9 la confiance est forte, la pression du temps peut au contraire conduire \u00e0 une motivation accrue pour l&rsquo;apprentissage et \u00e0 l&rsquo;innovation, \u00e0 condition d&rsquo;\u00eatre soutenue par un retour d&rsquo;information ax\u00e9 sur le d\u00e9veloppement de la part des dirigeants.<\/p>\n<p>La diversit\u00e9 des comp\u00e9tences au sein des \u00e9quipes renforce l&rsquo;effet positif du leadership humble sur la r\u00e9flexion et l&rsquo;innovation de l&rsquo;\u00e9quipe, en particulier lorsque les membres de l&rsquo;\u00e9quipe sont encourag\u00e9s \u00e0 partager diff\u00e9rents points de vue.<\/p>\n<h3><strong>Diversit\u00e9 cognitive<\/strong><\/h3>\n<p>La diversit\u00e9 cognitive, c&rsquo;est-\u00e0-dire les diff\u00e9rences en termes de connaissances, de perspectives et de styles de r\u00e9solution de probl\u00e8mes, s&rsquo;av\u00e8re \u00eatre un puissant moteur d&rsquo;innovation. Des recherches empiriques men\u00e9es dans des <b>environnements complexes<\/b>, telles que les travaux de Sauer et al. (2006), montrent que les \u00e9quipes ayant diff\u00e9rents niveaux de compr\u00e9hension du syst\u00e8me obtiennent des r\u00e9sultats nettement meilleurs dans les t\u00e2ches complexes. Ces \u00e9quipes r\u00e9agissent plus rapidement et avec plus de pr\u00e9cision aux situations inattendues et commettent moins d&rsquo;erreurs. Le type de diversit\u00e9 cognitive est important \u00e0 cet \u00e9gard : la diversit\u00e9 dans la profondeur de la compr\u00e9hension et l&rsquo;approche des probl\u00e8mes est plus profitable que la simple sp\u00e9cialisation fonctionnelle.<\/p>\n<p>D&rsquo;autres \u00e9tudes confirment que la diversit\u00e9 cognitive ne conduit \u00e0 l&rsquo;innovation que s&rsquo;il existe <b>une compr\u00e9hension mutuelle suffisante et un langage commun au sein de l&rsquo;\u00e9quipe<\/b>. Les \u00e9quipes tr\u00e8s diversifi\u00e9es mais peu communes dans leur compr\u00e9hension sont plus souvent confront\u00e9es \u00e0 des malentendus et \u00e0 des conflits, ce qui entrave justement l&rsquo;innovation.<\/p>\n<p>Un leadership qui s&rsquo;attache \u00e0 d\u00e9velopper un langage commun et \u00e0 faciliter le d\u00e9bat permet de tirer pleinement parti des avantages de la diversit\u00e9 cognitive.<\/p>\n<ol>\n<li><b>Le mod\u00e8le VIEW<\/b>, qui cartographie les styles de r\u00e9solution de probl\u00e8mes <a href=\"https:\/\/www.o2c2.eu\/fr\/organisations\/solutions\/renforcer-la-capacite-dinnovation\/equipes-engagees\/\">(https:\/\/www.o2c2. eu\/organisaties\/oplossingen\/innovatievermogen-opbouwen\/betrokken-teams),<\/a> a \u00e9t\u00e9 valid\u00e9 scientifiquement et montre que les \u00e9quipes compos\u00e9es \u00e0 la fois d&rsquo;explorateurs (ax\u00e9s sur l&rsquo;innovation) et de d\u00e9veloppeurs (ax\u00e9s sur l&rsquo;optimisation) sont plus cr\u00e9atives et mieux r\u00e9sistantes \u00e0 la pression du groupe. L&rsquo;\u00e9quilibre entre le travail externe (r\u00e9flexion \u00e0 voix haute) et interne (r\u00e9flexion introspective), ainsi qu&rsquo;entre l&rsquo;orientation vers les t\u00e2ches et l&rsquo;orientation vers les relations, contribue \u00e9galement \u00e0 pr\u00e9venir le comportement gr\u00e9gaire et \u00e0 stimuler l&rsquo;innovation<\/li>\n<\/ol>\n<p>La diversit\u00e9 cognitive est un puissant moteur d&rsquo;innovation, \u00e0 condition qu&rsquo;elle soit bien g\u00e9r\u00e9e. Des recherches empiriques men\u00e9es dans des environnements techniques complexes montrent que les \u00e9quipes ayant des modes de pens\u00e9e diversifi\u00e9s obtiennent des r\u00e9sultats nettement meilleurs dans les t\u00e2ches complexes. Des \u00e9tudes contr\u00f4l\u00e9es ont montr\u00e9 que les \u00e9quipes pr\u00e9sentant une diversit\u00e9 dans la compr\u00e9hension des syst\u00e8mes obtenaient de meilleurs r\u00e9sultats dans l&rsquo;ex\u00e9cution des t\u00e2ches principales et agissaient de mani\u00e8re plus efficace dans des sc\u00e9narios impr\u00e9vus. Ces avantages se manifestaient principalement dans la diversit\u00e9 de la profondeur de compr\u00e9hension, et non pas uniquement dans la sp\u00e9cialisation fonctionnelle (Sauer et al., 2006).<\/p>\n<p>Dans le m\u00eame temps, des analyses indiquent que la diversit\u00e9 cognitive peut \u00e9galement entra\u00eener des probl\u00e8mes de communication et des conflits, en particulier lorsque les membres de l&rsquo;\u00e9quipe ne sont pas ouverts aux perspectives des autres ou lorsque la s\u00e9curit\u00e9 psychologique est insuffisante (Mansoor et al., 2013).<\/p>\n<\/div><\/div><\/div><\/div><\/div><\/div><\/div><\/section><section class=\"l-section wpb_row us_custom_72668127 height_auto width_full\"><div class=\"l-section-h i-cf\"><div class=\"g-cols vc_row via_flex valign_top type_default stacking_default\"><div class=\"vc_col-sm-9 wpb_column vc_column_container\"><div class=\"vc_column-inner\"><div class=\"wpb_wrapper\"><div class=\"w-image align_center\"><div class=\"w-image-h\"><img decoding=\"async\" width=\"1024\" height=\"683\" src=\"https:\/\/www.o2c2.eu\/wp-content\/uploads\/2026\/02\/kuddegeest-1024x683.jpeg\" class=\"attachment-large size-large\" alt=\"\" loading=\"lazy\" srcset=\"https:\/\/www.o2c2.eu\/wp-content\/uploads\/2026\/02\/kuddegeest-1024x683.jpeg 1024w, https:\/\/www.o2c2.eu\/wp-content\/uploads\/2026\/02\/kuddegeest-300x200.jpeg 300w, https:\/\/www.o2c2.eu\/wp-content\/uploads\/2026\/02\/kuddegeest-1320x880.jpeg 1320w, https:\/\/www.o2c2.eu\/wp-content\/uploads\/2026\/02\/kuddegeest-scaled.jpeg 2000w\" sizes=\"auto, (max-width: 1024px) 100vw, 1024px\" \/><\/div><\/div><\/div><\/div><\/div><\/div><\/div><\/section><section class=\"l-section wpb_row height_medium\"><div class=\"l-section-h i-cf\"><div class=\"g-cols vc_row via_flex valign_top type_default stacking_default\"><div class=\"vc_col-sm-12 wpb_column vc_column_container\"><div class=\"vc_column-inner\"><div class=\"wpb_wrapper\"><div class=\"wpb_text_column\"><div class=\"wpb_wrapper\"><h2>Du comportement de troupeau \u00e0 l&rsquo;agilit\u00e9<\/h2>\n<p><b>La premi\u00e8re \u00e9tape pour \u00eatre agile consiste \u00e0 rep\u00e9rer les signaux.<\/b><\/p>\n<p>\u00catre agile signifie \u00eatre capable de rep\u00e9rer les signaux provenant du monde ext\u00e9rieur et d&rsquo;y r\u00e9fl\u00e9chir, tels que les changements dans les attentes des clients, les nouvelles menaces ou les nouvelles opportunit\u00e9s. Des \u00e9tudes montrent que les \u00e9quipes pr\u00e9sentant une grande diversit\u00e9 cognitive, caract\u00e9ris\u00e9es par des parcours, des comp\u00e9tences et des modes de pens\u00e9e diff\u00e9rents, sont nettement plus aptes \u00e0 d\u00e9tecter les signaux faibles ou ambigus. Comme chacun est attentif \u00e0 des signaux diff\u00e9rents et comprend les choses \u00e0 sa mani\u00e8re, le groupe est moins susceptible de passer \u00e0 c\u00f4t\u00e9 de changements importants ou de se retrouver bloqu\u00e9 dans des angles morts. Il est important d&rsquo;avoir des opinions tr\u00e8s diverses afin d&rsquo;\u00eatre alert\u00e9 \u00e0 un stade pr\u00e9coce et de savoir ce qui se passe dans des situations difficiles \u00e0 comprendre et en constante \u00e9volution. Cela aide les \u00e9quipes \u00e0 identifier des sch\u00e9mas et \u00e0 se pr\u00e9parer aux changements avant qu&rsquo;ils ne deviennent n\u00e9cessaires.<\/p>\n<p>La s\u00e9curit\u00e9 psychologique facilite la circulation de l&rsquo;information.<\/p>\n<p>Mais il ne suffit pas d&rsquo;avoir des points de vue diff\u00e9rents. M\u00eame si ce qu&rsquo;ils voient n&rsquo;est pas normal, les membres de l&rsquo;\u00e9quipe doivent se sentir libres de s&rsquo;exprimer, de partager leurs id\u00e9es et de signaler imm\u00e9diatement les anomalies. Cela permet de reconna\u00eetre rapidement les signaux et d&rsquo;y r\u00e9agir. Veiller \u00e0 ce que tous les membres de l&rsquo;\u00e9quipe se sentent en s\u00e9curit\u00e9 sur le plan psychologique est un \u00e9l\u00e9ment important de ce processus. Cela signifie qu&rsquo;ils ne doivent pas avoir peur de prendre des risques avec les autres. Les gens sont plus enclins \u00e0 s&rsquo;exprimer, \u00e0 partager de nouvelles id\u00e9es et \u00e0 admettre leurs torts lorsqu&rsquo;ils se sentent en s\u00e9curit\u00e9 sur le plan mental. Cette ouverture facilite la diffusion rapide et en plus grande quantit\u00e9 des informations. Cela r\u00e9duit le risque que les informations soient filtr\u00e9es ou que l&rsquo;organisation reste silencieuse, ce qui pourrait entra\u00eener la perte ou la dissimulation de signaux importants. Cela aide les \u00e9quipes \u00e0 d\u00e9tecter et \u00e0 r\u00e9soudre beaucoup plus rapidement les probl\u00e8mes susceptibles de se poser, ce qui leur permet de mieux s&rsquo;adapter aux changements.<\/p>\n<p><strong>Des processus structur\u00e9s vous aident \u00e0 obtenir des r\u00e9ponses rapides<\/strong><\/p>\n<p>La rapidit\u00e9 avec laquelle un groupe ou une \u00e9quipe peut trouver et mettre en \u0153uvre de nouvelles solutions apr\u00e8s avoir d\u00e9tect\u00e9 un signal d\u00e9pend de la mani\u00e8re dont ils ont mis en place leurs processus de r\u00e9solution de probl\u00e8mes. Des \u00e9tudes montrent que les individus peuvent r\u00e9soudre des probl\u00e8mes de mani\u00e8re ind\u00e9pendante, mais que les groupes obtiennent de meilleurs r\u00e9sultats lorsqu&rsquo;ils adoptent une strat\u00e9gie plus m\u00e9thodique. Les dirigeants qui aident les \u00e9quipes \u00e0 suivre des \u00e9tapes claires, telles que l&rsquo;identification du probl\u00e8me, la recherche de solutions, l&rsquo;\u00e9valuation des avantages et des inconv\u00e9nients de chaque option et l&rsquo;\u00e9laboration d&rsquo;un plan de mise en \u0153uvre, veillent \u00e0 ce que chacun puisse s&rsquo;exprimer et \u00e0 ce qu&rsquo;il n&rsquo;y ait pas de confusion. Ce processus structur\u00e9 acc\u00e9l\u00e8re non seulement le cycle d&rsquo;apprentissage, mais conduit \u00e9galement \u00e0 des r\u00e9ponses meilleures et plus cr\u00e9atives.<\/p>\n<p>En utilisant ces m\u00e9thodes, les \u00e9quipes \u00e9vitent de s&rsquo;enliser dans des discussions interminables ou de prendre des d\u00e9cisions trop h\u00e2tives. Elles n&rsquo;attendent pas, mais passent rapidement de la recherche de signaux \u00e0 l&rsquo;action.<\/p>\n<\/div><\/div><\/div><\/div><\/div><\/div><\/div><\/section><section class=\"l-section wpb_row height_auto\"><div class=\"l-section-h i-cf\"><div class=\"g-cols vc_row via_flex valign_top type_default stacking_default\"><div class=\"vc_col-sm-12 wpb_column vc_column_container\"><div class=\"vc_column-inner\"><div class=\"wpb_wrapper\"><div class=\"wpb_text_column\"><div class=\"wpb_wrapper\"><h2>R\u00e9f\u00e9rences :<\/h2>\n<h3><strong>Conformit\u00e9, zones c\u00e9r\u00e9brales et cr\u00e9ativit\u00e9<\/strong><\/h3>\n<h4><strong>Conformit\u00e9<\/strong><\/h4>\n<p>Cortex pr\u00e9frontal m\u00e9dian (mPFC) et gyrus cingulaire ant\u00e9rieur (ACC) dans la conformit\u00e9. Ces zones c\u00e9r\u00e9brales sont activ\u00e9es lorsque les individus remarquent que leur opinion diverge de celle du groupe, ce qui entra\u00eene un malaise et une impulsion \u00e0 se conformer.<\/p>\n<p>Source :<\/p>\n<p>Klucharev, V., Hyt\u00f6nen, K., Rijpkema, M., Smidts, A., &amp; Fern\u00e1ndez, G. (2009). Reinforcement learning signal predicts social conformity. <i>Neuron, 61<\/i>(1), 140-151. <a href=\"https:\/\/doi.org\/10.1016\/j.neuron.2008.11.027\">https:\/\/doi.org\/10.1016\/j.neuron.2008.11.027<\/a><\/p>\n<p>Une \u00e9tude IRMf montre l&rsquo;activation de l&rsquo;ACC et du mPFC en cas d&rsquo;opinions divergentes au sein d&rsquo;un groupe et <b>pr\u00e9dit l&rsquo;adaptation du comportement aux normes du groupe.<\/b><\/p>\n<p>Berns, G. S., Chappelow, J., Zink, C. F., Pagnoni, G., Martin-Skurski, M. E., &amp; Richards, J. (2005). Corr\u00e9lats neurobiologiques de la conformit\u00e9 sociale et de l&rsquo;ind\u00e9pendance pendant la rotation mentale. <i>Biological Psychiatry, 58<\/i>(3), 245-253. <a href=\"https:\/\/doi.org\/10.1016\/j.biopsych.2005.04.012\">https:\/\/doi.org\/10.1016\/j.biopsych.2005.04.012<\/a><\/p>\n<h4><strong>Influence sociale et adaptation des d\u00e9cisions \u00e0 la pression du groupe<\/strong><\/h4>\n<p>Revue des recherches en IRMf sur l&rsquo;influence sociale, en mettant l&rsquo;accent sur le CPFm et le CCA. L&rsquo;activation du CCA est observ\u00e9e lors de conflits sociaux et l&rsquo;implication du CPFm lors de l&rsquo;adaptation des d\u00e9cisions \u00e0 la pression du groupe.<\/p>\n<p>Izuma, K., Adolphs, R., &amp; O&rsquo;Doherty, J. P. (2015). The neural basis of social influence and attitude change. <i>Current Opinion in Neurobiology, 23<\/i>(3), 456-462. <a href=\"https:\/\/doi.org\/10.1016\/j.conb.2013.03.009\">https:\/\/doi.org\/10.1016\/j.conb.2013.03.009<\/a><\/p>\n<h4><strong>Influence du comportement gr\u00e9gaire<\/strong><\/h4>\n<p>Synchronisation c\u00e9r\u00e9brale dans le gyrus frontal inf\u00e9rieur (IFG) associ\u00e9e \u00e0 l&rsquo;imitation et \u00e0 des solutions de groupe moins originales<\/p>\n<p>- La synchronisation dans les zones li\u00e9es \u00e0 l&rsquo;imitation, telles que l&rsquo;IFG, est associ\u00e9e \u00e0 un comportement plus gr\u00e9gaire et \u00e0 moins de cr\u00e9ativit\u00e9. L&rsquo;hyperscanning montre que la synchronisation de l&rsquo;IFG est associ\u00e9e \u00e0 l&rsquo;imitation et \u00e0 l&rsquo;alignement comportemental dans les groupes.<\/p>\n<p>Sources :<\/p>\n<p>Jiang, J., Dai, B., Peng, D., Zhu, C., Liu, L., &amp; Lu, C. (2012). Neural synchronization during face-to-face communication. <i>Journal of Neuroscience, 32<\/i>(45), 16064-16069. <a href=\"https:\/\/doi.org\/10.1523\/JNEUROSCI.2926-12.2012\">https:\/\/doi.org\/10.1523\/JNEUROSCI.2926-12.2012<\/a><\/p>\n<p>Xie, H., Jiang, Y., Li, X., &amp; Lu, C. (2020). Interpersonal brain synchronization in the IFG predicts behavioral conformity after group discussion. <i>NeuroImage, 211<\/i>, 116633. <a href=\"https:\/\/doi.org\/10.1016\/j.neuroimage.2020.116633\">https:\/\/doi.org\/10.1016\/j.neuroimage.2020.116633<\/a><\/p>\n<p>Preuve directe que la synchronisation IFG <b>pr\u00e9dit la conformit\u00e9 du groupe<\/b>.<\/p>\n<p>Liu, N., Mok, C., Witt, E. E., Pradhan, A. H., Chen, J. E., &amp; Reiss, A. L. (2016). L&rsquo;hyperscanning bas\u00e9 sur la NIRS r\u00e9v\u00e8le une synchronisation neuronale inter-cerveau pendant un jeu coop\u00e9ratif de Jenga avec communication en face \u00e0 face. <i>Frontiers in Human Neuroscience, 10<\/i>, 82. <a href=\"https:\/\/doi.org\/10.3389\/fnhum.2016.00082\">https:\/\/doi.org\/10.3389\/fnhum.2016.00082<\/a><\/p>\n<p>&nbsp;<\/p>\n<h4><strong>Influence sur l&rsquo;innovation<\/strong><\/h4>\n<p>La synchronisation dans le cortex pr\u00e9frontal dorsolat\u00e9ral (DLPFC) pr\u00e9dit la <b>flexibilit\u00e9 cognitive et l&rsquo;innovation<\/b><\/p>\n<p>Sources :<\/p>\n<p>Lu, K., Xue, H., Nozawa, T., &amp; Hao, N. (2019). La coop\u00e9ration rend un groupe plus cr\u00e9atif. <i>Cerebral Cortex, 29<\/i>(8), 3457-3470. <a href=\"https:\/\/doi.org\/10.1093\/cercor\/bhy217\">https:\/\/doi.org\/10.1093\/cercor\/bhy217<\/a><\/p>\n<p>L&rsquo;hyperscanning fNIRS montre que la synchronisation du DLPFC<b> pr\u00e9dit la cr\u00e9ativit\u00e9 et la flexibilit\u00e9 du groupe<\/b>.<\/p>\n<p>Xue, H., Lu, K., Hao, N., &amp; Liu, J. (2018). La synchronisation cerveau-cerveau dans le DLPFC droit sous-tend la performance cr\u00e9ative du groupe. <i>Social Cognitive and Affective Neuroscience, 13<\/i>(8), 849-860. <a href=\"https:\/\/doi.org\/10.1093\/scan\/nsy060\">https:\/\/doi.org\/10.1093\/scan\/nsy060<\/a><\/p>\n<p>La synchronisation du DLPFC est <b>positivement corr\u00e9l\u00e9e \u00e0 la performance innovante du groupe.<\/b><\/p>\n<p>Sun, Y., Zhang, W., Tang, H., &amp; Wang, Y. (2020). La synchronisation inter-cerveau dans le DLPFC favorise la g\u00e9n\u00e9ration d&rsquo;id\u00e9es cr\u00e9atives en groupe. <i>NeuroImage, 206<\/i>, 116311. <a href=\"https:\/\/doi.org\/10.1016\/j.neuroimage.2019.116311\">https:\/\/doi.org\/10.1016\/j.neuroimage.2019.116311<\/a><\/p>\n<p>La synchronisation du DLPFC pr\u00e9dit la pens\u00e9e divergente et l&rsquo;innovation dans les \u00e9quipes.<\/p>\n<h4><strong>M\u00e9ta-analyses et \u00e9tudes r\u00e9capitulatives<\/strong><\/h4>\n<p><strong>La base neurologique de la conformit\u00e9, de l&rsquo;imitation et de la cr\u00e9ativit\u00e9 est largement \u00e9tay\u00e9e par des m\u00e9ta-analyses.<\/strong><\/p>\n<ul>\n<li><b>Sources :<\/b>\n<ul>\n<li>Wu, X., Yang, W., Tong, D., Sun, J., Chen, Q., Wei, D., &#8230; &amp; Qiu, J. (2015). A meta-analysis of neuroimaging studies on divergent thinking using activation likelihood estimation. <i>Human Brain Mapping, 36<\/i>(7), 2703-2718. <a href=\"https:\/\/doi.org\/10.1002\/hbm.22801\">https:\/\/doi.org\/10.1002\/hbm.22801<\/a><\/li>\n<\/ul>\n<\/li>\n<\/ul>\n<p><strong>Aper\u00e7u des zones c\u00e9r\u00e9brales impliqu\u00e9es dans la cr\u00e9ativit\u00e9 : DLPFC, IFG, mPFC, ACC.<\/strong><\/p>\n<ul>\n<li style=\"list-style-type: none;\">\n<ul>\n<li>Yang, W., Liu, P., Wang, X., Zhang, Z., &amp; Qiu, J. (2022). Neural correlates of creative idea generation: A meta-analysis of fMRI studies. <i>NeuroImage, 246<\/i>, 118757. <a href=\"https:\/\/doi.org\/10.1016\/j.neuroimage.2021.118757\">https:\/\/doi.org\/10.1016\/j.neuroimage.2021.118757<\/a><\/li>\n<\/ul>\n<\/li>\n<\/ul>\n<p><b>DLPFC et IFG comme zones cl\u00e9s pour la flexibilit\u00e9 et l&rsquo;imitation, respectivement.<\/b><\/p>\n<ul>\n<li style=\"list-style-type: none;\">\n<ul>\n<li>Czeszumski, A., Eustergerling, S., Volz, L. J., King, J. A., &amp; K\u00f6nig, P. (2020). Hyperscanning : une m\u00e9thode valide pour \u00e9tudier les fondements neuronaux inter-c\u00e9r\u00e9braux de l&rsquo;interaction sociale. <i>Frontiers in Human Neuroscience, 14<\/i>, 39. <a href=\"https:\/\/doi.org\/10.3389\/fnhum.2020.00039\">https:\/\/doi.org\/10.3389\/fnhum.2020.00039<\/a><\/li>\n<\/ul>\n<\/li>\n<\/ul>\n<\/div><\/div><\/div><\/div><\/div><\/div><\/div><\/section>\n","protected":false},"excerpt":{"rendered":"Introduction Avez-vous d\u00e9j\u00e0 v\u00e9cu ou vu la situation suivante ? \u00ab Le PDG veut l&rsquo;option A \u00bb. Apr\u00e8s que les deux premiers managers ont soutenu \u00ab A \u00bb, les autres se rallient rapidement (\u00ab Alors je choisis aussi A \u00bb), sans exprimer leur propre analyse. Cela correspond au fait de suivre\/imiter le groupe. Comportement gr\u00e9gaire...","protected":false},"author":2,"featured_media":2574,"parent":0,"menu_order":17,"comment_status":"closed","ping_status":"closed","template":"","meta":{"_acf_changed":false,"content-type":"","_mo_disable_npp":"","footnotes":""},"class_list":["post-2578","page","type-page","status-publish","has-post-thumbnail","hentry"],"acf":[],"aioseo_notices":[],"_links":{"self":[{"href":"https:\/\/www.o2c2.eu\/fr\/wp-json\/wp\/v2\/pages\/2578","targetHints":{"allow":["GET"]}}],"collection":[{"href":"https:\/\/www.o2c2.eu\/fr\/wp-json\/wp\/v2\/pages"}],"about":[{"href":"https:\/\/www.o2c2.eu\/fr\/wp-json\/wp\/v2\/types\/page"}],"author":[{"embeddable":true,"href":"https:\/\/www.o2c2.eu\/fr\/wp-json\/wp\/v2\/users\/2"}],"replies":[{"embeddable":true,"href":"https:\/\/www.o2c2.eu\/fr\/wp-json\/wp\/v2\/comments?post=2578"}],"version-history":[{"count":10,"href":"https:\/\/www.o2c2.eu\/fr\/wp-json\/wp\/v2\/pages\/2578\/revisions"}],"predecessor-version":[{"id":2606,"href":"https:\/\/www.o2c2.eu\/fr\/wp-json\/wp\/v2\/pages\/2578\/revisions\/2606"}],"wp:featuredmedia":[{"embeddable":true,"href":"https:\/\/www.o2c2.eu\/fr\/wp-json\/wp\/v2\/media\/2574"}],"wp:attachment":[{"href":"https:\/\/www.o2c2.eu\/fr\/wp-json\/wp\/v2\/media?parent=2578"}],"curies":[{"name":"wp","href":"https:\/\/api.w.org\/{rel}","templated":true}]}}